{"id":1022,"date":"2022-02-03T16:41:14","date_gmt":"2022-02-03T16:41:14","guid":{"rendered":"https:\/\/cancerfactfinder.org\/como-verificar\/"},"modified":"2023-03-29T20:24:02","modified_gmt":"2023-03-29T20:24:02","slug":"como-verificar","status":"publish","type":"page","link":"https:\/\/cancerfactfinder.org\/es\/como-verificar\/","title":{"rendered":"C\u00f3mo verificar"},"content":{"rendered":"<div class=\"fusion-fullwidth fullwidth-box fusion-builder-row-1 fusion-flex-container nonhundred-percent-fullwidth non-hundred-percent-height-scrolling\" style=\"background-color: rgba(255,255,255,0);background-position: center center;background-repeat: no-repeat;border-width: 0px 0px 0px 0px;border-color:#e2e2e2;border-style:solid;\" ><div class=\"fusion-builder-row fusion-row fusion-flex-align-items-flex-start\" style=\"max-width:1456px;margin-left: calc(-4% \/ 2 );margin-right: calc(-4% \/ 2 );\"><div class=\"fusion-layout-column fusion_builder_column fusion-builder-column-0 fusion_builder_column_1_1 1_1 fusion-flex-column\"><div class=\"fusion-column-wrapper fusion-flex-justify-content-flex-start fusion-content-layout-column\" style=\"background-position:left top;background-repeat:no-repeat;-webkit-background-size:cover;-moz-background-size:cover;-o-background-size:cover;background-size:cover;padding: 0px 0px 0px 0px;\"><div class=\"fusion-text fusion-text-1\"><h2 id=\"tools-to-help-you-decide-what-\">Herramientas para ayudarlo a decidir qu\u00e9 es real y qu\u00e9 no lo es<\/h2>\n<p>La informaci\u00f3n sobre el c\u00e1ncer est\u00e1 disponible en muchas fuentes. \u00bfC\u00f3mo puede decidir qu\u00e9 es verdad y qu\u00e9 no lo es? A menudo es dif\u00edcil saber qu\u00e9 informaci\u00f3n es precisa y en qu\u00e9 fuentes de informaci\u00f3n se puede confiar. Aqu\u00ed hay algunas herramientas que usamos para decidir si la informaci\u00f3n encontramos es confiable.<\/p>\n<h3 id=\"assessing-online-information\">Evaluaci\u00f3n de la informaci\u00f3n en l\u00ednea<\/h3>\n<p>Las redes sociales y otras fuentes de Internet son recursos valiosos y de f\u00e1cil acceso para que muchos de nosotros encontremos respuestas a nuestras preguntas. Abajo hay un resumen de los beneficios y las desventajas del uso de Internet para obtener informaci\u00f3n sobre la salud:<\/p>\n<\/div><div class=\"fusion-content-boxes content-boxes columns row fusion-columns-1 fusion-columns-total-1 fusion-content-boxes-1 content-boxes-icon-with-title content-left factfinder-callout-box factfinder-table\" data-animationOffset=\"top-into-view\" style=\"margin-top:;margin-bottom:;\"><style type=\"text\/css\">.fusion-content-boxes-1 .heading .content-box-heading {color:#ffffff;}\n\t\t\t\t\t.fusion-content-boxes-1 .fusion-content-box-hover .link-area-link-icon-hover .heading .content-box-heading,\n\t\t\t\t\t.fusion-content-boxes-1 .fusion-content-box-hover .link-area-link-icon-hover .heading .heading-link .content-box-heading,\n\t\t\t\t\t.fusion-content-boxes-1 .fusion-content-box-hover .link-area-box-hover .heading .content-box-heading,\n\t\t\t\t\t.fusion-content-boxes-1 .fusion-content-box-hover .link-area-box-hover .heading .heading-link .content-box-heading,\n\t\t\t\t\t.fusion-content-boxes-1 .fusion-content-box-hover .link-area-link-icon-hover.link-area-box .fusion-read-more,\n\t\t\t\t\t.fusion-content-boxes-1 .fusion-content-box-hover .link-area-link-icon-hover.link-area-box .fusion-read-more::after,\n\t\t\t\t\t.fusion-content-boxes-1 .fusion-content-box-hover .link-area-link-icon-hover.link-area-box .fusion-read-more::before,\n\t\t\t\t\t.fusion-content-boxes-1 .fusion-content-box-hover .fusion-read-more:hover:after,\n\t\t\t\t\t.fusion-content-boxes-1 .fusion-content-box-hover .fusion-read-more:hover:before,\n\t\t\t\t\t.fusion-content-boxes-1 .fusion-content-box-hover .fusion-read-more:hover,\n\t\t\t\t\t.fusion-content-boxes-1 .fusion-content-box-hover .link-area-box-hover.link-area-box .fusion-read-more,\n\t\t\t\t\t.fusion-content-boxes-1 .fusion-content-box-hover .link-area-box-hover.link-area-box .fusion-read-more::after,\n\t\t\t\t\t.fusion-content-boxes-1 .fusion-content-box-hover .link-area-box-hover.link-area-box .fusion-read-more::before,\n\t\t\t\t\t.fusion-content-boxes-1 .fusion-content-box-hover .link-area-link-icon-hover .icon .circle-no,\n\t\t\t\t\t.fusion-content-boxes-1 .heading .heading-link:hover .content-box-heading {\n\t\t\t\t\t\tcolor: #ffffff;\n\t\t\t\t\t}\n\t\t\t\t\t.fusion-content-boxes-1 .fusion-content-box-hover .link-area-box-hover .icon .circle-no {\n\t\t\t\t\t\tcolor: #ffffff !important;\n\t\t\t\t\t}.fusion-content-boxes-1 .fusion-content-box-hover .link-area-box.link-area-box-hover .fusion-content-box-button {background: #ff632a;color: #ffffff;}.fusion-content-boxes-1 .fusion-content-box-hover .link-area-box.link-area-box-hover .fusion-content-box-button .fusion-button-text {color: #ffffff;}\n\t\t\t\t\t.fusion-content-boxes-1 .fusion-content-box-hover .link-area-link-icon-hover .heading .icon > span {\n\t\t\t\t\t\tbackground-color: #ffffff !important;\n\t\t\t\t\t}\n\t\t\t\t\t.fusion-content-boxes-1 .fusion-content-box-hover .link-area-box-hover .heading .icon > span {\n\t\t\t\t\t\tborder-color: #ffffff !important;\n\t\t\t\t\t}<\/style><div class=\"fusion-column content-box-column content-box-column content-box-column-1 col-lg-12 col-md-12 col-sm-12 fusion-content-box-hover content-box-column-last content-box-column-last-in-row\"><div class=\"col content-box-wrapper content-wrapper link-area-link-icon content-icon-wrapper-yes icon-hover-animation-fade\" style=\"background-color:rgba(255,255,255,0);\" data-animationOffset=\"top-into-view\"><div class=\"heading icon-left\"><h2 class=\"content-box-heading\" style=\"font-size:24px;line-height:29px;\">Ventajas y desventajas de usar las redes sociales y el Internet para obtener informaci\u00f3n sobre salud<\/h2><\/div><div class=\"fusion-clearfix\"><\/div><div class=\"content-container\" style=\"color:#4a4e57;\">\n<table style=\"border-collapse: collapse; width: 100%;\" border=\"1\">\n<thead>\n<tr>\n<th style=\"width: 50%;\">Ventajas<\/th>\n<th style=\"width: 50%;\">Desventajas<\/th>\n<\/tr>\n<\/thead>\n<tbody>\n<tr>\n<td style=\"width: 50%;\">Aporta educaci\u00f3n y conocimiento<\/td>\n<td style=\"width: 50%;\">La informaci\u00f3n puede interpretarse incorrectamente<\/td>\n<\/tr>\n<tr>\n<td style=\"width: 50%;\">Permite que cualquier persona tenga acceso inmediato y directo a la informaci\u00f3n<\/td>\n<td style=\"width: 50%;\">Podr\u00eda debilitar la ayuda y el conocimiento que los m\u00e9dicos y otros proveedores de atenci\u00f3n m\u00e9dica podr\u00edan dar<\/td>\n<\/tr>\n<tr>\n<td style=\"width: 50%;\">Informa a las personas sobre las formas de prevenir el c\u00e1ncer, detecci\u00f3n precoz y aprender sobre nuevos tratamientos<\/td>\n<td style=\"width: 50%;\">La informaci\u00f3n err\u00f3nea puede tener como consecuencia un estilo de vida, prevenci\u00f3n u opciones de tratamiento deficientes, y puede causar da\u00f1os<\/td>\n<\/tr>\n<tr>\n<td style=\"width: 50%;\">Permite que los pacientes asuman la responsabilidad de educarse a s\u00ed mismos<\/td>\n<td style=\"width: 50%;\">Podr\u00eda generar desconfianza en los m\u00e9dicos y hacer tensa la relaci\u00f3n entre los pacientes y sus proveedores de atenci\u00f3n m\u00e9dica<\/td>\n<\/tr>\n<tr>\n<td style=\"width: 50%;\">Ayuda a promover y apoyar el uso de estrategias y tratamientos preventivos<\/td>\n<td style=\"width: 50%;\">Podr\u00eda aumentar la ansiedad<\/td>\n<\/tr>\n<tr>\n<td style=\"width: 50%;\">Capacita a los pacientes para educar a quienes los rodean<\/td>\n<td style=\"width: 50%;\">Puede difundir informaci\u00f3n err\u00f3nea<\/td>\n<\/tr>\n<\/tbody>\n<\/table>\n<p><small>Adaptado de: Welch-Cline et al. Las funciones del uso de Internet de los pacientes para obtener informaci\u00f3n sobre el c\u00e1ncer y el estado socioecon\u00f3mico en la comunicaci\u00f3n entre onc\u00f3logos y pacientes, Journal of Oncology Practice, 2007.<\/small><\/p>\n<\/div><\/div><\/div><style type=\"text\/css\">\n\t\t\t\t\t\t.fusion-content-boxes-1 .fusion-content-box-hover .heading-link:hover .icon i.circle-yes,\n\t\t\t\t\t\t.fusion-content-boxes-1 .fusion-content-box-hover .link-area-box:hover .heading-link .icon i.circle-yes,\n\t\t\t\t\t\t.fusion-content-boxes-1 .fusion-content-box-hover .link-area-link-icon-hover .heading .icon i.circle-yes,\n\t\t\t\t\t\t.fusion-content-boxes-1 .fusion-content-box-hover .link-area-box-hover .heading .icon i.circle-yes {\n\t\t\t\t\t\t\tbackground-color: #ffffff !important;\n\t\t\t\t\t\t\tborder-color: #ffffff !important;\n\t\t\t\t\t\t}<\/style><div class=\"fusion-clearfix\"><\/div><\/div><div class=\"fusion-text fusion-text-2\"><h3 id=\"doing-your-own-fact-checking\">Hacer su propia verificaci\u00f3n de datos<\/h3>\n<p>\u00bfC\u00f3mo puede filtrar las cantidades gigantescas de informaci\u00f3n y seleccionar lo que es preciso y confiable? Aqu\u00ed hay algunos pasos que se deben considerar:<\/p>\n<p><strong>Lea m\u00e1s all\u00e1 del t\u00edtulo:<\/strong> Lea el art\u00edculo completo para averiguar qu\u00e9 dice realmente el art\u00edculo. No se deje enga\u00f1ar por t\u00edtulos dram\u00e1ticos e impactantes.<\/p>\n<p><strong>Verifique:<\/strong><\/p>\n<p><em>\u00bfQui\u00e9n escribi\u00f3 esto?<\/em><br \/>\n\u00bfCu\u00e1les son las credenciales y la reputaci\u00f3n del autor? \u00bfQu\u00e9 otro trabajo tiene? \u00bfQui\u00e9n le paga? \u00bfEst\u00e1n tratando de vender algo?<\/p>\n<p><em>\u00bfQui\u00e9n lo public\u00f3?<\/em><br \/>\n\u00bfEs el patrocinador de la informaci\u00f3n alguien conocido y confiable? \u00bfProviene la informaci\u00f3n de una compa\u00f1\u00eda con fines de lucro? (<a href=\"https:\/\/cancerfactfinder.org\/es\/recursos\/\">Ver una lista de fuentes confiables<\/a>)<\/p>\n<p><em>\u00bfEs un hecho o una opini\u00f3n?<\/em><br \/>\n\u00bfTiene el autor experiencia leg\u00edtima en el \u00e1rea y presenta datos, o se centra el art\u00edculo en opiniones? \u00bfSe citan fuentes confiables? (<a href=\"https:\/\/cancerfactfinder.org\/es\/recursos\/\">Ver una lista de fuentes confiables<\/a>)<\/p>\n<p><em>\u00bfQu\u00e9 tan reciente es el art\u00edculo?<\/em><br \/>\nLos art\u00edculos m\u00e1s antiguos pueden tener informaci\u00f3n obsoleta. Si no est\u00e1 seguro, busque art\u00edculos m\u00e1s recientes.<\/p>\n<p><em>\u00bfEs una estafa?<\/em><br \/>\n\u00bfLo lleva la informaci\u00f3n a un sitio web de terceros? \u00bfLe est\u00e1n pidiendo que compre algo o d\u00e9 informaci\u00f3n personal? \u00bfEs una publicaci\u00f3n patrocinada o un anuncio?<\/p>\n<p><strong>Verifique dos veces:<\/strong> verifique las afirmaciones del art\u00edculo buscando una segunda fuente de informaci\u00f3n confiable e independiente. (<a href=\"https:\/\/cancerfactfinder.org\/es\/recursos\/\">Ver una lista de fuentes confiables<\/a>)<\/p>\n<p><strong>Estilo de redacci\u00f3n:<\/strong> No debe haber errores gramaticales ni ortogr\u00e1ficos. La escritura debe tener un estilo claro y estar editada de manera profesional.<\/p>\n<h3 id=\"the-care-checklist\">La lista de verificaci\u00f3n CARE<\/h3>\n<p>La lista de verificaci\u00f3n CARE (acr\u00f3nimo en ingl\u00e9s para Claim, Acceptable, Request, Evidence (Afirmaci\u00f3n, Aceptable, Pedir, Evidencia)) es otra forma de determinar qu\u00e9 fuentes son confiables y cu\u00e1les no:<\/p>\n<p><strong>Aplique CARE cuando vea la informaci\u00f3n:<\/strong><\/p>\n<\/div><div class=\"fusion-content-boxes content-boxes columns row fusion-columns-1 fusion-columns-total-4 fusion-content-boxes-2 content-boxes-timeline-vertical content-left content-boxes-timeline-layout content-boxes-icon-with-title factfinder-vert-contentbox fusion-delayed-animation\" data-animation-delay=\"350\" data-animationOffset=\"top-into-view\" style=\"margin-top:;margin-bottom:;\"><style type=\"text\/css\">.fusion-content-boxes-2 .heading .content-box-heading {color:#045593;}\n\t\t\t\t\t.fusion-content-boxes-2 .fusion-content-box-hover .link-area-link-icon-hover .heading .content-box-heading,\n\t\t\t\t\t.fusion-content-boxes-2 .fusion-content-box-hover .link-area-link-icon-hover .heading .heading-link .content-box-heading,\n\t\t\t\t\t.fusion-content-boxes-2 .fusion-content-box-hover .link-area-box-hover .heading .content-box-heading,\n\t\t\t\t\t.fusion-content-boxes-2 .fusion-content-box-hover .link-area-box-hover .heading .heading-link .content-box-heading,\n\t\t\t\t\t.fusion-content-boxes-2 .fusion-content-box-hover .link-area-link-icon-hover.link-area-box .fusion-read-more,\n\t\t\t\t\t.fusion-content-boxes-2 .fusion-content-box-hover .link-area-link-icon-hover.link-area-box .fusion-read-more::after,\n\t\t\t\t\t.fusion-content-boxes-2 .fusion-content-box-hover .link-area-link-icon-hover.link-area-box .fusion-read-more::before,\n\t\t\t\t\t.fusion-content-boxes-2 .fusion-content-box-hover .fusion-read-more:hover:after,\n\t\t\t\t\t.fusion-content-boxes-2 .fusion-content-box-hover .fusion-read-more:hover:before,\n\t\t\t\t\t.fusion-content-boxes-2 .fusion-content-box-hover .fusion-read-more:hover,\n\t\t\t\t\t.fusion-content-boxes-2 .fusion-content-box-hover .link-area-box-hover.link-area-box .fusion-read-more,\n\t\t\t\t\t.fusion-content-boxes-2 .fusion-content-box-hover .link-area-box-hover.link-area-box .fusion-read-more::after,\n\t\t\t\t\t.fusion-content-boxes-2 .fusion-content-box-hover .link-area-box-hover.link-area-box .fusion-read-more::before,\n\t\t\t\t\t.fusion-content-boxes-2 .fusion-content-box-hover .link-area-link-icon-hover .icon .circle-no,\n\t\t\t\t\t.fusion-content-boxes-2 .heading .heading-link:hover .content-box-heading {\n\t\t\t\t\t\tcolor: #045593;\n\t\t\t\t\t}\n\t\t\t\t\t.fusion-content-boxes-2 .fusion-content-box-hover .link-area-box-hover .icon .circle-no {\n\t\t\t\t\t\tcolor: #045593 !important;\n\t\t\t\t\t}.fusion-content-boxes-2 .fusion-content-box-hover .link-area-box.link-area-box-hover .fusion-content-box-button {background: #ff632a;color: #ffffff;}.fusion-content-boxes-2 .fusion-content-box-hover .link-area-box.link-area-box-hover .fusion-content-box-button .fusion-button-text {color: #ffffff;}\n\t\t\t\t\t.fusion-content-boxes-2 .fusion-content-box-hover .link-area-link-icon-hover .heading .icon > span {\n\t\t\t\t\t\tbackground-color: #045593 !important;\n\t\t\t\t\t}\n\t\t\t\t\t.fusion-content-boxes-2 .fusion-content-box-hover .link-area-box-hover .heading .icon > span {\n\t\t\t\t\t\tborder-color: #045593 !important;\n\t\t\t\t\t}<\/style><div class=\"fusion-column content-box-column content-box-column content-box-column-1 col-lg-12 col-md-12 col-sm-12 fusion-content-box-hover content-box-column-last-in-row\"><div class=\"col content-box-wrapper content-wrapper link-area-link-icon content-icon-wrapper-yes icon-hover-animation-none fusion-animated\" style=\"background-color:rgba(255,255,255,0);\" data-animationType=\"fadeIn\" data-animationDuration=\"0.25\" data-animationOffset=\"top-into-view\"><div class=\"heading icon-left\"><h3 class=\"content-box-heading\" style=\"font-size:24px;line-height:29px;\">Afirmaci\u00f3n<\/h3><\/div><div class=\"fusion-clearfix\"><\/div><div class=\"content-container\" style=\"color:#4a4e57;\">\n<p>\u00bfParece la afirmaci\u00f3n escandalosa, tiene informaci\u00f3n demasiado complicada, analiza principalmente curas naturales y plazos falsos (demasiado r\u00e1pido para parecer cierto)?<\/p>\n<\/div><\/div><\/div><div class=\"fusion-column content-box-column content-box-column content-box-column-2 col-lg-12 col-md-12 col-sm-12 fusion-content-box-hover content-box-column-last-in-row\"><div class=\"col content-box-wrapper content-wrapper link-area-link-icon content-icon-wrapper-yes icon-hover-animation-none fusion-animated\" style=\"background-color:rgba(255,255,255,0);\" data-animationType=\"fadeIn\" data-animationDuration=\"0.25\" data-animationOffset=\"top-into-view\"><div class=\"heading icon-left\"><h3 class=\"content-box-heading\" style=\"font-size:24px;line-height:29px;\">Aceptable<\/h3><\/div><div class=\"fusion-clearfix\"><\/div><div class=\"content-container\" style=\"color:#4a4e57;\">\n<p>Verifique la afirmaci\u00f3n con otras fuentes confiables. Revise la informaci\u00f3n para ver si hay errores gramaticales y ortogr\u00e1ficos. Los art\u00edculos profesionales tienen un estilo claro y est\u00e1n editados de manera profesional. \u00bfHay estructura en el sitio web o el art\u00edculo? \u00bfParece que el autor tiene otros escritos respetables?<\/p>\n<\/div><\/div><\/div><div class=\"fusion-column content-box-column content-box-column content-box-column-3 col-lg-12 col-md-12 col-sm-12 fusion-content-box-hover content-box-column-last-in-row\"><div class=\"col content-box-wrapper content-wrapper link-area-link-icon content-icon-wrapper-yes icon-hover-animation-none fusion-animated\" style=\"background-color:rgba(255,255,255,0);\" data-animationType=\"fadeIn\" data-animationDuration=\"0.25\" data-animationOffset=\"top-into-view\"><div class=\"heading icon-left\"><h3 class=\"content-box-heading\" style=\"font-size:24px;line-height:29px;\">Pedir<\/h3><\/div><div class=\"fusion-clearfix\"><\/div><div class=\"content-container\" style=\"color:#4a4e57;\">\n<p>\u00bfPide el sitio web\/fuente al lector que compre ciertos productos (como suplementos, remedios naturales y curas), que done o pague al sitio web? No visite sitios web de terceros solicitados por la fuente y nunca d\u00e9 informaci\u00f3n personal.<\/p>\n<\/div><\/div><\/div><div class=\"fusion-column content-box-column content-box-column content-box-column-4 col-lg-12 col-md-12 col-sm-12 fusion-content-box-hover content-box-column-last content-box-column-last-in-row\"><div class=\"col content-box-wrapper content-wrapper link-area-link-icon content-icon-wrapper-yes icon-hover-animation-none fusion-animated\" style=\"background-color:rgba(255,255,255,0);\" data-animationType=\"fadeIn\" data-animationDuration=\"0.25\" data-animationOffset=\"top-into-view\"><div class=\"heading icon-left\"><h3 class=\"content-box-heading\" style=\"font-size:24px;line-height:29px;\">Evidencia<\/h3><\/div><div class=\"fusion-clearfix\"><\/div><div class=\"content-container\" style=\"color:#4a4e57;\">\n<p>\u00bfVerifica el autor su afirmaci\u00f3n usando fuentes confiables? \u00bfCitan y mencionan d\u00f3nde se obtuvo toda la informaci\u00f3n? (Las fuentes confiables pueden terminar con .edu o .gov e incluyen hospitales y otros sitios web que son .org).<\/p>\n<\/div><\/div><\/div><style type=\"text\/css\">\n\t\t\t\t\t\t.fusion-content-boxes-2 .fusion-content-box-hover .heading-link:hover .icon i.circle-yes,\n\t\t\t\t\t\t.fusion-content-boxes-2 .fusion-content-box-hover .link-area-box:hover .heading-link .icon i.circle-yes,\n\t\t\t\t\t\t.fusion-content-boxes-2 .fusion-content-box-hover .link-area-link-icon-hover .heading .icon i.circle-yes,\n\t\t\t\t\t\t.fusion-content-boxes-2 .fusion-content-box-hover .link-area-box-hover .heading .icon i.circle-yes {\n\t\t\t\t\t\t\tbackground-color: #045593 !important;\n\t\t\t\t\t\t\tborder-color: #045593 !important;\n\t\t\t\t\t\t}<\/style><div class=\"fusion-clearfix\"><\/div><\/div><\/div><style type=\"text\/css\">.fusion-body .fusion-builder-column-0{width:100% !important;margin-top : 0px;margin-bottom : 20px;}.fusion-builder-column-0 > .fusion-column-wrapper {padding-top : 0px !important;padding-right : 0px !important;margin-right : 1.92%;padding-bottom : 0px !important;padding-left : 0px !important;margin-left : 1.92%;}@media only screen and (max-width:1024px) {.fusion-body .fusion-builder-column-0{width:100% !important;order : 0;}.fusion-builder-column-0 > .fusion-column-wrapper {margin-right : 1.92%;margin-left : 1.92%;}}@media only screen and (max-width:640px) {.fusion-body .fusion-builder-column-0{width:100% !important;order : 0;}.fusion-builder-column-0 > .fusion-column-wrapper {margin-right : 1.92%;margin-left : 1.92%;}}<\/style><\/div><\/div><style type=\"text\/css\">.fusion-body .fusion-flex-container.fusion-builder-row-1{ padding-top : 0px;margin-top : 0px;padding-right : 0px;padding-bottom : 0px;margin-bottom : 0px;padding-left : 0px;}<\/style><\/div>\n","protected":false},"excerpt":{"rendered":"","protected":false},"author":1,"featured_media":0,"parent":0,"menu_order":4,"comment_status":"closed","ping_status":"closed","template":"","meta":{"inline_featured_image":false,"footnotes":""},"aioseo_notices":[],"_links":{"self":[{"href":"https:\/\/cancerfactfinder.org\/es\/wp-json\/wp\/v2\/pages\/1022"}],"collection":[{"href":"https:\/\/cancerfactfinder.org\/es\/wp-json\/wp\/v2\/pages"}],"about":[{"href":"https:\/\/cancerfactfinder.org\/es\/wp-json\/wp\/v2\/types\/page"}],"author":[{"embeddable":true,"href":"https:\/\/cancerfactfinder.org\/es\/wp-json\/wp\/v2\/users\/1"}],"replies":[{"embeddable":true,"href":"https:\/\/cancerfactfinder.org\/es\/wp-json\/wp\/v2\/comments?post=1022"}],"version-history":[{"count":6,"href":"https:\/\/cancerfactfinder.org\/es\/wp-json\/wp\/v2\/pages\/1022\/revisions"}],"predecessor-version":[{"id":1089,"href":"https:\/\/cancerfactfinder.org\/es\/wp-json\/wp\/v2\/pages\/1022\/revisions\/1089"}],"wp:attachment":[{"href":"https:\/\/cancerfactfinder.org\/es\/wp-json\/wp\/v2\/media?parent=1022"}],"curies":[{"name":"wp","href":"https:\/\/api.w.org\/{rel}","templated":true}]}}