{"id":1049,"date":"2022-02-03T16:41:14","date_gmt":"2022-02-03T16:41:14","guid":{"rendered":"https:\/\/cancerfactfinder.org\/comment-verifier-des-informations\/"},"modified":"2023-04-13T18:56:13","modified_gmt":"2023-04-13T18:56:13","slug":"comment-verifier-des-informations","status":"publish","type":"page","link":"https:\/\/cancerfactfinder.org\/fr\/comment-verifier-des-informations\/","title":{"rendered":"Comment v\u00e9rifier des informations"},"content":{"rendered":"<div class=\"fusion-fullwidth fullwidth-box fusion-builder-row-1 fusion-flex-container nonhundred-percent-fullwidth non-hundred-percent-height-scrolling\" style=\"background-color: rgba(255,255,255,0);background-position: center center;background-repeat: no-repeat;border-width: 0px 0px 0px 0px;border-color:#e2e2e2;border-style:solid;\" ><div class=\"fusion-builder-row fusion-row fusion-flex-align-items-flex-start\" style=\"max-width:1456px;margin-left: calc(-4% \/ 2 );margin-right: calc(-4% \/ 2 );\"><div class=\"fusion-layout-column fusion_builder_column fusion-builder-column-0 fusion_builder_column_1_1 1_1 fusion-flex-column\"><div class=\"fusion-column-wrapper fusion-flex-justify-content-flex-start fusion-content-layout-column\" style=\"background-position:left top;background-repeat:no-repeat;-webkit-background-size:cover;-moz-background-size:cover;-o-background-size:cover;background-size:cover;padding: 0px 0px 0px 0px;\"><div class=\"fusion-text fusion-text-1\"><h2 id=\"tools-to-help-you-decide-what-\">Outils pour vous aider \u00e0 d\u00e9cider ce qui est factuel et ce qui ne l\u2019est pas<\/h2>\n<p>De nombreuses sources donnent des informations sur le cancer. Comment d\u00e9cider ce qui est vrai et ce qui ne l\u2019est pas\u00a0? Il est souvent difficile de savoir quelles informations sont exactes et celles qui sont dignes de confiance. Voici quelques outils que nous utilisons pour d\u00e9cider si les informations que nous avons trouv\u00e9es sont fiables.<\/p>\n<h3 id=\"assessing-online-information\">\u00c9valuation des informations en ligne<\/h3>\n<p>Pour un grand nombre d\u2019entre nous, les r\u00e9seaux sociaux et les autres sources sur Internet constituent des ressources pr\u00e9cieuses et faciles d\u2019acc\u00e8s pour trouver des r\u00e9ponses \u00e0 nos questions. Voici une synth\u00e8se des avantages et des inconv\u00e9nients de l\u2019utilisation d\u2019Internet pour trouver des informations dans le domaine de la sant\u00e9\u00a0:<\/p>\n<\/div><div class=\"fusion-content-boxes content-boxes columns row fusion-columns-1 fusion-columns-total-1 fusion-content-boxes-1 content-boxes-icon-with-title content-left factfinder-callout-box factfinder-table\" data-animationOffset=\"top-into-view\" style=\"margin-top:;margin-bottom:;\"><style type=\"text\/css\">.fusion-content-boxes-1 .heading .content-box-heading {color:#ffffff;}\n\t\t\t\t\t.fusion-content-boxes-1 .fusion-content-box-hover .link-area-link-icon-hover .heading .content-box-heading,\n\t\t\t\t\t.fusion-content-boxes-1 .fusion-content-box-hover .link-area-link-icon-hover .heading .heading-link .content-box-heading,\n\t\t\t\t\t.fusion-content-boxes-1 .fusion-content-box-hover .link-area-box-hover .heading .content-box-heading,\n\t\t\t\t\t.fusion-content-boxes-1 .fusion-content-box-hover .link-area-box-hover .heading .heading-link .content-box-heading,\n\t\t\t\t\t.fusion-content-boxes-1 .fusion-content-box-hover .link-area-link-icon-hover.link-area-box .fusion-read-more,\n\t\t\t\t\t.fusion-content-boxes-1 .fusion-content-box-hover .link-area-link-icon-hover.link-area-box .fusion-read-more::after,\n\t\t\t\t\t.fusion-content-boxes-1 .fusion-content-box-hover .link-area-link-icon-hover.link-area-box .fusion-read-more::before,\n\t\t\t\t\t.fusion-content-boxes-1 .fusion-content-box-hover .fusion-read-more:hover:after,\n\t\t\t\t\t.fusion-content-boxes-1 .fusion-content-box-hover .fusion-read-more:hover:before,\n\t\t\t\t\t.fusion-content-boxes-1 .fusion-content-box-hover .fusion-read-more:hover,\n\t\t\t\t\t.fusion-content-boxes-1 .fusion-content-box-hover .link-area-box-hover.link-area-box .fusion-read-more,\n\t\t\t\t\t.fusion-content-boxes-1 .fusion-content-box-hover .link-area-box-hover.link-area-box .fusion-read-more::after,\n\t\t\t\t\t.fusion-content-boxes-1 .fusion-content-box-hover .link-area-box-hover.link-area-box .fusion-read-more::before,\n\t\t\t\t\t.fusion-content-boxes-1 .fusion-content-box-hover .link-area-link-icon-hover .icon .circle-no,\n\t\t\t\t\t.fusion-content-boxes-1 .heading .heading-link:hover .content-box-heading {\n\t\t\t\t\t\tcolor: #ffffff;\n\t\t\t\t\t}\n\t\t\t\t\t.fusion-content-boxes-1 .fusion-content-box-hover .link-area-box-hover .icon .circle-no {\n\t\t\t\t\t\tcolor: #ffffff !important;\n\t\t\t\t\t}.fusion-content-boxes-1 .fusion-content-box-hover .link-area-box.link-area-box-hover .fusion-content-box-button {background: #ff632a;color: #ffffff;}.fusion-content-boxes-1 .fusion-content-box-hover .link-area-box.link-area-box-hover .fusion-content-box-button .fusion-button-text {color: #ffffff;}\n\t\t\t\t\t.fusion-content-boxes-1 .fusion-content-box-hover .link-area-link-icon-hover .heading .icon > span {\n\t\t\t\t\t\tbackground-color: #ffffff !important;\n\t\t\t\t\t}\n\t\t\t\t\t.fusion-content-boxes-1 .fusion-content-box-hover .link-area-box-hover .heading .icon > span {\n\t\t\t\t\t\tborder-color: #ffffff !important;\n\t\t\t\t\t}<\/style><div class=\"fusion-column content-box-column content-box-column content-box-column-1 col-lg-12 col-md-12 col-sm-12 fusion-content-box-hover content-box-column-last content-box-column-last-in-row\"><div class=\"col content-box-wrapper content-wrapper link-area-link-icon content-icon-wrapper-yes icon-hover-animation-fade\" style=\"background-color:rgba(255,255,255,0);\" data-animationOffset=\"top-into-view\"><div class=\"heading icon-left\"><h2 class=\"content-box-heading\" style=\"font-size:24px;line-height:29px;\">Avantages et inconv\u00e9nients de l\u2019utilisation des r\u00e9seaux sociaux et de l\u2019Internet pour les informations dans le domaine de la sant\u00e9<\/h2><\/div><div class=\"fusion-clearfix\"><\/div><div class=\"content-container\" style=\"color:#4a4e57;\">\n<table style=\"border-collapse: collapse; width: 100%;\" border=\"1\">\n<thead>\n<tr>\n<th style=\"width: 50%;\">Avantages<\/th>\n<th style=\"width: 50%;\">Inconv\u00e9nients<\/th>\n<\/tr>\n<\/thead>\n<tbody>\n<tr>\n<td style=\"width: 50%;\">\u00c9ducation et connaissances<\/td>\n<td style=\"width: 50%;\">L\u2019interpr\u00e9tation des informations peut \u00eatre incorrecte<\/td>\n<\/tr>\n<tr>\n<td style=\"width: 50%;\">Acc\u00e8s imm\u00e9diat et direct aux informations par tous<\/td>\n<td style=\"width: 50%;\">Pourrait saper l\u2019aide et discr\u00e9diter les connaissances que les m\u00e9decins et les autres professionnels de sant\u00e9 pourraient apporter<\/td>\n<\/tr>\n<tr>\n<td style=\"width: 50%;\">Informations sur la mani\u00e8re d\u2019\u00e9viter le cancer, de le diagnostiquer de mani\u00e8re pr\u00e9coce, et sur de nouveaux traitements.<\/td>\n<td style=\"width: 50%;\">La d\u00e9sinformation peut entra\u00eener des mauvais choix en mati\u00e8re de mode de vie, de pr\u00e9vention ou de traitement et \u00eatre pr\u00e9judiciable<\/td>\n<\/tr>\n<tr>\n<td style=\"width: 50%;\">Les patients peuvent \u00eatre les acteurs de leur \u00e9ducation<\/td>\n<td style=\"width: 50%;\">Pourrait cr\u00e9er une d\u00e9fiance par rapport aux m\u00e9decins et les relations entre les patients et les professionnels de sant\u00e9 pourraient se d\u00e9grader<\/td>\n<\/tr>\n<tr>\n<td style=\"width: 50%;\">Promotion et soutien de l\u2019utilisation de strat\u00e9gies et de traitements pr\u00e9ventifs<\/td>\n<td style=\"width: 50%;\">Pourrait renforcer l\u2019anxi\u00e9t\u00e9<\/td>\n<\/tr>\n<tr>\n<td style=\"width: 50%;\">Sensibilisation des patients pour \u00e9duquer leur entourage<\/td>\n<td style=\"width: 50%;\">Peut r\u00e9pandre la d\u00e9sinformation<\/td>\n<\/tr>\n<\/tbody>\n<\/table>\n<p><small>Adaptation de\u00a0: Welch-Cline et al. The Roles of Patients\u2019 Internet Use for Cancer Information and Socioeconomic Status in Oncologist-Patient Communication (R\u00f4le de l\u2019utilisation d\u2019Internet par les patients pour les informations sur le cancer et statut socio-\u00e9conomique dans la communication oncologue-patient), Journal of Oncology Practice, 2007.<\/small><\/p>\n<\/div><\/div><\/div><style type=\"text\/css\">\n\t\t\t\t\t\t.fusion-content-boxes-1 .fusion-content-box-hover .heading-link:hover .icon i.circle-yes,\n\t\t\t\t\t\t.fusion-content-boxes-1 .fusion-content-box-hover .link-area-box:hover .heading-link .icon i.circle-yes,\n\t\t\t\t\t\t.fusion-content-boxes-1 .fusion-content-box-hover .link-area-link-icon-hover .heading .icon i.circle-yes,\n\t\t\t\t\t\t.fusion-content-boxes-1 .fusion-content-box-hover .link-area-box-hover .heading .icon i.circle-yes {\n\t\t\t\t\t\t\tbackground-color: #ffffff !important;\n\t\t\t\t\t\t\tborder-color: #ffffff !important;\n\t\t\t\t\t\t}<\/style><div class=\"fusion-clearfix\"><\/div><\/div><div class=\"fusion-text fusion-text-2\"><h3 id=\"doing-your-own-fact-checking\">Proc\u00e9der vous-m\u00eame \u00e0 la v\u00e9rification des faits<\/h3>\n<p>Comment faire le tri dans la quantit\u00e9 \u00e9norme d\u2019informations et choisir celles qui sont exactes et fiables\u00a0? Voici quelques dispositions \u00e0 envisager\u00a0:<\/p>\n<p><strong>Ne pas se contenter du titre\u00a0:<\/strong> lisez l\u2019article dans son int\u00e9gralit\u00e9 pour d\u00e9couvrir de quoi il parle vraiment. Ne tombez pas dans le panneau des titres spectaculaires et choquants.<\/p>\n<p><strong>Posez-vous les questions suivantes\u00a0:<\/strong><\/p>\n<p><em>Qui est l\u2019auteur(e) de l\u2019article\u00a0?<\/em><br \/>\nQuelles sont les r\u00e9f\u00e9rences et la r\u00e9putation de l\u2019auteur(e)\u00a0? Quels sont ses autres travaux\u00a0? Qui le (la) paye\u00a0? Essaye-t-il (elle) de vendre quelque chose\u00a0?<\/p>\n<p><em>Qui l\u2019a publi\u00e9\u00a0?<\/em><br \/>\nLe sponsor de l\u2019information est-il connu et digne de confiance\u00a0? L\u2019information provient-elle d\u2019une soci\u00e9t\u00e9 \u00e0 but lucratif\u00a0? (<a href=\"https:\/\/cancerfactfinder.org\/fr\/les-ressources\/\">Voir une liste de sources fiables<\/a>)<\/p>\n<p><em>S\u2019agit-il de faits ou d\u2019une opinion\u00a0?<\/em><br \/>\nL\u2019auteur(e) poss\u00e8de-t-il (elle) une expertise l\u00e9gitime dans le domaine et pr\u00e9sente-t-il (elle) des donn\u00e9es ou l\u2019article est-il fond\u00e9 sur des opinions\u00a0? Cite-t-il (elle) des sources fiables\u00a0? (<a href=\"https:\/\/cancerfactfinder.org\/fr\/les-ressources\/\">Voir une liste de sources fiables<\/a>)<\/p>\n<p><em>L\u2019article est-il r\u00e9cent\u00a0?<\/em><br \/>\nDes articles plus anciens peuvent contenir des informations obsol\u00e8tes. Dans l\u2019incertitude, recherchez des articles plus r\u00e9cents.<\/p>\n<p><em>S\u2019agit-il d\u2019une arnaque\u00a0?<\/em><br \/>\nLes informations vous orientent-elles vers un site Internet tiers\u00a0? Vous demande-t-on d\u2019acheter quelque chose ou de fournir des donn\u00e9es personnelles\u00a0? S\u2019agit-il d\u2019un message sponsoris\u00e9 ou d\u2019une publicit\u00e9\u00a0?<\/p>\n<p><strong>Double-v\u00e9rification\u00a0:<\/strong> v\u00e9rifiez les affirmations de l\u2019article en trouvant une deuxi\u00e8me source d\u2019informations ind\u00e9pendante et fiable. (<a href=\"https:\/\/cancerfactfinder.org\/fr\/les-ressources\/\">Voir une liste de sources fiables<\/a>)<\/p>\n<p><strong>Style d\u2019\u00e9criture\u00a0:<\/strong> l\u2019article ne doit contenir aucune erreur de grammaire ou d\u2019orthographe. L\u2019\u00e9criture doit \u00eatre dans un style clair et les informations doivent \u00eatre r\u00e9vis\u00e9es par des professionnels.<\/p>\n<h3 id=\"the-care-checklist\">V\u00e9rification avec PR\u00c9CAUTION<\/h3>\n<p>La v\u00e9rification avec PR\u00c9CAUTION est un autre moyen de diff\u00e9rencier les sources fiables de celles qui ne le sont pas\u00a0:<\/p>\n<p><strong>Prenez des PR\u00c9CAUTIONS lorsque vous consultez des informations\u00a0:<\/strong><\/p>\n<\/div><div class=\"fusion-content-boxes content-boxes columns row fusion-columns-1 fusion-columns-total-4 fusion-content-boxes-2 content-boxes-timeline-vertical content-left content-boxes-timeline-layout content-boxes-icon-with-title factfinder-vert-contentbox fusion-delayed-animation\" data-animation-delay=\"350\" data-animationOffset=\"top-into-view\" style=\"margin-top:;margin-bottom:;\"><style type=\"text\/css\">.fusion-content-boxes-2 .heading .content-box-heading {color:#045593;}\n\t\t\t\t\t.fusion-content-boxes-2 .fusion-content-box-hover .link-area-link-icon-hover .heading .content-box-heading,\n\t\t\t\t\t.fusion-content-boxes-2 .fusion-content-box-hover .link-area-link-icon-hover .heading .heading-link .content-box-heading,\n\t\t\t\t\t.fusion-content-boxes-2 .fusion-content-box-hover .link-area-box-hover .heading .content-box-heading,\n\t\t\t\t\t.fusion-content-boxes-2 .fusion-content-box-hover .link-area-box-hover .heading .heading-link .content-box-heading,\n\t\t\t\t\t.fusion-content-boxes-2 .fusion-content-box-hover .link-area-link-icon-hover.link-area-box .fusion-read-more,\n\t\t\t\t\t.fusion-content-boxes-2 .fusion-content-box-hover .link-area-link-icon-hover.link-area-box .fusion-read-more::after,\n\t\t\t\t\t.fusion-content-boxes-2 .fusion-content-box-hover .link-area-link-icon-hover.link-area-box .fusion-read-more::before,\n\t\t\t\t\t.fusion-content-boxes-2 .fusion-content-box-hover .fusion-read-more:hover:after,\n\t\t\t\t\t.fusion-content-boxes-2 .fusion-content-box-hover .fusion-read-more:hover:before,\n\t\t\t\t\t.fusion-content-boxes-2 .fusion-content-box-hover .fusion-read-more:hover,\n\t\t\t\t\t.fusion-content-boxes-2 .fusion-content-box-hover .link-area-box-hover.link-area-box .fusion-read-more,\n\t\t\t\t\t.fusion-content-boxes-2 .fusion-content-box-hover .link-area-box-hover.link-area-box .fusion-read-more::after,\n\t\t\t\t\t.fusion-content-boxes-2 .fusion-content-box-hover .link-area-box-hover.link-area-box .fusion-read-more::before,\n\t\t\t\t\t.fusion-content-boxes-2 .fusion-content-box-hover .link-area-link-icon-hover .icon .circle-no,\n\t\t\t\t\t.fusion-content-boxes-2 .heading .heading-link:hover .content-box-heading {\n\t\t\t\t\t\tcolor: #045593;\n\t\t\t\t\t}\n\t\t\t\t\t.fusion-content-boxes-2 .fusion-content-box-hover .link-area-box-hover .icon .circle-no {\n\t\t\t\t\t\tcolor: #045593 !important;\n\t\t\t\t\t}.fusion-content-boxes-2 .fusion-content-box-hover .link-area-box.link-area-box-hover .fusion-content-box-button {background: #ff632a;color: #ffffff;}.fusion-content-boxes-2 .fusion-content-box-hover .link-area-box.link-area-box-hover .fusion-content-box-button .fusion-button-text {color: #ffffff;}\n\t\t\t\t\t.fusion-content-boxes-2 .fusion-content-box-hover .link-area-link-icon-hover .heading .icon > span {\n\t\t\t\t\t\tbackground-color: #045593 !important;\n\t\t\t\t\t}\n\t\t\t\t\t.fusion-content-boxes-2 .fusion-content-box-hover .link-area-box-hover .heading .icon > span {\n\t\t\t\t\t\tborder-color: #045593 !important;\n\t\t\t\t\t}<\/style><div class=\"fusion-column content-box-column content-box-column content-box-column-1 col-lg-12 col-md-12 col-sm-12 fusion-content-box-hover content-box-column-last-in-row\"><div class=\"col content-box-wrapper content-wrapper link-area-link-icon content-icon-wrapper-yes icon-hover-animation-none fusion-animated\" style=\"background-color:rgba(255,255,255,0);\" data-animationType=\"fadeIn\" data-animationDuration=\"0.25\" data-animationOffset=\"top-into-view\"><div class=\"heading icon-left\"><h3 class=\"content-box-heading\" style=\"font-size:24px;line-height:29px;\">Affirmation<\/h3><\/div><div class=\"fusion-clearfix\"><\/div><div class=\"content-container\" style=\"color:#4a4e57;\">\n<p>L\u2019affirmation semble-t-elle extravagante, les informations sont-elles trop compliqu\u00e9es, la discussion porte-t-elle principalement sur des rem\u00e8des naturels et les d\u00e9lais sont-ils trompeurs (trop rapides pour \u00eatre vrais) ?<\/p>\n<\/div><\/div><\/div><div class=\"fusion-column content-box-column content-box-column content-box-column-2 col-lg-12 col-md-12 col-sm-12 fusion-content-box-hover content-box-column-last-in-row\"><div class=\"col content-box-wrapper content-wrapper link-area-link-icon content-icon-wrapper-yes icon-hover-animation-none fusion-animated\" style=\"background-color:rgba(255,255,255,0);\" data-animationType=\"fadeIn\" data-animationDuration=\"0.25\" data-animationOffset=\"top-into-view\"><div class=\"heading icon-left\"><h3 class=\"content-box-heading\" style=\"font-size:24px;line-height:29px;\">Acceptable<\/h3><\/div><div class=\"fusion-clearfix\"><\/div><div class=\"content-container\" style=\"color:#4a4e57;\">\n<p>V\u00e9rifiez l\u2019affirmation en consultant d\u2019autres sources r\u00e9put\u00e9es. Recherchez les erreurs de grammaire ou d\u2019orthographe dans l\u2019information. Les articles professionnels ont un style clair et les informations sont r\u00e9vis\u00e9es par des professionnels. Le site Internet ou l\u2019article a-t-il une structure ? Semble-t-il que l\u2019auteur(e) ait publi\u00e9 d\u2019autres articles fiables ?<\/p>\n<\/div><\/div><\/div><div class=\"fusion-column content-box-column content-box-column content-box-column-3 col-lg-12 col-md-12 col-sm-12 fusion-content-box-hover content-box-column-last-in-row\"><div class=\"col content-box-wrapper content-wrapper link-area-link-icon content-icon-wrapper-yes icon-hover-animation-none fusion-animated\" style=\"background-color:rgba(255,255,255,0);\" data-animationType=\"fadeIn\" data-animationDuration=\"0.25\" data-animationOffset=\"top-into-view\"><div class=\"heading icon-left\"><h3 class=\"content-box-heading\" style=\"font-size:24px;line-height:29px;\">Demande<\/h3><\/div><div class=\"fusion-clearfix\"><\/div><div class=\"content-container\" style=\"color:#4a4e57;\">\n<p>Le site Internet\/l\u2019article demande-t-il au lecteur (\u00e0 la lectrice) d\u2019acheter certains produits (tels que des compl\u00e9ments alimentaires, des rem\u00e8des naturels et des cures), de faire un don ou de payer pour consulter le site Internet\u00a0? Ne consultez pas des sites Internet tiers propos\u00e9s par la source et ne fournissez jamais de donn\u00e9es personnelles.<\/p>\n<\/div><\/div><\/div><div class=\"fusion-column content-box-column content-box-column content-box-column-4 col-lg-12 col-md-12 col-sm-12 fusion-content-box-hover content-box-column-last content-box-column-last-in-row\"><div class=\"col content-box-wrapper content-wrapper link-area-link-icon content-icon-wrapper-yes icon-hover-animation-none fusion-animated\" style=\"background-color:rgba(255,255,255,0);\" data-animationType=\"fadeIn\" data-animationDuration=\"0.25\" data-animationOffset=\"top-into-view\"><div class=\"heading icon-left\"><h3 class=\"content-box-heading\" style=\"font-size:24px;line-height:29px;\">Preuves<\/h3><\/div><div class=\"fusion-clearfix\"><\/div><div class=\"content-container\" style=\"color:#4a4e57;\">\n<p>L\u2019auteur(e) v\u00e9rifie-t-il (elle) son affirmation en utilisant des sources fiables ? Cite-t-il (elle) et mentionne-t-il (elle) la source de toutes ses informations ? (Les sources fiables peuvent se terminer par .edu ou .gov et sont notamment le site Internet d\u2019un h\u00f4pital ou d\u2019autres sites se terminant en .org.)<\/p>\n<\/div><\/div><\/div><style type=\"text\/css\">\n\t\t\t\t\t\t.fusion-content-boxes-2 .fusion-content-box-hover .heading-link:hover .icon i.circle-yes,\n\t\t\t\t\t\t.fusion-content-boxes-2 .fusion-content-box-hover .link-area-box:hover .heading-link .icon i.circle-yes,\n\t\t\t\t\t\t.fusion-content-boxes-2 .fusion-content-box-hover .link-area-link-icon-hover .heading .icon i.circle-yes,\n\t\t\t\t\t\t.fusion-content-boxes-2 .fusion-content-box-hover .link-area-box-hover .heading .icon i.circle-yes {\n\t\t\t\t\t\t\tbackground-color: #045593 !important;\n\t\t\t\t\t\t\tborder-color: #045593 !important;\n\t\t\t\t\t\t}<\/style><div class=\"fusion-clearfix\"><\/div><\/div><\/div><style type=\"text\/css\">.fusion-body .fusion-builder-column-0{width:100% !important;margin-top : 0px;margin-bottom : 20px;}.fusion-builder-column-0 > .fusion-column-wrapper {padding-top : 0px !important;padding-right : 0px !important;margin-right : 1.92%;padding-bottom : 0px !important;padding-left : 0px !important;margin-left : 1.92%;}@media only screen and (max-width:1024px) {.fusion-body .fusion-builder-column-0{width:100% !important;order : 0;}.fusion-builder-column-0 > .fusion-column-wrapper {margin-right : 1.92%;margin-left : 1.92%;}}@media only screen and (max-width:640px) {.fusion-body .fusion-builder-column-0{width:100% !important;order : 0;}.fusion-builder-column-0 > .fusion-column-wrapper {margin-right : 1.92%;margin-left : 1.92%;}}<\/style><\/div><\/div><style type=\"text\/css\">.fusion-body .fusion-flex-container.fusion-builder-row-1{ padding-top : 0px;margin-top : 0px;padding-right : 0px;padding-bottom : 0px;margin-bottom : 0px;padding-left : 0px;}<\/style><\/div>\n","protected":false},"excerpt":{"rendered":"","protected":false},"author":1,"featured_media":0,"parent":0,"menu_order":4,"comment_status":"closed","ping_status":"closed","template":"","meta":{"inline_featured_image":false,"footnotes":""},"aioseo_notices":[],"_links":{"self":[{"href":"https:\/\/cancerfactfinder.org\/fr\/wp-json\/wp\/v2\/pages\/1049"}],"collection":[{"href":"https:\/\/cancerfactfinder.org\/fr\/wp-json\/wp\/v2\/pages"}],"about":[{"href":"https:\/\/cancerfactfinder.org\/fr\/wp-json\/wp\/v2\/types\/page"}],"author":[{"embeddable":true,"href":"https:\/\/cancerfactfinder.org\/fr\/wp-json\/wp\/v2\/users\/1"}],"replies":[{"embeddable":true,"href":"https:\/\/cancerfactfinder.org\/fr\/wp-json\/wp\/v2\/comments?post=1049"}],"version-history":[{"count":7,"href":"https:\/\/cancerfactfinder.org\/fr\/wp-json\/wp\/v2\/pages\/1049\/revisions"}],"predecessor-version":[{"id":4367,"href":"https:\/\/cancerfactfinder.org\/fr\/wp-json\/wp\/v2\/pages\/1049\/revisions\/4367"}],"wp:attachment":[{"href":"https:\/\/cancerfactfinder.org\/fr\/wp-json\/wp\/v2\/media?parent=1049"}],"curies":[{"name":"wp","href":"https:\/\/api.w.org\/{rel}","templated":true}]}}