{"id":1088,"date":"2022-02-03T17:13:21","date_gmt":"2022-02-03T17:13:21","guid":{"rendered":"https:\/\/cancerfactfinder.org\/les-ressources\/"},"modified":"2023-04-13T18:50:11","modified_gmt":"2023-04-13T18:50:11","slug":"les-ressources","status":"publish","type":"page","link":"https:\/\/cancerfactfinder.org\/fr\/les-ressources\/","title":{"rendered":"Les ressources"},"content":{"rendered":"<div class=\"fusion-fullwidth fullwidth-box fusion-builder-row-1 fusion-flex-container nonhundred-percent-fullwidth non-hundred-percent-height-scrolling\" style=\"background-color: rgba(255,255,255,0);background-position: center center;background-repeat: no-repeat;border-width: 0px 0px 0px 0px;border-color:#e2e2e2;border-style:solid;\" ><div class=\"fusion-builder-row fusion-row fusion-flex-align-items-flex-start\" style=\"max-width:1456px;margin-left: calc(-4% \/ 2 );margin-right: calc(-4% \/ 2 );\"><div class=\"fusion-layout-column fusion_builder_column fusion-builder-column-0 fusion_builder_column_1_1 1_1 fusion-flex-column\"><div class=\"fusion-column-wrapper fusion-flex-justify-content-flex-start fusion-content-layout-column\" style=\"background-position:left top;background-repeat:no-repeat;-webkit-background-size:cover;-moz-background-size:cover;-o-background-size:cover;background-size:cover;padding: 0px 16px 0px 0px;\"><div class=\"fusion-text fusion-text-1\"><h2 id=\"links-to-reliable-sources-of-o\">Liens vers des sources fiables d\u2019informations en ligne sur le cancer<\/h2>\n<p>Alors que la d\u00e9sinformation foisonne sur Internet, il existe des sources fiables d\u2019informations sur le cancer auxquelles vous pouvez vous fier. Voici celles que nous privil\u00e9gions\u00a0:<\/p>\n<p><a href=\"http:\/\/www.cancer.org\" target=\"_blank\" rel=\"noopener\">Soci\u00e9t\u00e9 am\u00e9ricaine du cancer (American Cancer Society, ACS)<\/a><\/p>\n<p><a href=\"http:\/\/www.cdc.gov\" target=\"_blank\" rel=\"noopener\">Centres pour le contr\u00f4le et la pr\u00e9vention des maladies (Centers for Disease Control and Prevention, CDC)<\/a><\/p>\n<p><a href=\"http:\/\/www.aacr.org\" target=\"_blank\" rel=\"noopener\">Association am\u00e9ricaine pour la recherche sur le cancer (American Association for Cancer Research, AACR)<\/a><\/p>\n<p><a href=\"http:\/\/www.aicr.org\" target=\"_blank\" rel=\"noopener\">Institut national du cancer am\u00e9ricain (American Institute for Cancer Research)<\/a><\/p>\n<p><a href=\"https:\/\/www.cancerresearchuk.org\" target=\"_blank\" rel=\"noopener\">Cancer Research UK (Recherche sur le cancer au Royaume-Uni)<\/a><\/p>\n<p><a href=\"http:\/\/www.danafarber.org\" target=\"_blank\" rel=\"noopener\">Dana-Farber Cancer Institute<\/a><\/p>\n<p><a href=\"https:\/\/www.iarc.who.int\" target=\"_blank\" rel=\"noopener\">Centre international de Recherche sur le Cancer (CIRC)<\/a><\/p>\n<p><a href=\"https:\/\/www.cancer.gov\" target=\"_blank\" rel=\"noopener\">Institut national du cancer (National Cancer Institute, NCI)<\/a><\/p>\n<p><a href=\"https:\/\/www.niehs.nih.gov\" target=\"_blank\" rel=\"noopener\">National Institute for Environmental Health Sciences (NIEHS) (Institut national des sciences de la sant\u00e9 et de l\u2019environnement)<\/a><\/p>\n<p><a href=\"https:\/\/www.silentspring.org\" target=\"_blank\" rel=\"noopener\">Silent Spring Institute<\/a><\/p>\n<p><a href=\"https:\/\/www.uicc.org\" target=\"_blank\" rel=\"noopener\">Union Internationale contre le Cancer (UICC)<\/a><\/p>\n<p><a href=\"https:\/\/www.wcrf.org\" target=\"_blank\" rel=\"noopener\">Fonds mondial de recherche contre le cancer (FMRC)<\/a><\/p>\n<h2 id=\"exposures-occupations-and-othe\">Expositions, occupations et autres facteurs li\u00e9s au cancer<\/h2>\n<p>Le Centre international de Recherche sur le Cancer (CIRC) d\u00e9termine si les expositions, les compos\u00e9s, les nutriments, les occupations et autres expositions sont susceptibles de causer le cancer. Il a divis\u00e9 les expositions qui sont causes potentielles de cancer en groupes, en fonction de la solidit\u00e9 des donn\u00e9es scientifiques.<\/p>\n<p>Le syst\u00e8me de classification du CIRC est diff\u00e9rent de celui qui est pr\u00e9sent\u00e9 dans le site FactFinder sur le cancer, car il tient compte d\u2019une \u00e9tude scientifique d\u2019expositions et occupations sp\u00e9cifiques, alors que le site FactFinder se concentre sur un moins grand nombre de sujets pouvant int\u00e9resser le grand public, notamment des th\u00e8mes qui pourraient faire l\u2019objet de d\u00e9sinformation.<\/p>\n<p>Les informations fournies par le CIRC peuvent \u00eatre difficiles \u00e0 comprendre pour le grand public, mais elles repr\u00e9sentent les meilleures preuves disponibles d\u2019un lien possible ou pas entre un facteur de risque et une exposition d\u2019une part et le cancer d\u2019autre part. La majorit\u00e9 des sujets \u00e9tudi\u00e9s par le CIRC ne sont pas abord\u00e9s sur le site FactFinder.<\/p>\n<p>Une exposition \u00e0 un \u00e9l\u00e9ment cit\u00e9 dans la liste du CIRC qui est susceptible de causer le cancer ne signifie pas n\u00e9cessairement que vous serez atteint(e) d\u2019un cancer. Cela signifie simplement qu\u2019il existe des preuves que vous pourriez courir plus de risques d\u2019avoir un cancer, que nous n\u2019avons pas la certitude que l\u2019exposition cause le cancer et que plus de cancers sont susceptibles d\u2019\u00eatre diagnostiqu\u00e9s dans les populations expos\u00e9es. Le CIRC n\u2019a pas de cat\u00e9gorie pour \u00ab ne cause jamais le cancer \u00bb, mais le Centre indique si un agent chimique a bien \u00e9t\u00e9 \u00e9tudi\u00e9 sans trouver de preuves qu\u2019il cause le cancer.<\/p>\n<p>En r\u00e8gle g\u00e9n\u00e9rale, on estime que les expositions causent un type de cancer sp\u00e9cifique ou plusieurs. Par exemple, il est indubitable que le tabagisme peut causer un cancer des poumons. Par cons\u00e9quent, le tabagisme est r\u00e9pertori\u00e9 dans le \u00ab\u00a0Groupe\u00a01\u00a0\u00bb comme \u00ab\u00a0canc\u00e9rog\u00e8ne pour l\u2019homme\u00a0\u00bb.<\/p>\n<p>Certains \u00e9l\u00e9ments de la liste sont des expositions auxquelles nous avons tous \u00e9t\u00e9 confront\u00e9s. Par exemple, l\u2019exposition au soleil est connue comme cause du cancer de la peau et elle est r\u00e9pertori\u00e9e par le CIRC dans le groupe\u00a01. Cependant, certaines expositions au soleil peuvent \u00eatre b\u00e9n\u00e9fiques (comme l\u2019apport suffisant en vitamine D) et pratiquer une activit\u00e9 physique en ext\u00e9rieur, au soleil, pr\u00e9sente aussi des avantages pour la sant\u00e9. Par cons\u00e9quent, les groupes du CIRC ne sont pas des directives. Elles ne disent pas si ou quand une exposition limit\u00e9e \u00e0 certains \u00e9l\u00e9ments de la liste est acceptable ou comment guider nos choix pour peser les avantages et les inconv\u00e9nients de l\u2019exposition.<\/p>\n<\/div><div class=\"fusion-content-boxes content-boxes columns row fusion-columns-1 fusion-columns-total-1 fusion-content-boxes-1 content-boxes-icon-with-title content-left factfinder-callout-box factfinder-table\" data-animationOffset=\"top-into-view\" style=\"margin-top:;margin-bottom:;\"><style type=\"text\/css\">.fusion-content-boxes-1 .heading .content-box-heading {color:#ffffff;}\n\t\t\t\t\t.fusion-content-boxes-1 .fusion-content-box-hover .link-area-link-icon-hover .heading .content-box-heading,\n\t\t\t\t\t.fusion-content-boxes-1 .fusion-content-box-hover .link-area-link-icon-hover .heading .heading-link .content-box-heading,\n\t\t\t\t\t.fusion-content-boxes-1 .fusion-content-box-hover .link-area-box-hover .heading .content-box-heading,\n\t\t\t\t\t.fusion-content-boxes-1 .fusion-content-box-hover .link-area-box-hover .heading .heading-link .content-box-heading,\n\t\t\t\t\t.fusion-content-boxes-1 .fusion-content-box-hover .link-area-link-icon-hover.link-area-box .fusion-read-more,\n\t\t\t\t\t.fusion-content-boxes-1 .fusion-content-box-hover .link-area-link-icon-hover.link-area-box .fusion-read-more::after,\n\t\t\t\t\t.fusion-content-boxes-1 .fusion-content-box-hover .link-area-link-icon-hover.link-area-box .fusion-read-more::before,\n\t\t\t\t\t.fusion-content-boxes-1 .fusion-content-box-hover .fusion-read-more:hover:after,\n\t\t\t\t\t.fusion-content-boxes-1 .fusion-content-box-hover .fusion-read-more:hover:before,\n\t\t\t\t\t.fusion-content-boxes-1 .fusion-content-box-hover .fusion-read-more:hover,\n\t\t\t\t\t.fusion-content-boxes-1 .fusion-content-box-hover .link-area-box-hover.link-area-box .fusion-read-more,\n\t\t\t\t\t.fusion-content-boxes-1 .fusion-content-box-hover .link-area-box-hover.link-area-box .fusion-read-more::after,\n\t\t\t\t\t.fusion-content-boxes-1 .fusion-content-box-hover .link-area-box-hover.link-area-box .fusion-read-more::before,\n\t\t\t\t\t.fusion-content-boxes-1 .fusion-content-box-hover .link-area-link-icon-hover .icon .circle-no,\n\t\t\t\t\t.fusion-content-boxes-1 .heading .heading-link:hover .content-box-heading {\n\t\t\t\t\t\tcolor: #ffffff;\n\t\t\t\t\t}\n\t\t\t\t\t.fusion-content-boxes-1 .fusion-content-box-hover .link-area-box-hover .icon .circle-no {\n\t\t\t\t\t\tcolor: #ffffff !important;\n\t\t\t\t\t}.fusion-content-boxes-1 .fusion-content-box-hover .link-area-box.link-area-box-hover .fusion-content-box-button {background: #ff632a;color: #ffffff;}.fusion-content-boxes-1 .fusion-content-box-hover .link-area-box.link-area-box-hover .fusion-content-box-button .fusion-button-text {color: #ffffff;}\n\t\t\t\t\t.fusion-content-boxes-1 .fusion-content-box-hover .link-area-link-icon-hover .heading .icon > span {\n\t\t\t\t\t\tbackground-color: #ffffff !important;\n\t\t\t\t\t}\n\t\t\t\t\t.fusion-content-boxes-1 .fusion-content-box-hover .link-area-box-hover .heading .icon > span {\n\t\t\t\t\t\tborder-color: #ffffff !important;\n\t\t\t\t\t}<\/style><div class=\"fusion-column content-box-column content-box-column content-box-column-1 col-lg-12 col-md-12 col-sm-12 fusion-content-box-hover content-box-column-last content-box-column-last-in-row\"><div class=\"col content-box-wrapper content-wrapper link-area-link-icon content-icon-wrapper-yes icon-hover-animation-fade\" style=\"background-color:rgba(255,255,255,0);\" data-animationOffset=\"top-into-view\"><div class=\"heading icon-left\"><h2 class=\"content-box-heading\" style=\"font-size:24px;line-height:29px;\">Syst\u00e8me de classification des canc\u00e9rog\u00e8nes du Centre international de Recherche sur le Cancer <\/h2><\/div><div class=\"fusion-clearfix\"><\/div><div class=\"content-container\" style=\"color:#4a4e57;\">\n<table style=\"border-collapse: collapse; width: 100%;\" border=\"1\">\n<thead>\n<tr>\n<th style=\"width: 10%;\">Groupe du CIRC<\/th>\n<th style=\"width: 10%;\">D\u00e9finition du CIRC<\/th>\n<th style=\"width: 20%;\">Nombre d\u2019\u00e9l\u00e9ments par groupe<\/th>\n<th style=\"width: 30%;\">Signification<\/th>\n<th style=\"width: 30%;\">Exemples<\/th>\n<\/tr>\n<\/thead>\n<tbody>\n<tr>\n<td style=\"width: 10%;\">1<\/td>\n<td style=\"width: 10%;\">Agent canc\u00e9rog\u00e8ne pour l\u2019homme<\/td>\n<td style=\"width: 20%;\">121<\/td>\n<td style=\"width: 30%;\">Limitez l\u2019exposition \u00e0 ces agents afin de r\u00e9duire votre risque de cancer.<\/td>\n<td style=\"width: 30%;\">Consommation d\u2019alcool, gaz d\u2019\u00e9chappement des moteurs diesel, exposition au soleil, pollution de l\u2019air, benz\u00e8ne, infection au PVH, tabagisme et utilisation du tabac sans fum\u00e9e<\/td>\n<\/tr>\n<tr>\n<td style=\"width: 10%;\">2A<\/td>\n<td style=\"width: 10%;\">Agent probablement canc\u00e9rog\u00e8ne pour l\u2019homme<\/td>\n<td style=\"width: 20%;\">90<\/td>\n<td style=\"width: 30%;\">L\u2019exposition est susceptible de causer un cancer.<\/td>\n<td style=\"width: 30%;\">Consommation de viande rouge, travail de nuit, glyphosate (Round Up)<\/td>\n<\/tr>\n<tr>\n<td style=\"width: 10%;\">2B<\/td>\n<td style=\"width: 10%;\">Agent peut-\u00eatre canc\u00e9rog\u00e8ne pour l\u2019homme<\/td>\n<td style=\"width: 20%;\">322<\/td>\n<td style=\"width: 30%;\">Il existe des preuves que ces \u00e9l\u00e9ments causent le cancer, mais les donn\u00e9es ne sont pas encore probantes.<\/td>\n<td style=\"width: 30%;\">Diesel, diesel marin, m\u00e9tier de pompier, travail dans un pressing<\/td>\n<\/tr>\n<tr>\n<td style=\"width: 10%;\">3<\/td>\n<td style=\"width: 10%;\">L\u2019agent ne peut \u00eatre class\u00e9 du point de vue de sa canc\u00e9rog\u00e9nicit\u00e9 pour l\u2019homme<\/td>\n<td style=\"width: 20%;\">498<\/td>\n<td style=\"width: 30%;\">Les preuves sont insuffisantes pour affirmer ou pas que ces \u00e9l\u00e9ments causent le cancer. Il peut exister des donn\u00e9es qui sugg\u00e8rent que l\u2019exposition ne cause pas le cancer, voire qu\u2019elle r\u00e9duit le risque de certains cancers (comme la consommation de caf\u00e9). Des travaux suppl\u00e9mentaires seront n\u00e9cessaires afin d\u2019\u00e9mettre une conclusion et les donn\u00e9es sont insuffisantes pour modifier votre mode de vie.<\/td>\n<td style=\"width: 30%;\">Certains produits de coloration capillaire, consommation de caf\u00e9, caf\u00e9ine, eau potable chlor\u00e9e, th\u00e9, sel de table, \u00e9clairage fluorescent<\/td>\n<\/tr>\n<\/tbody>\n<\/table>\n<p><strong><a href=\"https:\/\/monographs.iarc.who.int\/agents-classified-by-the-iarc\/\" target=\"_blank\" rel=\"noopener\">Consultez la liste compl\u00e8te des canc\u00e9rog\u00e8nes du CIRC <\/a><\/strong><\/p>\n<\/div><\/div><\/div><style type=\"text\/css\">\n\t\t\t\t\t\t.fusion-content-boxes-1 .fusion-content-box-hover .heading-link:hover .icon i.circle-yes,\n\t\t\t\t\t\t.fusion-content-boxes-1 .fusion-content-box-hover .link-area-box:hover .heading-link .icon i.circle-yes,\n\t\t\t\t\t\t.fusion-content-boxes-1 .fusion-content-box-hover .link-area-link-icon-hover .heading .icon i.circle-yes,\n\t\t\t\t\t\t.fusion-content-boxes-1 .fusion-content-box-hover .link-area-box-hover .heading .icon i.circle-yes {\n\t\t\t\t\t\t\tbackground-color: #ffffff !important;\n\t\t\t\t\t\t\tborder-color: #ffffff !important;\n\t\t\t\t\t\t}<\/style><div class=\"fusion-clearfix\"><\/div><\/div><\/div><style type=\"text\/css\">.fusion-body .fusion-builder-column-0{width:100% !important;margin-top : 0px;margin-bottom : 0px;}.fusion-builder-column-0 > .fusion-column-wrapper {padding-top : 0px !important;padding-right : 16px !important;margin-right : 1.92%;padding-bottom : 0px !important;padding-left : 0px !important;margin-left : 1.92%;}@media only screen and (max-width:1024px) {.fusion-body .fusion-builder-column-0{width:100% !important;order : 0;}.fusion-builder-column-0 > .fusion-column-wrapper {margin-right : 1.92%;margin-left : 1.92%;}}@media only screen and (max-width:640px) {.fusion-body .fusion-builder-column-0{width:100% !important;order : 0;}.fusion-builder-column-0 > .fusion-column-wrapper {margin-right : 1.92%;margin-left : 1.92%;}}<\/style><\/div><\/div><style type=\"text\/css\">.fusion-body .fusion-flex-container.fusion-builder-row-1{ padding-top : 0px;margin-top : 0px;padding-right : 0px;padding-bottom : 0px;margin-bottom : 0px;padding-left : 0px;}<\/style><\/div>\n","protected":false},"excerpt":{"rendered":"","protected":false},"author":1,"featured_media":0,"parent":0,"menu_order":5,"comment_status":"closed","ping_status":"closed","template":"","meta":{"inline_featured_image":false,"footnotes":""},"aioseo_notices":[],"_links":{"self":[{"href":"https:\/\/cancerfactfinder.org\/fr\/wp-json\/wp\/v2\/pages\/1088"}],"collection":[{"href":"https:\/\/cancerfactfinder.org\/fr\/wp-json\/wp\/v2\/pages"}],"about":[{"href":"https:\/\/cancerfactfinder.org\/fr\/wp-json\/wp\/v2\/types\/page"}],"author":[{"embeddable":true,"href":"https:\/\/cancerfactfinder.org\/fr\/wp-json\/wp\/v2\/users\/1"}],"replies":[{"embeddable":true,"href":"https:\/\/cancerfactfinder.org\/fr\/wp-json\/wp\/v2\/comments?post=1088"}],"version-history":[{"count":2,"href":"https:\/\/cancerfactfinder.org\/fr\/wp-json\/wp\/v2\/pages\/1088\/revisions"}],"predecessor-version":[{"id":4363,"href":"https:\/\/cancerfactfinder.org\/fr\/wp-json\/wp\/v2\/pages\/1088\/revisions\/4363"}],"wp:attachment":[{"href":"https:\/\/cancerfactfinder.org\/fr\/wp-json\/wp\/v2\/media?parent=1088"}],"curies":[{"name":"wp","href":"https:\/\/api.w.org\/{rel}","templated":true}]}}