{"id":825,"date":"2022-01-31T20:26:22","date_gmt":"2022-01-31T20:26:22","guid":{"rendered":"https:\/\/cancerfactfinder.org\/notre-methode\/"},"modified":"2023-04-13T19:06:10","modified_gmt":"2023-04-13T19:06:10","slug":"notre-methode","status":"publish","type":"page","link":"https:\/\/cancerfactfinder.org\/fr\/notre-methode\/","title":{"rendered":"Notre m\u00e9thode"},"content":{"rendered":"<div class=\"fusion-fullwidth fullwidth-box fusion-builder-row-1 fusion-flex-container nonhundred-percent-fullwidth non-hundred-percent-height-scrolling\" style=\"background-color: rgba(255,255,255,0);background-position: center center;background-repeat: no-repeat;border-width: 0px 0px 0px 0px;border-color:#e2e2e2;border-style:solid;\" ><div class=\"fusion-builder-row fusion-row fusion-flex-align-items-flex-start\" style=\"max-width:1456px;margin-left: calc(-4% \/ 2 );margin-right: calc(-4% \/ 2 );\"><div class=\"fusion-layout-column fusion_builder_column fusion-builder-column-0 fusion_builder_column_1_1 1_1 fusion-flex-column\"><div class=\"fusion-column-wrapper fusion-flex-justify-content-flex-start fusion-content-layout-column\" style=\"background-position:left top;background-repeat:no-repeat;-webkit-background-size:cover;-moz-background-size:cover;-o-background-size:cover;background-size:cover;padding: 0px 0px 0px 0px;\"><div class=\"fusion-text fusion-text-1\"><h2 id=\"why-did-we-create-the-cancer-f\">Pourquoi avons-nous cr\u00e9\u00e9 le FactFinder du cancer\u00a0?<\/h2>\n<p>Quasiment tout le monde a eu une exp\u00e9rience personnelle avec le cancer et nous sommes nombreux \u00e0 nous inqui\u00e9ter de ses causes. Il n\u2019est donc pas surprenant que le cancer soit l\u2019un des sujets qui fassent l\u2019objet du plus grand nombre de recherches en ligne.<\/p>\n<p>Nous nous tournons souvent vers les r\u00e9seaux sociaux, des recherches sur Internet, des amis ou la famille pour nous renseigner sur le cancer. Toutes ces sources peuvent nous apporter une foule d\u2019informations pour nous aider \u00e0 prendre des d\u00e9cisions \u00e0 propos de notre mode de vie, de la nutrition et de la sant\u00e9 et nous aider \u00e0 \u00e9viter un diagnostic de cancer. Toutefois, il faut que les informations soient exactes.<\/p>\n<p>Il est souvent difficile de savoir quelles informations sont fiables, autrement dit celles qui sont dignes de confiance ou pas sur les causes r\u00e9elles du cancer. Nous avons cr\u00e9\u00e9 ce site afin de permettre \u00e0 tous d\u2019avoir acc\u00e8s \u00e0 des informations exactes sur le cancer, de pouvoir faire des choix inform\u00e9s pour \u00e9viter certaines expositions ou prendre des mesures positives afin d\u2019optimiser leur \u00e9tat de sant\u00e9.<\/p>\n<h2 id=\"how-do-we-gather-and-process-i\">Comment collectons-nous et traitons-nous les informations pour le site FactFinder\u00a0?<\/h2>\n<p><span style=\"font-weight: 400;\">Nous \u00e9tudions les synth\u00e8ses des donn\u00e9es d\u2019une mani\u00e8re couramment utilis\u00e9e par de grands organismes et nous partageons nos connaissances sur la solidit\u00e9 des preuves d\u2019une cause av\u00e9r\u00e9e ou pas de cancer. \u00c0 ces fins, nous utilisons la m\u00e9thode syst\u00e9matique et stricte suivante, afin d\u2019identifier les affirmations \u00e0 propos des causes de cancer dans les \u00e9tudes sur l\u2019homme :<\/span><\/p>\n<p><span style=\"font-weight: 400;\">Nous recherchons les affirmations relatives au cancer sur Internet, les r\u00e9seaux sociaux et dans d\u2019autres sources.<\/span><\/p>\n<p><span style=\"font-weight: 400;\">Une fois qu\u2019elles sont identifi\u00e9es, les membres de la r\u00e9daction v\u00e9rifient ou r\u00e9futent ces affirmations en utilisant les meilleures \u00e9tudes disponibles sur l\u2019homme et les \u00e9tudes en laboratoire ou \u00e9tudes justificatives. Nous consultons des sources fiables de donn\u00e9es scientifiques, notamment des revues m\u00e9dicales et scientifiques, nous obtenons l\u2019avis d\u2019experts parmi les plus grands chercheurs et nous synth\u00e9tisons les informations fournies par des organismes renomm\u00e9s, tels que la Soci\u00e9t\u00e9 am\u00e9ricaine du cancer (American Cancer Society, ACS) et les Instituts nationaux de la sant\u00e9 (National Institutes of Health, NIH).<\/span><\/p>\n<p><span style=\"font-weight: 400;\">Afin de d\u00e9cider si une affirmation est probablement vraie ou fausse, nous limitons notre \u00e9tude aux donn\u00e9es factuelles qui fournissent des informations sur la solidit\u00e9 de l\u2019association ou du lien de causalit\u00e9. Autrement dit, les crit\u00e8res que nous utilisons pour donner nos conclusions comprennent des informations sur les expositions et les facteurs qui sont av\u00e9r\u00e9s comme \u00e9tant des <strong>causes<\/strong> de cancer. Toutefois, il n\u2019est pas toujours possible d\u2019\u00e9tablir un lien de causalit\u00e9. Nous \u00e9tudions \u00e9galement les donn\u00e9es relatives \u00e0 des <strong>associations<\/strong> fiables avec le cancer chez l\u2019homme, d\u2019apr\u00e8s les \u00e9tudes \u00e9pid\u00e9miologiques. D\u2019autre part, nous \u00e9valuons les constatations des \u00e9tudes toxicologiques et d\u2019autres \u00e9tudes justificatives, pour compl\u00e9ter les donn\u00e9es \u00e9pid\u00e9miologiques actuelles.<\/span><\/p>\n<p><span style=\"font-weight: 400;\">Nous fondons aussi nos conclusions sur les causes du cancer principalement sur les \u00e9tudes \u00e9pid\u00e9miologiques men\u00e9es sur l\u2019homme. Les \u00e9tudes exp\u00e9rimentales, y compris les \u00e9tudes animales et en laboratoire, peuvent fournir des compl\u00e9ments d\u2019information, mais en d\u00e9finitive, ce sont les donn\u00e9es \u00e9pid\u00e9miologiques relatives \u00e0 l\u2019homme qui sont utilis\u00e9es pour d\u00e9terminer le risque de cancer.<\/span><\/p>\n<p><span style=\"font-weight: 400;\">Remarque : les associations avec le cancer ne peuvent pas toutes \u00eatre trouv\u00e9es dans les \u00e9tudes \u00e9pid\u00e9miologiques. Il reste donc encore des questions sans r\u00e9ponse \u00e0 propos de certaines affirmations de causes de cancer, en particulier lorsqu\u2019il s\u2019agit d\u2019un \u00e9l\u00e9ment dont la teneur en agents causant le cancer (canc\u00e9rog\u00e8nes) est probable ou av\u00e9r\u00e9e. Les \u00e9tudes en laboratoire et les donn\u00e9es justificatives sont \u00e9galement limit\u00e9es car elles ne portent pas sur l\u2019homme. Bien que ces conclusions puissent montrer un effet sur les animaux, elles ne peuvent pas toujours \u00eatre appliqu\u00e9es \u00e0 l\u2019homme, car les sujets sont diff\u00e9rents. Ces limites sont signal\u00e9es dans la description de chaque affirmation. <\/span><\/p>\n<p><span style=\"font-weight: 400;\">Nous r\u00e9sumons ensuite les informations en notre possession et nous en discutons avec notre \u00e9quipe de r\u00e9daction.<\/span><\/p>\n<p><span style=\"font-weight: 400;\">Une fois qu\u2019une version pr\u00e9liminaire de la synth\u00e8se est \u00e9labor\u00e9e, les r\u00e9dacteurs qui poss\u00e8dent une expertise sp\u00e9cialis\u00e9e la r\u00e9visent et contr\u00f4lent les faits qu\u2019elle contient.<\/span><\/p>\n<\/div><div class=\"fusion-content-boxes content-boxes columns row fusion-columns-1 fusion-columns-total-1 fusion-content-boxes-1 content-boxes-icon-with-title content-left factfinder-callout-box\" data-animationOffset=\"top-into-view\" style=\"margin-top:;margin-bottom:;\"><style type=\"text\/css\">.fusion-content-boxes-1 .heading .content-box-heading {color:#ffffff;}\n\t\t\t\t\t.fusion-content-boxes-1 .fusion-content-box-hover .link-area-link-icon-hover .heading .content-box-heading,\n\t\t\t\t\t.fusion-content-boxes-1 .fusion-content-box-hover .link-area-link-icon-hover .heading .heading-link .content-box-heading,\n\t\t\t\t\t.fusion-content-boxes-1 .fusion-content-box-hover .link-area-box-hover .heading .content-box-heading,\n\t\t\t\t\t.fusion-content-boxes-1 .fusion-content-box-hover .link-area-box-hover .heading .heading-link .content-box-heading,\n\t\t\t\t\t.fusion-content-boxes-1 .fusion-content-box-hover .link-area-link-icon-hover.link-area-box .fusion-read-more,\n\t\t\t\t\t.fusion-content-boxes-1 .fusion-content-box-hover .link-area-link-icon-hover.link-area-box .fusion-read-more::after,\n\t\t\t\t\t.fusion-content-boxes-1 .fusion-content-box-hover .link-area-link-icon-hover.link-area-box .fusion-read-more::before,\n\t\t\t\t\t.fusion-content-boxes-1 .fusion-content-box-hover .fusion-read-more:hover:after,\n\t\t\t\t\t.fusion-content-boxes-1 .fusion-content-box-hover .fusion-read-more:hover:before,\n\t\t\t\t\t.fusion-content-boxes-1 .fusion-content-box-hover .fusion-read-more:hover,\n\t\t\t\t\t.fusion-content-boxes-1 .fusion-content-box-hover .link-area-box-hover.link-area-box .fusion-read-more,\n\t\t\t\t\t.fusion-content-boxes-1 .fusion-content-box-hover .link-area-box-hover.link-area-box .fusion-read-more::after,\n\t\t\t\t\t.fusion-content-boxes-1 .fusion-content-box-hover .link-area-box-hover.link-area-box .fusion-read-more::before,\n\t\t\t\t\t.fusion-content-boxes-1 .fusion-content-box-hover .link-area-link-icon-hover .icon .circle-no,\n\t\t\t\t\t.fusion-content-boxes-1 .heading .heading-link:hover .content-box-heading {\n\t\t\t\t\t\tcolor: #ffffff;\n\t\t\t\t\t}\n\t\t\t\t\t.fusion-content-boxes-1 .fusion-content-box-hover .link-area-box-hover .icon .circle-no {\n\t\t\t\t\t\tcolor: #ffffff !important;\n\t\t\t\t\t}.fusion-content-boxes-1 .fusion-content-box-hover .link-area-box.link-area-box-hover .fusion-content-box-button {background: #ff632a;color: #ffffff;}.fusion-content-boxes-1 .fusion-content-box-hover .link-area-box.link-area-box-hover .fusion-content-box-button .fusion-button-text {color: #ffffff;}\n\t\t\t\t\t.fusion-content-boxes-1 .fusion-content-box-hover .link-area-link-icon-hover .heading .icon > span {\n\t\t\t\t\t\tbackground-color: #ffffff !important;\n\t\t\t\t\t}\n\t\t\t\t\t.fusion-content-boxes-1 .fusion-content-box-hover .link-area-box-hover .heading .icon > span {\n\t\t\t\t\t\tborder-color: #ffffff !important;\n\t\t\t\t\t}<\/style><div class=\"fusion-column content-box-column content-box-column content-box-column-1 col-lg-12 col-md-12 col-sm-12 fusion-content-box-hover content-box-column-last content-box-column-last-in-row\"><div class=\"col content-box-wrapper content-wrapper-background link-area-link-icon content-icon-wrapper-yes icon-hover-animation-fade\" style=\"background-color:#ebf6fd;\" data-animationOffset=\"top-into-view\"><div class=\"heading icon-left\"><h3 class=\"content-box-heading\" style=\"font-size:24px;line-height:29px;\">Dans les affirmations du site FactFinder, nos conclusions sont r\u00e9sum\u00e9es de la mani\u00e8re suivante :<\/h3><\/div><div class=\"fusion-clearfix\"><\/div><div class=\"content-container\" style=\"color:#00316a;\">\n<p><img decoding=\"async\" class=\"alignleft wp-image-167\" src=\"https:\/\/cancerfactfinder.org\/wp-content\/uploads\/2022\/01\/true.svg\" alt=\"Cercle vert contenant un point d\u2019interrogation\" width=\"42\" height=\"42\" \/> Tr\u00e8s probablement ou d\u00e9finitivement vrai : les preuves sont suffisantes pour sugg\u00e9rer que l\u2019affirmation est vraie.<\/p>\n<p><img decoding=\"async\" class=\"alignleft wp-image-166\" src=\"https:\/\/cancerfactfinder.org\/wp-content\/uploads\/2022\/01\/false.svg\" alt=\"Cercle rouge contenant une croix\" width=\"42\" height=\"42\" \/>Information fausse, d\u00e9sinformation : les preuves sont suffisantes pour sugg\u00e9rer que l\u2019affirmation est fausse.<\/p>\n<p><img decoding=\"async\" class=\"alignleft wp-image-168\" src=\"https:\/\/cancerfactfinder.org\/wp-content\/uploads\/2022\/01\/unsure.svg\" alt=\"Cercle gris contenant un point d\u2019interrogation\" width=\"42\" height=\"42\" \/>Aucune certitude d\u00e9finitive : les scientifiques poursuivent leurs recherches. Les preuves ne sont pas encore suffisantes pour dire que l\u2019affirmation est vraie ou fausse.<\/p>\n<\/div><\/div><\/div><style type=\"text\/css\">\n\t\t\t\t\t\t.fusion-content-boxes-1 .fusion-content-box-hover .heading-link:hover .icon i.circle-yes,\n\t\t\t\t\t\t.fusion-content-boxes-1 .fusion-content-box-hover .link-area-box:hover .heading-link .icon i.circle-yes,\n\t\t\t\t\t\t.fusion-content-boxes-1 .fusion-content-box-hover .link-area-link-icon-hover .heading .icon i.circle-yes,\n\t\t\t\t\t\t.fusion-content-boxes-1 .fusion-content-box-hover .link-area-box-hover .heading .icon i.circle-yes {\n\t\t\t\t\t\t\tbackground-color: #ffffff !important;\n\t\t\t\t\t\t\tborder-color: #ffffff !important;\n\t\t\t\t\t\t}<\/style><div class=\"fusion-clearfix\"><\/div><\/div><div class=\"fusion-text fusion-text-2\"><p>Nous partageons cette synth\u00e8se avec les membres de la communaut\u00e9, notamment les personnes qui ont surv\u00e9cu au cancer et leurs repr\u00e9sentants, afin de veiller \u00e0 la clart\u00e9 du message et \u00e0 ce qu\u2019il r\u00e9ponde aux questions pouvant susciter des inqui\u00e9tudes parmi le grand public et pas seulement les experts en la mati\u00e8re.<\/p>\n<p>Une fois qu\u2019elles sont totalement v\u00e9rifi\u00e9es, nous partageons les informations sur le site FactFinder afin de les mettre \u00e0 la disposition de tous.<\/p>\n<p>Remarque\u00a0: il faut savoir que certaines expositions ou certains facteurs de risque qui peuvent ne pas \u00eatre la cause d\u2019un cancer sont susceptibles d\u2019avoir d\u2019autres effets sur la sant\u00e9, pr\u00e9judiciables ou b\u00e9n\u00e9fiques. Sur ce site, nous ne fournissons pas d\u2019informations sur les autres effets pouvant \u00eatre pertinents pour la sant\u00e9 en dehors du cancer.<\/p>\n<h2 id=\"what-information-is-not-includ\">Quelles sont les informations qui ne sont pas incluses dans nos synth\u00e8ses\u00a0?<\/h2>\n<p>Les \u00e9tudes exp\u00e9rimentales, y compris les \u00e9tudes animales et en laboratoire, peuvent fournir des informations utiles. Nous n\u2019avons pas tenu compte ici des donn\u00e9es des \u00e9tudes animales et en laboratoire, m\u00eame si les r\u00e9gulateurs utilisent r\u00e9guli\u00e8rement ce type de donn\u00e9es exp\u00e9rimentales pour \u00e9valuer la s\u00e9curit\u00e9 des agents chimiques aux \u00c9tats-Unis et dans l\u2019Union europ\u00e9enne.<\/p>\n<p>\u00c9tant donn\u00e9 que nous n\u2019avons pas inclus les \u00e9tudes animales dans notre rapport, il est possible que nous ayons manqu\u00e9 certaines informations importantes \u00e0 propos des facteurs qui causent le cancer. Vu qu\u2019il est contraire \u00e0 l\u2019\u00e9thique d\u2019exposer l\u2019homme \u00e0 un agent chimique risqu\u00e9 dans une \u00e9tude, les \u00e9tudes animales et en laboratoire sont le seul moyen de d\u00e9terminer si certaines expositions causent le cancer. La d\u00e9termination des causes du cancer peut n\u00e9cessiter de rassembler des informations issues de nombreuses autres sources, notamment des observations d\u2019exposition de l\u2019homme dans sa vie quotidienne, professionnelle ou dans le cadre d\u2019accidents, et de tenir compte de donn\u00e9es issues d\u2019exp\u00e9riences sur les animaux ou des cellules. Les donn\u00e9es issues des \u00e9tudes sur le cancer chez l\u2019homme \u00e9mergent souvent apr\u00e8s une exposition qui dure depuis des d\u00e9cennies.<\/p>\n<\/div><\/div><style type=\"text\/css\">.fusion-body .fusion-builder-column-0{width:100% !important;margin-top : 0px;margin-bottom : 0px;}.fusion-builder-column-0 > .fusion-column-wrapper {padding-top : 0px !important;padding-right : 0px !important;margin-right : 1.92%;padding-bottom : 0px !important;padding-left : 0px !important;margin-left : 1.92%;}@media only screen and (max-width:1024px) {.fusion-body .fusion-builder-column-0{width:100% !important;}.fusion-builder-column-0 > .fusion-column-wrapper {margin-right : 1.92%;margin-left : 1.92%;}}@media only screen and (max-width:640px) {.fusion-body .fusion-builder-column-0{width:100% !important;}.fusion-builder-column-0 > .fusion-column-wrapper {margin-right : 1.92%;margin-left : 1.92%;}}<\/style><\/div><\/div><style type=\"text\/css\">.fusion-body .fusion-flex-container.fusion-builder-row-1{ padding-top : 0px;margin-top : 0px;padding-right : 0px;padding-bottom : 0px;margin-bottom : 0px;padding-left : 0px;}<\/style><\/div>\n","protected":false},"excerpt":{"rendered":"","protected":false},"author":1,"featured_media":0,"parent":0,"menu_order":2,"comment_status":"closed","ping_status":"closed","template":"","meta":{"inline_featured_image":false,"footnotes":""},"aioseo_notices":[],"_links":{"self":[{"href":"https:\/\/cancerfactfinder.org\/fr\/wp-json\/wp\/v2\/pages\/825"}],"collection":[{"href":"https:\/\/cancerfactfinder.org\/fr\/wp-json\/wp\/v2\/pages"}],"about":[{"href":"https:\/\/cancerfactfinder.org\/fr\/wp-json\/wp\/v2\/types\/page"}],"author":[{"embeddable":true,"href":"https:\/\/cancerfactfinder.org\/fr\/wp-json\/wp\/v2\/users\/1"}],"replies":[{"embeddable":true,"href":"https:\/\/cancerfactfinder.org\/fr\/wp-json\/wp\/v2\/comments?post=825"}],"version-history":[{"count":5,"href":"https:\/\/cancerfactfinder.org\/fr\/wp-json\/wp\/v2\/pages\/825\/revisions"}],"predecessor-version":[{"id":4373,"href":"https:\/\/cancerfactfinder.org\/fr\/wp-json\/wp\/v2\/pages\/825\/revisions\/4373"}],"wp:attachment":[{"href":"https:\/\/cancerfactfinder.org\/fr\/wp-json\/wp\/v2\/media?parent=825"}],"curies":[{"name":"wp","href":"https:\/\/api.w.org\/{rel}","templated":true}]}}