{"id":982,"date":"2022-02-03T16:37:09","date_gmt":"2022-02-03T16:37:09","guid":{"rendered":"https:\/\/cancerfactfinder.org\/notre-equipe\/"},"modified":"2022-02-03T16:37:09","modified_gmt":"2022-02-03T16:37:09","slug":"notre-equipe","status":"publish","type":"page","link":"https:\/\/cancerfactfinder.org\/fr\/notre-equipe\/","title":{"rendered":"Notre \u00e9quipe"},"content":{"rendered":"<p>L\u2019\u00e9quipe du site FactFinder sur le cancer est compos\u00e9 d\u2019experts scientifiques, ainsi que de membres de la communaut\u00e9. Ces personnes ne sont pas des experts dans tous les domaines pr\u00e9sent\u00e9s sur le site FactFinder. Pour cette raison, nous avons une \u00e9quipe dont les membres poss\u00e8dent une expertise diff\u00e9rente, pour veiller \u00e0 pr\u00e9senter des informations exactes et fiables sur un large \u00e9ventail de sujets.<\/p>\n<p>Les membres de l\u2019\u00e9quipe ont v\u00e9rifi\u00e9 et r\u00e9vis\u00e9 les informations sur le cancer pr\u00e9sent\u00e9es sur ce site. Il s\u2019agit des personnes suivantes&nbsp;:<\/p>\n<p>Susan Chaityn Lebovits (Boston Cancer Support, Boston, MA)<br \/>\nLydia Conley (Harvard T.H. Chan School of Public Health, Boston, MA)<br \/>\nChristina Dieli-Conwright, PhD (Dana-Farber Cancer Institute, Boston, MA)<br \/>\nStephanie Harriston-Diggs (Repr\u00e9sentante de la communaut\u00e9 [Community Advocate], Boston, MA)<br \/>\nDanielle Kline (Yale University, New Haven, CT)<br \/>\nCassie Du (Yale University, New Haven, CT)<br \/>\nMatias Latorre (Boston University, Boston, MA)<br \/>\nLorelei Ann Mucci, ScD (Harvard T.H. Chan School of Public Health, Boston, MA)<br \/>\nTimothy Rebbeck, PhD, R\u00e9dacteur en chef (Dana-Farber Cancer Institute et Harvard T.H. Chan School of Public Health, Boston, MA)<br \/>\nFrank Robinson (BayState Health, Springfield, MA)<br \/>\nLamont Scott (Men of Color Health Awareness, Springfield, MA)<br \/>\nDoris Sempasa, MS (Dana-Farber\/Harvard Cancer Center, Boston, MA)<br \/>\nEsha Shafiq (Dana-Farber Cancer Institute, Boston, MA)<br \/>\nMingyang Song, MBBS ScD (Harvard T.H. Chan School of Public Health, Boston, MA)<\/p>\n<p>Des commentaires sur notre approche&nbsp;? Des suggestions sur d\u2019autres sujets&nbsp;? Des inqui\u00e9tudes concernant les informations que nous avons fournies&nbsp;? Veuillez envoyer vos id\u00e9es \u00e0 <a href=\"&#x6d;&#97;i&#x6c;&#116;o&#x3a;&#99;g&#x63;&#112;&#64;&#x68;&#115;p&#x68;&#x2e;h&#x61;&#x72;&#118;&#x61;&#x72;&#100;&#x2e;&#x65;&#100;u\">c&#103;&#x63;&#x70;&#x40;h&#115;&#112;&#x68;&#x2e;h&#97;&#114;&#x76;&#x61;rd&#46;&#x65;&#x64;&#x75;.<\/a><\/p>\n<h2 id=\"thanks-to-our-sponsors\">Nous adressons nos remerciements \u00e0 nos partenaires<\/h2>\n<p class=\"sponsor-logos\"><a href=\"https:\/\/dana-farber.org\" target=\"_blank\" rel=\"noopener noreferrer\"><img decoding=\"async\" class=\"alignnone size-full wp-image-488\" src=\"\/wp-content\/uploads\/2022\/04\/dfci.svg\" alt=\"Logo du Dana-Farber Cancer Institute\" width=\"247\" height=\"60\"><\/a><a href=\"https:\/\/www.dfhcc.harvard.edu\/research\/center-for-cancer-equity-and-engagement\/\" target=\"_blank\" rel=\"noopener noreferrer\"><img decoding=\"async\" width=\"273\" height=\"146\" class=\"alignnone size-full wp-image-489\" src=\"\/wp-content\/uploads\/2022\/04\/dfhcc_ccee.png\" srcset=\"\/wp-content\/uploads\/2022\/04\/dfhcc_ccee.png 1x, &#x2f;w&#x70;&#45;&#x63;&#111;&#x6e;&#x74;e&#x6e;&#116;&#x2f;&#117;&#x70;&#108;o&#x61;&#100;&#x73;&#47;&#x32;&#48;2&#x32;&#47;&#x30;&#52;&#x2f;&#100;f&#x68;c&#x63;&#95;&#x63;&#99;e&#x65;&#64;&#x32;&#120;&#x2e;&#112;n&#x67; 2x\" alt=\"Logo du DF\/HCC Center for Cancer Equity and Engagement\"><\/a><\/p>\n","protected":false},"excerpt":{"rendered":"<p>L\u2019\u00e9quipe du site FactFinder sur le cancer est compos\u00e9 d\u2019experts scientifiques, ainsi que de membres de la communaut\u00e9. Ces personnes ne sont pas des experts dans tous les domaines pr\u00e9sent\u00e9s sur le site FactFinder. Pour cette raison, nous avons une \u00e9quipe dont les membres poss\u00e8dent une expertise diff\u00e9rente, pour veiller [&hellip;]<\/p>\n","protected":false},"author":1,"featured_media":0,"parent":0,"menu_order":3,"comment_status":"closed","ping_status":"closed","template":"","meta":{"inline_featured_image":false,"footnotes":""},"aioseo_notices":[],"_links":{"self":[{"href":"https:\/\/cancerfactfinder.org\/fr\/wp-json\/wp\/v2\/pages\/982"}],"collection":[{"href":"https:\/\/cancerfactfinder.org\/fr\/wp-json\/wp\/v2\/pages"}],"about":[{"href":"https:\/\/cancerfactfinder.org\/fr\/wp-json\/wp\/v2\/types\/page"}],"author":[{"embeddable":true,"href":"https:\/\/cancerfactfinder.org\/fr\/wp-json\/wp\/v2\/users\/1"}],"replies":[{"embeddable":true,"href":"https:\/\/cancerfactfinder.org\/fr\/wp-json\/wp\/v2\/comments?post=982"}],"version-history":[{"count":0,"href":"https:\/\/cancerfactfinder.org\/fr\/wp-json\/wp\/v2\/pages\/982\/revisions"}],"wp:attachment":[{"href":"https:\/\/cancerfactfinder.org\/fr\/wp-json\/wp\/v2\/media?parent=982"}],"curies":[{"name":"wp","href":"https:\/\/api.w.org\/{rel}","templated":true}]}}