{"id":3165,"date":"2022-01-31T20:26:22","date_gmt":"2022-01-31T20:26:22","guid":{"rendered":"https:\/\/cancerfactfinder.org\/pwosesis-nou-an\/"},"modified":"2023-04-12T20:58:25","modified_gmt":"2023-04-12T20:58:25","slug":"pwosesis-nou-an","status":"publish","type":"page","link":"https:\/\/cancerfactfinder.org\/ht\/pwosesis-nou-an\/","title":{"rendered":"Pwosesis nou an"},"content":{"rendered":"<div class=\"fusion-fullwidth fullwidth-box fusion-builder-row-1 fusion-flex-container nonhundred-percent-fullwidth non-hundred-percent-height-scrolling\" style=\"background-color: rgba(255,255,255,0);background-position: center center;background-repeat: no-repeat;border-width: 0px 0px 0px 0px;border-color:#e2e2e2;border-style:solid;\" ><div class=\"fusion-builder-row fusion-row fusion-flex-align-items-flex-start\" style=\"max-width:1456px;margin-left: calc(-4% \/ 2 );margin-right: calc(-4% \/ 2 );\"><div class=\"fusion-layout-column fusion_builder_column fusion-builder-column-0 fusion_builder_column_1_1 1_1 fusion-flex-column\"><div class=\"fusion-column-wrapper fusion-flex-justify-content-flex-start fusion-content-layout-column\" style=\"background-position:left top;background-repeat:no-repeat;-webkit-background-size:cover;-moz-background-size:cover;-o-background-size:cover;background-size:cover;padding: 0px 0px 0px 0px;\"><div class=\"fusion-text fusion-text-1\"><h2 id=\"why-did-we-create-the-cancer-f\">Poukisa nou te kreye Cancer FactFinder?<\/h2>\n<p>Pif\u00f2 moun te f\u00e8 k\u00e8k eksperyans p\u00e8son\u00e8l av\u00e8k kans\u00e8, epi anpil nan nou gen enkyetid kons\u00e8nan sa ki lak\u00f2z li. Pou rezon sa a, se pa yon sipriz l\u00e8 nou w\u00e8 kans\u00e8 se youn (1) nan sij\u00e8 yo plis f\u00e8 rech\u00e8ch anliy sou li.<\/p>\n<p>Nou souvan ale sou rezo sosyal, f\u00e8 rech\u00e8ch sou ent\u00e8n\u00e8t, pale av\u00e8k zanmi oswa fanmi pou nou jwenn enf\u00f2masyon sou kans\u00e8. Tout moun sa yo kapab ba nou enf\u00f2masyon pou ede nou pran desizyon sou fason nou ap viv, sou sa n ap manje, ak sou sante nou epi ede nou evite yon dyagnostik kans\u00e8. Men pou yo kapab f\u00e8 sa yo bezwen gen enf\u00f2masyon ki egzak.<\/p>\n<p>Pafwa, li difisil pou nou konnen ki enf\u00f2masyon ki fyab\u2014sa vle di ki enf\u00f2masyon nou kapab kw\u00e8 ak ki enf\u00f2masyon nou pa kapab kw\u00e8 sou k\u00f2z kans\u00e8. Nou kreye sit sa a pou p\u00e8m\u00e8t moun gen aks\u00e8 byen fasil ak enf\u00f2masyon sou kans\u00e8 konsa yo kapab f\u00e8 bon chwa pou evite k\u00e8k ekspozisyon oswa pou pran etap pozitif pou ogmante sante<br \/>\nyo.<\/p>\n<h2 id=\"how-do-we-gather-and-process-i\">K\u00f2man nou rasanble epi trete enf\u00f2masyon yo pou FactFinder?<\/h2>\n<p><span style=\"font-weight: 400;\">Nou verifye rezime pr\u00e8v yo yon fason ki konsistan av\u00e8k l\u00f2t gwo \u00f2ganizasyon epi nou pataje sa nou konnen sou fason pr\u00e8v sa yo solid, epi nou di si gen yon bagay ki asosye av\u00e8k kans\u00e8 oswa si li pa asosye av\u00e8k kans\u00e8. Pou nou kapab f\u00e8 sa, nou itilize pwosesis sistematik epi ki f\u00e8t yon fason ki estrik pou idantifye deklarasyon sou k\u00f2z kans\u00e8 ki f\u00e8t nan etid sou moun:<\/span><\/p>\n<p><span style=\"font-weight: 400;\">Nou ch\u00e8che deklarasyon sou kans\u00e8 sou ent\u00e8n\u00e8t, sou rezo sosyal, ak l\u00f2t sous.<\/span><\/p>\n<p><span style=\"font-weight: 400;\">Depi nou fin idantifye l, ekip editoryal nou an verifye deklarasyon sa yo oswa voye deklarasyon sa yo jete pandan y ap itilize pi bon etid ki disponib lakay moun ak etid nan laboratwa oswa nan etid ki pou sip\u00f2te. Nou gade nan sous ki gen done syantifik ki fyab, li gen ladan l jounal medikal ak syantifik, nou resevwa opinyon nan men eksp\u00e8 syantifik ki ap dirije, epi nou pran enf\u00f2masyon nan men \u00f2ganizasyon moun konnen tankou Sosyete Ameriken pou Kans\u00e8 (American Cancer Society) ak Enstiti Nasyonal pou Sante (National Institutes of Health).<\/span><\/p>\n<p><span style=\"font-weight: 400;\">Pou nou kapab deside si yon deklarasyon gen chans pou l verite oswa si gen chans pou li pa verite, nou limite verifikasyon nou an ak pr\u00e8v ki bay enf\u00f2masyon sou f\u00f2s asosyasyon an oswa k\u00f2z yo. Sa vle di krit\u00e8 nou itilize pou f\u00e8 konklizyon yo gen ladan l enf\u00f2masyon kons\u00e8nan ekspozisyon ou yo ak fakt\u00e8 nou konnen ki <strong>lak\u00f2z<\/strong> kans\u00e8. Sepandan, nou pa kapab toujou etabli k\u00f2z lan. Nou verifye pr\u00e8v <strong>asosyasyon<\/strong> ki fyab av\u00e8k kans\u00e8 lakay moun ki baze sou pr\u00e8v epidemyolojik tou. Epitou, nou evalye rezilta nou jwenn nan etid toksikolojik ak l\u00f2t etid ki ap sip\u00f2te, anplis pr\u00e8v epidemyolojik nou gen kounye a.<\/span><\/p>\n<p><span style=\"font-weight: 400;\">Nou baze konklizyon nou yo sou k\u00f2z kans\u00e8 prensipalman sou eti epidemyolojik ki te f\u00e8t sou moun. Etid eksperimantal yo, li gen ladan l ank\u00e8t ki f\u00e8t sou b\u00e8t ak ank\u00e8t ki f\u00e8t nan laboratwa, kapab bay enf\u00f2masyon ki kapab ede, men pou nou te kapab pran yon d\u00e8nye desizyon se pr\u00e8v epidemyolojik nou jwenn sou moun nou te itilize pou det\u00e8mine risk pou kans\u00e8.<\/span><\/p>\n<p><span style=\"font-weight: 400;\">Nou dwe remake se pa tout asosyasyon av\u00e8k kans\u00e8 nou kapab jwenn nan etid epidemyolojik yo, pout\u00e8t sa gen bagay nou toujou pa konnen sou k\u00e8k deklarasyon ki f\u00e8t sou k\u00f2z kans\u00e8, espesyalman l\u00e8 li enplike bagay ki kapab gen ajan ki lak\u00f2z kans\u00e8 oswa nou konnen ki gen ajan ki lak\u00f2z kans\u00e8 (kanserij\u00e8n). Epitou, etid ki f\u00e8t nan laboratwa ak pr\u00e8v ki pou sip\u00f2te yo limite paske patisipan nan etid la se pa moun. Menm si konklizyon yo ka montre ef\u00e8 sou b\u00e8t yo, li pa toujou kapab aplike sou moun paske patisipan yo diferan. Nou endike limit sa yo nan deskripsyon deklarasyon endividy\u00e8l. <\/span><\/p>\n<p><span style=\"font-weight: 400;\">Apresa, nou f\u00e8 rezime enf\u00f2masyon nou genyen yo epi nou pale sou sa av\u00e8k ekip editoryal nou an.<\/span><\/p>\n<p><span style=\"font-weight: 400;\">Apre nou fin ekri rezime enf\u00f2masyon an sou bouyon, edit\u00e8 ki espesyalize verifye sa ki ekri nan rezime ki ekri a.<\/span><\/p>\n<\/div><div class=\"fusion-content-boxes content-boxes columns row fusion-columns-1 fusion-columns-total-1 fusion-content-boxes-1 content-boxes-icon-with-title content-left factfinder-callout-box\" data-animationOffset=\"top-into-view\" style=\"margin-top:;margin-bottom:;\"><style type=\"text\/css\">.fusion-content-boxes-1 .heading .content-box-heading {color:#ffffff;}\n\t\t\t\t\t.fusion-content-boxes-1 .fusion-content-box-hover .link-area-link-icon-hover .heading .content-box-heading,\n\t\t\t\t\t.fusion-content-boxes-1 .fusion-content-box-hover .link-area-link-icon-hover .heading .heading-link .content-box-heading,\n\t\t\t\t\t.fusion-content-boxes-1 .fusion-content-box-hover .link-area-box-hover .heading .content-box-heading,\n\t\t\t\t\t.fusion-content-boxes-1 .fusion-content-box-hover .link-area-box-hover .heading .heading-link .content-box-heading,\n\t\t\t\t\t.fusion-content-boxes-1 .fusion-content-box-hover .link-area-link-icon-hover.link-area-box .fusion-read-more,\n\t\t\t\t\t.fusion-content-boxes-1 .fusion-content-box-hover .link-area-link-icon-hover.link-area-box .fusion-read-more::after,\n\t\t\t\t\t.fusion-content-boxes-1 .fusion-content-box-hover .link-area-link-icon-hover.link-area-box .fusion-read-more::before,\n\t\t\t\t\t.fusion-content-boxes-1 .fusion-content-box-hover .fusion-read-more:hover:after,\n\t\t\t\t\t.fusion-content-boxes-1 .fusion-content-box-hover .fusion-read-more:hover:before,\n\t\t\t\t\t.fusion-content-boxes-1 .fusion-content-box-hover .fusion-read-more:hover,\n\t\t\t\t\t.fusion-content-boxes-1 .fusion-content-box-hover .link-area-box-hover.link-area-box .fusion-read-more,\n\t\t\t\t\t.fusion-content-boxes-1 .fusion-content-box-hover .link-area-box-hover.link-area-box .fusion-read-more::after,\n\t\t\t\t\t.fusion-content-boxes-1 .fusion-content-box-hover .link-area-box-hover.link-area-box .fusion-read-more::before,\n\t\t\t\t\t.fusion-content-boxes-1 .fusion-content-box-hover .link-area-link-icon-hover .icon .circle-no,\n\t\t\t\t\t.fusion-content-boxes-1 .heading .heading-link:hover .content-box-heading {\n\t\t\t\t\t\tcolor: #ffffff;\n\t\t\t\t\t}\n\t\t\t\t\t.fusion-content-boxes-1 .fusion-content-box-hover .link-area-box-hover .icon .circle-no {\n\t\t\t\t\t\tcolor: #ffffff !important;\n\t\t\t\t\t}.fusion-content-boxes-1 .fusion-content-box-hover .link-area-box.link-area-box-hover .fusion-content-box-button {background: #ff632a;color: #ffffff;}.fusion-content-boxes-1 .fusion-content-box-hover .link-area-box.link-area-box-hover .fusion-content-box-button .fusion-button-text {color: #ffffff;}\n\t\t\t\t\t.fusion-content-boxes-1 .fusion-content-box-hover .link-area-link-icon-hover .heading .icon > span {\n\t\t\t\t\t\tbackground-color: #ffffff !important;\n\t\t\t\t\t}\n\t\t\t\t\t.fusion-content-boxes-1 .fusion-content-box-hover .link-area-box-hover .heading .icon > span {\n\t\t\t\t\t\tborder-color: #ffffff !important;\n\t\t\t\t\t}<\/style><div class=\"fusion-column content-box-column content-box-column content-box-column-1 col-lg-12 col-md-12 col-sm-12 fusion-content-box-hover content-box-column-last content-box-column-last-in-row\"><div class=\"col content-box-wrapper content-wrapper-background link-area-link-icon content-icon-wrapper-yes icon-hover-animation-fade\" style=\"background-color:#ebf6fd;\" data-animationOffset=\"top-into-view\"><div class=\"heading icon-left\"><h3 class=\"content-box-heading\" style=\"font-size:24px;line-height:29px;\">Nan deklarasyon ki nan FactFinder, nou rezime konklizyon nou yo nan fason sa a:<\/h3><\/div><div class=\"fusion-clearfix\"><\/div><div class=\"content-container\" style=\"color:#00316a;\">\n<p><img decoding=\"async\" class=\"alignleft wp-image-167\" src=\"https:\/\/cancerfactfinder.org\/wp-content\/uploads\/2022\/01\/true.svg\" alt=\"Wonn v\u00e8t ki gen pwen ent\u00e8wogasyon anndan l\" width=\"42\" height=\"42\" \/> Ki gen anpil chans oswa ki se bon jan verite: Gen ase pr\u00e8v pou sijere deklarasyon an se verite.<\/p>\n<p><img decoding=\"async\" class=\"alignleft wp-image-166\" src=\"https:\/\/cancerfactfinder.org\/wp-content\/uploads\/2022\/01\/false.svg\" alt=\"Wonn wouj av\u00e8k X anndan l\" width=\"42\" height=\"42\" \/>Enf\u00f2masyon ki pa verite\u2014move enf\u00f2masyon: Gen ase pr\u00e8v pou sijere deklarasyon an pa verite.<\/p>\n<p><img decoding=\"async\" class=\"alignleft wp-image-168\" src=\"https:\/\/cancerfactfinder.org\/wp-content\/uploads\/2022\/01\/unsure.svg\" alt=\"Wonn gri ki gen pwen ent\u00e8wogasyon anndan l\" width=\"42\" height=\"42\" \/>Nou poko s\u00e8ten\u2014syantifik yo toujou ap travay sou sa: Pa gen ase pr\u00e8v ki pou p\u00e8m\u00e8t nou di si deklarasyon an se verite oswa si li pa verite.<\/p>\n<\/div><\/div><\/div><style type=\"text\/css\">\n\t\t\t\t\t\t.fusion-content-boxes-1 .fusion-content-box-hover .heading-link:hover .icon i.circle-yes,\n\t\t\t\t\t\t.fusion-content-boxes-1 .fusion-content-box-hover .link-area-box:hover .heading-link .icon i.circle-yes,\n\t\t\t\t\t\t.fusion-content-boxes-1 .fusion-content-box-hover .link-area-link-icon-hover .heading .icon i.circle-yes,\n\t\t\t\t\t\t.fusion-content-boxes-1 .fusion-content-box-hover .link-area-box-hover .heading .icon i.circle-yes {\n\t\t\t\t\t\t\tbackground-color: #ffffff !important;\n\t\t\t\t\t\t\tborder-color: #ffffff !important;\n\t\t\t\t\t\t}<\/style><div class=\"fusion-clearfix\"><\/div><\/div><div class=\"fusion-text fusion-text-2\"><p>Nou pataje rezime sa a av\u00e8k manm nan kominote a, li gen ladan l sivivan kans\u00e8 ak defans\u00e8 yo, pou nou asire nou mesaj la kl\u00e8 epi nou pale sou pwen ki ka enterese piblik ki ap li a an jeneral\u2014se pa s\u00e8lman eksp\u00e8 nan dom\u00e8n la.<\/p>\n<p>Depi nou fin verifye l n\u00e8t nou pataje enf\u00f2masyon an atrav\u00e8 sit FactFinder konsa li disponib pou piblik la an jeneral.<\/p>\n<p>Remak: Nou dwe konnen gen k\u00e8k ekspozisyon oswa fakt\u00e8 risk ki ka pa lak\u00f2z kans\u00e8 men yo kapab gen l\u00f2t ef\u00e8 sou sante a, ki kapab swa danjere oswa nan avantaj pou sante a. Sou sit sa a nou pa bay enf\u00f2masyon sou l\u00f2t ef\u00e8 ki ka enp\u00f2tan pou sante a apa sa nou bay sou kans\u00e8.<\/p>\n<h2 id=\"what-information-is-not-includ\">Ki enf\u00f2masyon nou pa mete nan rezime nou yo?<\/h2>\n<p>Etid eksperimantal yo, li gen ladan l ank\u00e8t ki f\u00e8t sou b\u00e8t ak nan laboratwa ki kapab bay enf\u00f2masyon ki enp\u00f2tan. Nou pa konsidere pr\u00e8v ki soti nan etid ki f\u00e8t sou b\u00e8t ak nan laboratwa, menm si enstitisyon ki ap kontwole yo itilize mod\u00e8l pr\u00e8v eksperimantal sa yo pou evalye sekirite ki gen nan pwodui chimik nan Etazini ak nan Inyon Ewopey\u00e8n.<\/p>\n<p>K\u00f2m nou pa mete etid ki f\u00e8t sou b\u00e8t nan rap\u00f2 nou an, nou ka rate k\u00e8k enf\u00f2masyon enp\u00f2tan kons\u00e8nan fakt\u00e8 ki kapab lak\u00f2z kans\u00e8. Paske li pa respekte etik l\u00e8 nou ekspoze moun ak pwodui chimik ki kapab gen risk nan yon etid, etid ki f\u00e8t sou b\u00e8t ak nan laboratwa se s\u00e8l fason pou det\u00e8mine si yon moun ekspoze ak k\u00e8k pwodui li kapab lak\u00f2z kans\u00e8. Pou nou kapab konnen k\u00f2z kans\u00e8 a, li kapab neses\u00e8 pou rasanble enf\u00f2masyon ki soti nan plizy\u00e8 sous, li gen ladan l obs\u00e8vasyon sou l\u00e8 moun yo te ekspoze nan lavi chak jou yo, nan travay, oswa nan aksidan, epi konsidere pr\u00e8v ki soti nan eksperyans ki f\u00e8t sou b\u00e8t oswa selil yo. Pr\u00e8v pou etid sou kans\u00e8 moun genyen souvan par\u00e8t s\u00e8lman apre moun lan fin ekspoze pandan yon diz\u00e8n lane.<\/p>\n<\/div><\/div><style type=\"text\/css\">.fusion-body .fusion-builder-column-0{width:100% !important;margin-top : 0px;margin-bottom : 0px;}.fusion-builder-column-0 > .fusion-column-wrapper {padding-top : 0px !important;padding-right : 0px !important;margin-right : 1.92%;padding-bottom : 0px !important;padding-left : 0px !important;margin-left : 1.92%;}@media only screen and (max-width:1024px) {.fusion-body .fusion-builder-column-0{width:100% !important;}.fusion-builder-column-0 > .fusion-column-wrapper {margin-right : 1.92%;margin-left : 1.92%;}}@media only screen and (max-width:640px) {.fusion-body .fusion-builder-column-0{width:100% !important;}.fusion-builder-column-0 > .fusion-column-wrapper {margin-right : 1.92%;margin-left : 1.92%;}}<\/style><\/div><\/div><style type=\"text\/css\">.fusion-body .fusion-flex-container.fusion-builder-row-1{ padding-top : 0px;margin-top : 0px;padding-right : 0px;padding-bottom : 0px;margin-bottom : 0px;padding-left : 0px;}<\/style><\/div>\n","protected":false},"excerpt":{"rendered":"","protected":false},"author":1,"featured_media":0,"parent":0,"menu_order":2,"comment_status":"closed","ping_status":"closed","template":"","meta":{"inline_featured_image":false,"footnotes":""},"aioseo_notices":[],"_links":{"self":[{"href":"https:\/\/cancerfactfinder.org\/ht\/wp-json\/wp\/v2\/pages\/3165"}],"collection":[{"href":"https:\/\/cancerfactfinder.org\/ht\/wp-json\/wp\/v2\/pages"}],"about":[{"href":"https:\/\/cancerfactfinder.org\/ht\/wp-json\/wp\/v2\/types\/page"}],"author":[{"embeddable":true,"href":"https:\/\/cancerfactfinder.org\/ht\/wp-json\/wp\/v2\/users\/1"}],"replies":[{"embeddable":true,"href":"https:\/\/cancerfactfinder.org\/ht\/wp-json\/wp\/v2\/comments?post=3165"}],"version-history":[{"count":3,"href":"https:\/\/cancerfactfinder.org\/ht\/wp-json\/wp\/v2\/pages\/3165\/revisions"}],"predecessor-version":[{"id":4312,"href":"https:\/\/cancerfactfinder.org\/ht\/wp-json\/wp\/v2\/pages\/3165\/revisions\/4312"}],"wp:attachment":[{"href":"https:\/\/cancerfactfinder.org\/ht\/wp-json\/wp\/v2\/media?parent=3165"}],"curies":[{"name":"wp","href":"https:\/\/api.w.org\/{rel}","templated":true}]}}