{"id":3169,"date":"2022-02-03T16:41:14","date_gmt":"2022-02-03T16:41:14","guid":{"rendered":"https:\/\/cancerfactfinder.org\/koman-pou-verifye-enfomasyon-yo\/"},"modified":"2023-04-12T20:56:18","modified_gmt":"2023-04-12T20:56:18","slug":"koman-pou-verifye-enfomasyon-yo","status":"publish","type":"page","link":"https:\/\/cancerfactfinder.org\/ht\/koman-pou-verifye-enfomasyon-yo\/","title":{"rendered":"K\u00f2man pou verifye enf\u00f2masyon yo?"},"content":{"rendered":"<div class=\"fusion-fullwidth fullwidth-box fusion-builder-row-1 fusion-flex-container nonhundred-percent-fullwidth non-hundred-percent-height-scrolling\" style=\"background-color: rgba(255,255,255,0);background-position: center center;background-repeat: no-repeat;border-width: 0px 0px 0px 0px;border-color:#e2e2e2;border-style:solid;\" ><div class=\"fusion-builder-row fusion-row fusion-flex-align-items-flex-start\" style=\"max-width:1456px;margin-left: calc(-4% \/ 2 );margin-right: calc(-4% \/ 2 );\"><div class=\"fusion-layout-column fusion_builder_column fusion-builder-column-0 fusion_builder_column_1_1 1_1 fusion-flex-column\"><div class=\"fusion-column-wrapper fusion-flex-justify-content-flex-start fusion-content-layout-column\" style=\"background-position:left top;background-repeat:no-repeat;-webkit-background-size:cover;-moz-background-size:cover;-o-background-size:cover;background-size:cover;padding: 0px 0px 0px 0px;\"><div class=\"fusion-text fusion-text-1\"><h2 id=\"tools-to-help-you-decide-what-\">Zouti ki pou ede ou deside ki enf\u00f2masyon ki verite ak ki enf\u00f2masyon ki pa verite<\/h2>\n<p>Gen enf\u00f2masyon sou kans\u00e8 ki disponib nan plizy\u00e8 sous. K\u00f2man ou kapab deside kisa ki verite ak kisa ki pa verite? Souvan li konn difisil pou konnen ki enf\u00f2masyon ki verite, ak ki sous enf\u00f2masyon nou kapab f\u00e8 konfyans. Men k\u00e8k zouti nou itilize pou deside si enf\u00f2masyon nou jwenn yo fyab.<\/p>\n<h3 id=\"assessing-online-information\">Evalye enf\u00f2masyon nou jwenn sou ent\u00e8n\u00e8t<\/h3>\n<p>Pou anpil nan nou rezo sosyal ak l\u00f2t sous sou ent\u00e8n\u00e8t se resous ki gen val\u00e8 epi yo p\u00e8m\u00e8t li fasil pou jwenn repons ak kesyon nou yo. Men yon rezime ki bay avantaj ak dezavantaj ki genyen l\u00e8 nou itilize ent\u00e8n\u00e8t pou jwenn enf\u00f2masyon sou sante nou:<\/p>\n<\/div><div class=\"fusion-content-boxes content-boxes columns row fusion-columns-1 fusion-columns-total-1 fusion-content-boxes-1 content-boxes-icon-with-title content-left factfinder-callout-box factfinder-table\" data-animationOffset=\"top-into-view\" style=\"margin-top:;margin-bottom:;\"><style type=\"text\/css\">.fusion-content-boxes-1 .heading .content-box-heading {color:#ffffff;}\n\t\t\t\t\t.fusion-content-boxes-1 .fusion-content-box-hover .link-area-link-icon-hover .heading .content-box-heading,\n\t\t\t\t\t.fusion-content-boxes-1 .fusion-content-box-hover .link-area-link-icon-hover .heading .heading-link .content-box-heading,\n\t\t\t\t\t.fusion-content-boxes-1 .fusion-content-box-hover .link-area-box-hover .heading .content-box-heading,\n\t\t\t\t\t.fusion-content-boxes-1 .fusion-content-box-hover .link-area-box-hover .heading .heading-link .content-box-heading,\n\t\t\t\t\t.fusion-content-boxes-1 .fusion-content-box-hover .link-area-link-icon-hover.link-area-box .fusion-read-more,\n\t\t\t\t\t.fusion-content-boxes-1 .fusion-content-box-hover .link-area-link-icon-hover.link-area-box .fusion-read-more::after,\n\t\t\t\t\t.fusion-content-boxes-1 .fusion-content-box-hover .link-area-link-icon-hover.link-area-box .fusion-read-more::before,\n\t\t\t\t\t.fusion-content-boxes-1 .fusion-content-box-hover .fusion-read-more:hover:after,\n\t\t\t\t\t.fusion-content-boxes-1 .fusion-content-box-hover .fusion-read-more:hover:before,\n\t\t\t\t\t.fusion-content-boxes-1 .fusion-content-box-hover .fusion-read-more:hover,\n\t\t\t\t\t.fusion-content-boxes-1 .fusion-content-box-hover .link-area-box-hover.link-area-box .fusion-read-more,\n\t\t\t\t\t.fusion-content-boxes-1 .fusion-content-box-hover .link-area-box-hover.link-area-box .fusion-read-more::after,\n\t\t\t\t\t.fusion-content-boxes-1 .fusion-content-box-hover .link-area-box-hover.link-area-box .fusion-read-more::before,\n\t\t\t\t\t.fusion-content-boxes-1 .fusion-content-box-hover .link-area-link-icon-hover .icon .circle-no,\n\t\t\t\t\t.fusion-content-boxes-1 .heading .heading-link:hover .content-box-heading {\n\t\t\t\t\t\tcolor: #ffffff;\n\t\t\t\t\t}\n\t\t\t\t\t.fusion-content-boxes-1 .fusion-content-box-hover .link-area-box-hover .icon .circle-no {\n\t\t\t\t\t\tcolor: #ffffff !important;\n\t\t\t\t\t}.fusion-content-boxes-1 .fusion-content-box-hover .link-area-box.link-area-box-hover .fusion-content-box-button {background: #ff632a;color: #ffffff;}.fusion-content-boxes-1 .fusion-content-box-hover .link-area-box.link-area-box-hover .fusion-content-box-button .fusion-button-text {color: #ffffff;}\n\t\t\t\t\t.fusion-content-boxes-1 .fusion-content-box-hover .link-area-link-icon-hover .heading .icon > span {\n\t\t\t\t\t\tbackground-color: #ffffff !important;\n\t\t\t\t\t}\n\t\t\t\t\t.fusion-content-boxes-1 .fusion-content-box-hover .link-area-box-hover .heading .icon > span {\n\t\t\t\t\t\tborder-color: #ffffff !important;\n\t\t\t\t\t}<\/style><div class=\"fusion-column content-box-column content-box-column content-box-column-1 col-lg-12 col-md-12 col-sm-12 fusion-content-box-hover content-box-column-last content-box-column-last-in-row\"><div class=\"col content-box-wrapper content-wrapper link-area-link-icon content-icon-wrapper-yes icon-hover-animation-fade\" style=\"background-color:rgba(255,255,255,0);\" data-animationOffset=\"top-into-view\"><div class=\"heading icon-left\"><h2 class=\"content-box-heading\" style=\"font-size:24px;line-height:29px;\">Avantaj ak dezavantaj ki genyen l\u00e8 yon moun itilize rezo sosyal pou jwenn enf\u00f2masyon sou sante<\/h2><\/div><div class=\"fusion-clearfix\"><\/div><div class=\"content-container\" style=\"color:#4a4e57;\">\n<table style=\"border-collapse: collapse; width: 100%;\" border=\"1\">\n<thead>\n<tr>\n<th style=\"width: 50%;\">Avantaj<\/th>\n<th style=\"width: 50%;\">Dezavantaj<\/th>\n<\/tr>\n<\/thead>\n<tbody>\n<tr>\n<td style=\"width: 50%;\">\n<p>Li bay edikasyon ak konesans<\/td>\n<td style=\"width: 50%;\">Moun kapab ent\u00e8prete enf\u00f2masyon yo mal<\/td>\n<\/tr>\n<tr>\n<td style=\"width: 50%;\">Li p\u00e8m\u00e8t nenp\u00f2t moun gen aks\u00e8 ak enf\u00f2masyon yo tousuit epi li p\u00e8m\u00e8t nou gen yon aks\u00e8 dir\u00e8k enf\u00f2masyon yo<\/td>\n<td style=\"width: 50%;\">Sa kapab deranje \u00e8d ak konesans dokt\u00e8 yo ak l\u00f2t pwofesyon\u00e8l swen sante kapab bay<\/td>\n<\/tr>\n<tr>\n<td style=\"width: 50%;\">Li bay moun enf\u00f2masyon sou fason pou prevwa kans\u00e8, dekouvri l bon\u00e8, epi jwenn enf\u00f2masyon sou nouvo tretman yo<\/td>\n<td style=\"width: 50%;\">Move enf\u00f2masyon kapab lak\u00f2z moun viv mal, f\u00e8 move prevansyon, oswa chwazi yon move tretman, epi li kapab lak\u00f2z domaj<\/td>\n<\/tr>\n<tr>\n<td style=\"width: 50%;\">P\u00e8m\u00e8t pasyan yo pran responsabilite pou edike t\u00e8t yo<\/td>\n<td style=\"width: 50%;\">Li kapab f\u00e8 moun pa kw\u00e8 dokt\u00e8 yo epi deranje relasyon ki gen ant pasyan yo ak pwofesyon\u00e8l swen sante yo<\/td>\n<\/tr>\n<tr>\n<td style=\"width: 50%;\">Li ede f\u00e8 pwomosyon epi li sip\u00f2te itilizasyon estrateji prevantiv ak tretman yo<\/td>\n<td style=\"width: 50%;\">Li kapab ogmante anksyete<\/td>\n<\/tr>\n<tr>\n<td style=\"width: 50%;\">Li bay pasyan yo mwayen pou edike moun ki nan anviw\u00f2nman yo<\/td>\n<td style=\"width: 50%;\">Kapab simaye move enf\u00f2masyon<\/td>\n<\/tr>\n<\/tbody>\n<\/table>\n<p><small>Nou adapte l apati: Welch-Cline et al. The Roles of Patients&#8217; Internet Use for Cancer Information and Socioeconomic Status in Oncologist-Patient Communication, Journal of Oncology Practice, 2007 (Welch-Cline et al. W\u00f2l Pasyan yo Jwe Nan Itilize Ent\u00e8n\u00e8t pou Jwenn Enf\u00f2masyon sou Kans\u00e8 ak Estati Sosyo-Ekonomik nan Kominikasyon ant Pasyan ak Onkol\u00f2g li, Jounal sou Pratik Onkoloji, 2007).<\/small><\/p>\n<\/div><\/div><\/div><style type=\"text\/css\">\n\t\t\t\t\t\t.fusion-content-boxes-1 .fusion-content-box-hover .heading-link:hover .icon i.circle-yes,\n\t\t\t\t\t\t.fusion-content-boxes-1 .fusion-content-box-hover .link-area-box:hover .heading-link .icon i.circle-yes,\n\t\t\t\t\t\t.fusion-content-boxes-1 .fusion-content-box-hover .link-area-link-icon-hover .heading .icon i.circle-yes,\n\t\t\t\t\t\t.fusion-content-boxes-1 .fusion-content-box-hover .link-area-box-hover .heading .icon i.circle-yes {\n\t\t\t\t\t\t\tbackground-color: #ffffff !important;\n\t\t\t\t\t\t\tborder-color: #ffffff !important;\n\t\t\t\t\t\t}<\/style><div class=\"fusion-clearfix\"><\/div><\/div><div class=\"fusion-text fusion-text-2\"><h3 id=\"doing-your-own-fact-checking\">F\u00e8 pw\u00f2p verifikasyon<\/h3>\n<p>K\u00f2man ou kapab triye pil enf\u00f2masyon sa yo epi chwazi sa ki egzak epi fyab la? Men k\u00e8k etap ou kapab konsidere:<\/p>\n<p><strong>Li pi lwen pase tit la:<\/strong> Li tout atik la pou w kapab w\u00e8 kisa atik la di tout bon. Pa kouri kw\u00e8 nan tit ki dramatik epi ki kapab choke.<\/p>\n<p><strong>Verifye:<\/strong><\/p>\n<p><em>Kiy\u00e8s ki ekri l?<\/em><br \/>\u00c8ske ot\u00e8 a gen kalifikasyon, epi \u00e8ske nou konn repitasyon l? Ki l\u00f2t travay li ap f\u00e8? Kiy\u00e8s ki peye l? \u00c8ske li ap eseye vann yon bagay?<\/p>\n<p><em>Kiy\u00e8s ki pibliye l?<\/em><br \/>\u00c8ske esponns\u00f2 enf\u00f2masyon an se yon moun nou konnen epi nou kapab f\u00e8 konfyans? \u00c8ske enf\u00f2masyon an s\u00f2ti nan yon konpayi ki pa la pou f\u00e8 pwofi? (<a href=\"https:\/\/cancerfactfinder.org\/ht\/resous\/\">Gade nan lis ki bay sous ki fyab yo<\/a>)<\/p>\n<p><em>\u00c8ske se yon verite oswa yon opinyon?<\/em><br \/>\u00c8ske ot\u00e8 a gen eksp\u00e8tiz ki legal nan dom\u00e8n lan? \u00c8ske li prezante done oswa \u00e8ske atik la santre sou opinyon? \u00c8ske li site sous ki fyab? (<a href=\"https:\/\/cancerfactfinder.org\/ht\/resous\/\">Gade nan lis ki bay sous ki fyab yo<\/a>)<\/p>\n<p><em>\u00c8ske atik la resan?<\/em><br \/>Atik ki pa resan yo ka gen enf\u00f2masyon ki pa ajou. Si ou pa s\u00e8ten, ch\u00e8che atik ki pi resan.<\/p>\n<p><em>\u00c8ske se yon fwod?<\/em><br \/>\u00c8ske enf\u00f2masyon an mennen w sou sit yon twazy\u00e8m pati? \u00c8ske yo mande w pou ou achte yon bagay oswa pou ou bay enf\u00f2masyon p\u00e8son\u00e8l? \u00c8ske se yon piblisite ki esponnsorize oswa \u00e8ske se yon piblisite?<\/p>\n<p><strong>Verifye de (2) fwa:<\/strong> Verifye deklarasyon ki gen nan atik la pandan ou ap ch\u00e8che yon dezy\u00e8m sous enf\u00f2masyon ki endepandan epi ki fyab. (<a href=\"https:\/\/cancerfactfinder.org\/ht\/resous\/\">Gade nan lis ki bay sous ki fyab yo<\/a>)<\/p>\n<p><strong>Estil ekriti:<\/strong> Pa dwe gen er\u00e8 gramatikal oswa fot \u00f2tograf. Sa ki ekri a dwe gen yon estil ki kl\u00e8 epi li dwe revize yon fason pwofesyon\u00e8l.<\/p>\n<h3 id=\"the-care-checklist\">Lis verifikasyon CARE<\/h3>\n<p>Lis verifikasyon CARE la se yon l\u00f2t fason pou det\u00e8mine ki sous ki fyab ak ki sous ki pa fyab:<\/p>\n<p><strong>F\u00e8 CARE (ATANSYON) l\u00e8 ou ap gade enf\u00f2masyon yo:<\/strong><\/p>\n<\/div><div class=\"fusion-content-boxes content-boxes columns row fusion-columns-1 fusion-columns-total-4 fusion-content-boxes-2 content-boxes-timeline-vertical content-left content-boxes-timeline-layout content-boxes-icon-with-title factfinder-vert-contentbox fusion-delayed-animation\" data-animation-delay=\"350\" data-animationOffset=\"top-into-view\" style=\"margin-top:;margin-bottom:;\"><style type=\"text\/css\">.fusion-content-boxes-2 .heading .content-box-heading {color:#045593;}\n\t\t\t\t\t.fusion-content-boxes-2 .fusion-content-box-hover .link-area-link-icon-hover .heading .content-box-heading,\n\t\t\t\t\t.fusion-content-boxes-2 .fusion-content-box-hover .link-area-link-icon-hover .heading .heading-link .content-box-heading,\n\t\t\t\t\t.fusion-content-boxes-2 .fusion-content-box-hover .link-area-box-hover .heading .content-box-heading,\n\t\t\t\t\t.fusion-content-boxes-2 .fusion-content-box-hover .link-area-box-hover .heading .heading-link .content-box-heading,\n\t\t\t\t\t.fusion-content-boxes-2 .fusion-content-box-hover .link-area-link-icon-hover.link-area-box .fusion-read-more,\n\t\t\t\t\t.fusion-content-boxes-2 .fusion-content-box-hover .link-area-link-icon-hover.link-area-box .fusion-read-more::after,\n\t\t\t\t\t.fusion-content-boxes-2 .fusion-content-box-hover .link-area-link-icon-hover.link-area-box .fusion-read-more::before,\n\t\t\t\t\t.fusion-content-boxes-2 .fusion-content-box-hover .fusion-read-more:hover:after,\n\t\t\t\t\t.fusion-content-boxes-2 .fusion-content-box-hover .fusion-read-more:hover:before,\n\t\t\t\t\t.fusion-content-boxes-2 .fusion-content-box-hover .fusion-read-more:hover,\n\t\t\t\t\t.fusion-content-boxes-2 .fusion-content-box-hover .link-area-box-hover.link-area-box .fusion-read-more,\n\t\t\t\t\t.fusion-content-boxes-2 .fusion-content-box-hover .link-area-box-hover.link-area-box .fusion-read-more::after,\n\t\t\t\t\t.fusion-content-boxes-2 .fusion-content-box-hover .link-area-box-hover.link-area-box .fusion-read-more::before,\n\t\t\t\t\t.fusion-content-boxes-2 .fusion-content-box-hover .link-area-link-icon-hover .icon .circle-no,\n\t\t\t\t\t.fusion-content-boxes-2 .heading .heading-link:hover .content-box-heading {\n\t\t\t\t\t\tcolor: #045593;\n\t\t\t\t\t}\n\t\t\t\t\t.fusion-content-boxes-2 .fusion-content-box-hover .link-area-box-hover .icon .circle-no {\n\t\t\t\t\t\tcolor: #045593 !important;\n\t\t\t\t\t}.fusion-content-boxes-2 .fusion-content-box-hover .link-area-box.link-area-box-hover .fusion-content-box-button {background: #ff632a;color: #ffffff;}.fusion-content-boxes-2 .fusion-content-box-hover .link-area-box.link-area-box-hover .fusion-content-box-button .fusion-button-text {color: #ffffff;}\n\t\t\t\t\t.fusion-content-boxes-2 .fusion-content-box-hover .link-area-link-icon-hover .heading .icon > span {\n\t\t\t\t\t\tbackground-color: #045593 !important;\n\t\t\t\t\t}\n\t\t\t\t\t.fusion-content-boxes-2 .fusion-content-box-hover .link-area-box-hover .heading .icon > span {\n\t\t\t\t\t\tborder-color: #045593 !important;\n\t\t\t\t\t}<\/style><div class=\"fusion-column content-box-column content-box-column content-box-column-1 col-lg-12 col-md-12 col-sm-12 fusion-content-box-hover content-box-column-last-in-row\"><div class=\"col content-box-wrapper content-wrapper link-area-link-icon content-icon-wrapper-yes icon-hover-animation-none fusion-animated\" style=\"background-color:rgba(255,255,255,0);\" data-animationType=\"fadeIn\" data-animationDuration=\"0.25\" data-animationOffset=\"top-into-view\"><div class=\"heading icon-left\"><h3 class=\"content-box-heading\" style=\"font-size:24px;line-height:29px;\">Deklarasyon<\/h3><\/div><div class=\"fusion-clearfix\"><\/div><div class=\"content-container\" style=\"color:#4a4e57;\">\n<p>\u00c8ske deklarasyon an sanble ak yon eskandal, \u00e8ske li gen enf\u00f2masyon ki tw\u00f2 konplike, \u00e8ske li pale prensipalman sou rem\u00e8d natir\u00e8l, epi \u00e8ske li gen del\u00e8 ki fo (yo rive tw\u00f2 rapid pou sanble verite)?<\/p>\n<\/div><\/div><\/div><div class=\"fusion-column content-box-column content-box-column content-box-column-2 col-lg-12 col-md-12 col-sm-12 fusion-content-box-hover content-box-column-last-in-row\"><div class=\"col content-box-wrapper content-wrapper link-area-link-icon content-icon-wrapper-yes icon-hover-animation-none fusion-animated\" style=\"background-color:rgba(255,255,255,0);\" data-animationType=\"fadeIn\" data-animationDuration=\"0.25\" data-animationOffset=\"top-into-view\"><div class=\"heading icon-left\"><h3 class=\"content-box-heading\" style=\"font-size:24px;line-height:29px;\">Akseptab<\/h3><\/div><div class=\"fusion-clearfix\"><\/div><div class=\"content-container\" style=\"color:#4a4e57;\">\n<p>Verifye deklarasyon an av\u00e8k l\u00f2t sous moun respekte. Gade atrav\u00e8 enf\u00f2masyon an pou w\u00e8 nenp\u00f2t er\u00e8 gramatikal ak fot \u00f2tograf. Atik pwofesyon\u00e8l yo gen yon estil ki kl\u00e8 epi li dwe revize yon fason pwofesyon\u00e8l. \u00c8ske sit ent\u00e8n\u00e8t la oswa atik la estriktire? \u00c8ske ot\u00e8 a sanble gen l\u00f2t atik li ekri ki gen bon repitasyon?<\/p>\n<\/div><\/div><\/div><div class=\"fusion-column content-box-column content-box-column content-box-column-3 col-lg-12 col-md-12 col-sm-12 fusion-content-box-hover content-box-column-last-in-row\"><div class=\"col content-box-wrapper content-wrapper link-area-link-icon content-icon-wrapper-yes icon-hover-animation-none fusion-animated\" style=\"background-color:rgba(255,255,255,0);\" data-animationType=\"fadeIn\" data-animationDuration=\"0.25\" data-animationOffset=\"top-into-view\"><div class=\"heading icon-left\"><h3 class=\"content-box-heading\" style=\"font-size:24px;line-height:29px;\">Demann<\/h3><\/div><div class=\"fusion-clearfix\"><\/div><div class=\"content-container\" style=\"color:#4a4e57;\">\n<p>\u00c8ske sit ent\u00e8n\u00e8t la oswa sous la mande moun ki ap li a pou li achte k\u00e8k pwodui (tankou sipleman, rem\u00e8d natir\u00e8l, rem\u00e8d), f\u00e8 don, oswa f\u00e8 yon peman sou sit ent\u00e8n\u00e8t lan? Pa ale sou sit ent\u00e8n\u00e8t yon twazy\u00e8m pati l\u00e8 sous la mande w f\u00e8 sa, epi pa janm bay enf\u00f2masyon p\u00e8son\u00e8l ou.<\/p>\n<\/div><\/div><\/div><div class=\"fusion-column content-box-column content-box-column content-box-column-4 col-lg-12 col-md-12 col-sm-12 fusion-content-box-hover content-box-column-last content-box-column-last-in-row\"><div class=\"col content-box-wrapper content-wrapper link-area-link-icon content-icon-wrapper-yes icon-hover-animation-none fusion-animated\" style=\"background-color:rgba(255,255,255,0);\" data-animationType=\"fadeIn\" data-animationDuration=\"0.25\" data-animationOffset=\"top-into-view\"><div class=\"heading icon-left\"><h3 class=\"content-box-heading\" style=\"font-size:24px;line-height:29px;\">Pr\u00e8v<\/h3><\/div><div class=\"fusion-clearfix\"><\/div><div class=\"content-container\" style=\"color:#4a4e57;\">\n<p>\u00c8ske ot\u00e8 a verifye deklarasyon li an pandan li ap itilize sous moun kapab f\u00e8 konfyans? \u00c8ske li site epi li mete kote li te jwenn tout enf\u00f2masyon sa yo? (Sous fyab yo ka fini av\u00e8k .edu oswa .gov epi li gen ladan l lopital ak l\u00f2t sit ent\u00e8n\u00e8t ki se .org.)<\/p>\n<\/div><\/div><\/div><style type=\"text\/css\">\n\t\t\t\t\t\t.fusion-content-boxes-2 .fusion-content-box-hover .heading-link:hover .icon i.circle-yes,\n\t\t\t\t\t\t.fusion-content-boxes-2 .fusion-content-box-hover .link-area-box:hover .heading-link .icon i.circle-yes,\n\t\t\t\t\t\t.fusion-content-boxes-2 .fusion-content-box-hover .link-area-link-icon-hover .heading .icon i.circle-yes,\n\t\t\t\t\t\t.fusion-content-boxes-2 .fusion-content-box-hover .link-area-box-hover .heading .icon i.circle-yes {\n\t\t\t\t\t\t\tbackground-color: #045593 !important;\n\t\t\t\t\t\t\tborder-color: #045593 !important;\n\t\t\t\t\t\t}<\/style><div class=\"fusion-clearfix\"><\/div><\/div><\/div><style type=\"text\/css\">.fusion-body .fusion-builder-column-0{width:100% !important;margin-top : 0px;margin-bottom : 20px;}.fusion-builder-column-0 > .fusion-column-wrapper {padding-top : 0px !important;padding-right : 0px !important;margin-right : 1.92%;padding-bottom : 0px !important;padding-left : 0px !important;margin-left : 1.92%;}@media only screen and (max-width:1024px) {.fusion-body .fusion-builder-column-0{width:100% !important;order : 0;}.fusion-builder-column-0 > .fusion-column-wrapper {margin-right : 1.92%;margin-left : 1.92%;}}@media only screen and (max-width:640px) {.fusion-body .fusion-builder-column-0{width:100% !important;order : 0;}.fusion-builder-column-0 > .fusion-column-wrapper {margin-right : 1.92%;margin-left : 1.92%;}}<\/style><\/div><\/div><style type=\"text\/css\">.fusion-body .fusion-flex-container.fusion-builder-row-1{ padding-top : 0px;margin-top : 0px;padding-right : 0px;padding-bottom : 0px;margin-bottom : 0px;padding-left : 0px;}<\/style><\/div>\n","protected":false},"excerpt":{"rendered":"","protected":false},"author":1,"featured_media":0,"parent":0,"menu_order":4,"comment_status":"closed","ping_status":"closed","template":"","meta":{"inline_featured_image":false,"footnotes":""},"aioseo_notices":[],"_links":{"self":[{"href":"https:\/\/cancerfactfinder.org\/ht\/wp-json\/wp\/v2\/pages\/3169"}],"collection":[{"href":"https:\/\/cancerfactfinder.org\/ht\/wp-json\/wp\/v2\/pages"}],"about":[{"href":"https:\/\/cancerfactfinder.org\/ht\/wp-json\/wp\/v2\/types\/page"}],"author":[{"embeddable":true,"href":"https:\/\/cancerfactfinder.org\/ht\/wp-json\/wp\/v2\/users\/1"}],"replies":[{"embeddable":true,"href":"https:\/\/cancerfactfinder.org\/ht\/wp-json\/wp\/v2\/comments?post=3169"}],"version-history":[{"count":10,"href":"https:\/\/cancerfactfinder.org\/ht\/wp-json\/wp\/v2\/pages\/3169\/revisions"}],"predecessor-version":[{"id":4310,"href":"https:\/\/cancerfactfinder.org\/ht\/wp-json\/wp\/v2\/pages\/3169\/revisions\/4310"}],"wp:attachment":[{"href":"https:\/\/cancerfactfinder.org\/ht\/wp-json\/wp\/v2\/media?parent=3169"}],"curies":[{"name":"wp","href":"https:\/\/api.w.org\/{rel}","templated":true}]}}