{"id":3208,"date":"2022-02-03T16:37:09","date_gmt":"2022-02-03T16:37:09","guid":{"rendered":"https:\/\/cancerfactfinder.org\/ekip-nou-an\/"},"modified":"2022-02-03T16:37:09","modified_gmt":"2022-02-03T16:37:09","slug":"ekip-nou-an","status":"publish","type":"page","link":"https:\/\/cancerfactfinder.org\/ht\/ekip-nou-an\/","title":{"rendered":"Ekip nou an"},"content":{"rendered":"<p>Ekip Cancer FactFinder gen ladan l eksp\u00e8 syantifik ansanm ak manm kominote a. Moun sa yo pa eksp\u00e8 nan tout dom\u00e8n ki prezante nan FactFinder\u2014se pou rezon sa nou gen yon ekip ki gen konesans nan diferan dom\u00e8n pou asire nou kapab jwenn enf\u00f2masyon ki egzak epi ki fyab sou div\u00e8s kalite sij\u00e8.<\/p>\n<p>Manm ekip yo te verifye epi yo te edite enf\u00f2masyon sou kans\u00e8 nou prezante sou sit sa a. Moun sa yo se:<\/p>\n<p>Susan Chaityn Lebovits (Boston Cancer Support, Boston, MA)<br \/>\nLydia Conley (Harvard T.H. Chan School of Public Health, Boston, MA)<br \/>\nChristina Dieli-Conwright, PhD (Dana-Farber Cancer Institute, Boston, MA)<br \/>\nStephanie Harriston-Diggs (Community Advocate, Boston, MA)<br \/>\nDanielle Kline (Yale University, New Haven, CT)<br \/>\nCassie Du (Yale University, New Haven, CT)<br \/>\nMatias Latorre (Boston University, Boston, MA)<br \/>\nLorelei Ann Mucci, ScD (Harvard T.H. Chan School of Public Health, Boston, MA)<br \/>\nTimothy Rebbeck, PhD, Editor in Chief (Dana-Farber Cancer Institute and Harvard T.H. Chan School of Public Health, Boston, MA)<br \/>\nFrank Robinson (BayState Health, Springfield, MA)<br \/>\nLamont Scott (Men of Color Health Awareness, Springfield, MA)<br \/>\nDoris Sempasa, MS (Dana-Farber\/Harvard Cancer Center, Boston, MA)<br \/>\nEsha Shafiq (Dana-Farber Cancer Institute, Boston, MA)<br \/>\nMingyang Song, MBBS ScD (Harvard T.H. Chan School of Public Health, Boston, MA)<\/p>\n<p>Ou vle f\u00e8 yon k\u00f2mant\u00e8 sou apw\u00f2ch nou an? Ou vle f\u00e8 sijesyon pou l\u00f2t sij\u00e8? Ou gen enkyetid sou enf\u00f2masyon nou bay yo? Tanpri di nou sa w panse sou <a href=\"&#109;&#x61;i&#108;&#x74;o&#x3a;&#x63;&#103;&#x63;p&#64;&#x68;s&#112;&#x68;&#46;&#x68;a&#114;&#x76;a&#114;&#x64;&#46;&#x65;&#x64;&#117;\">&#99;&#x67;c&#112;&#x40;h&#115;&#x70;h&#x2e;&#x68;&#97;&#x72;v&#97;&#x72;d&#46;&#x65;d&#x75;.<\/a><\/p>\n<h2 id=\"thanks-to-our-sponsors\">M\u00e8si ak patn\u00e8 nou yo<\/h2>\n<p class=\"sponsor-logos\"><a href=\"https:\/\/dana-farber.org\" target=\"_blank\" rel=\"noopener noreferrer\"><img decoding=\"async\" class=\"alignnone size-full wp-image-488\" src=\"\/wp-content\/uploads\/2022\/04\/dfci.svg\" alt=\"Dana-Farber Cancer Institute logo\" width=\"247\" height=\"60\"><\/a><a href=\"https:\/\/www.dfhcc.harvard.edu\/research\/center-for-cancer-equity-and-engagement\/\" target=\"_blank\" rel=\"noopener noreferrer\"><img decoding=\"async\" width=\"273\" height=\"146\" class=\"alignnone size-full wp-image-489\" src=\"\/wp-content\/uploads\/2022\/04\/dfhcc_ccee.png\" srcset=\"\/wp-content\/uploads\/2022\/04\/dfhcc_ccee.png 1x, \/&#119;&#112;&#x2d;&#x63;o&#110;&#116;&#x65;&#x6e;&#x74;\/&#117;&#112;&#x6c;&#x6f;ad&#115;&#x2f;&#x32;&#x30;2&#50;&#47;&#x30;&#x34;\/d&#102;&#x68;&#x63;&#x63;_&#99;&#99;&#x65;&#x65;&#64;2&#120;&#x2e;&#x70;&#x6e;g 2x\" alt=\"DF\/HCC Center for Cancer Equity and Engagement logo\"><\/a><\/p>\n","protected":false},"excerpt":{"rendered":"<p>Ekip Cancer FactFinder gen ladan l eksp\u00e8 syantifik ansanm ak manm kominote a. Moun sa yo pa eksp\u00e8 nan tout dom\u00e8n ki prezante nan FactFinder\u2014se pou rezon sa nou gen yon ekip ki gen konesans nan diferan dom\u00e8n pou asire nou kapab jwenn enf\u00f2masyon ki egzak epi ki fyab sou [&hellip;]<\/p>\n","protected":false},"author":1,"featured_media":0,"parent":0,"menu_order":3,"comment_status":"closed","ping_status":"closed","template":"","meta":{"inline_featured_image":false,"footnotes":""},"aioseo_notices":[],"_links":{"self":[{"href":"https:\/\/cancerfactfinder.org\/ht\/wp-json\/wp\/v2\/pages\/3208"}],"collection":[{"href":"https:\/\/cancerfactfinder.org\/ht\/wp-json\/wp\/v2\/pages"}],"about":[{"href":"https:\/\/cancerfactfinder.org\/ht\/wp-json\/wp\/v2\/types\/page"}],"author":[{"embeddable":true,"href":"https:\/\/cancerfactfinder.org\/ht\/wp-json\/wp\/v2\/users\/1"}],"replies":[{"embeddable":true,"href":"https:\/\/cancerfactfinder.org\/ht\/wp-json\/wp\/v2\/comments?post=3208"}],"version-history":[{"count":0,"href":"https:\/\/cancerfactfinder.org\/ht\/wp-json\/wp\/v2\/pages\/3208\/revisions"}],"wp:attachment":[{"href":"https:\/\/cancerfactfinder.org\/ht\/wp-json\/wp\/v2\/media?parent=3208"}],"curies":[{"name":"wp","href":"https:\/\/api.w.org\/{rel}","templated":true}]}}