{"id":1073,"date":"2022-02-03T16:41:14","date_gmt":"2022-02-03T16:41:14","guid":{"rendered":"https:\/\/cancerfactfinder.org\/como-confirmar-os-factos\/"},"modified":"2023-04-11T19:48:00","modified_gmt":"2023-04-11T19:48:00","slug":"como-confirmar-os-factos","status":"publish","type":"page","link":"https:\/\/cancerfactfinder.org\/pt-pt\/como-confirmar-os-factos\/","title":{"rendered":"Como confirmar os factos"},"content":{"rendered":"<div class=\"fusion-fullwidth fullwidth-box fusion-builder-row-1 fusion-flex-container nonhundred-percent-fullwidth non-hundred-percent-height-scrolling\" style=\"background-color: rgba(255,255,255,0);background-position: center center;background-repeat: no-repeat;border-width: 0px 0px 0px 0px;border-color:#e2e2e2;border-style:solid;\" ><div class=\"fusion-builder-row fusion-row fusion-flex-align-items-flex-start\" style=\"max-width:1456px;margin-left: calc(-4% \/ 2 );margin-right: calc(-4% \/ 2 );\"><div class=\"fusion-layout-column fusion_builder_column fusion-builder-column-0 fusion_builder_column_1_1 1_1 fusion-flex-column\"><div class=\"fusion-column-wrapper fusion-flex-justify-content-flex-start fusion-content-layout-column\" style=\"background-position:left top;background-repeat:no-repeat;-webkit-background-size:cover;-moz-background-size:cover;-o-background-size:cover;background-size:cover;padding: 0px 0px 0px 0px;\"><div class=\"fusion-text fusion-text-1\"><h2 id=\"tools-to-help-you-decide-what-\">Ferramentas para ajudar a decidir o que \u00e9 factual e o que n\u00e3o \u00e9<\/h2>\n<p>Est\u00e3o dispon\u00edveis informa\u00e7\u00f5es sobre o cancro em muitas fontes. Como pode saber o que \u00e9 verdade e o que n\u00e3o \u00e9? Muitas vezes, \u00e9 dif\u00edcil saber que informa\u00e7\u00f5es s\u00e3o precisas e em que fontes de informa\u00e7\u00f5es pode confiar. Aqui est\u00e3o algumas ferramentas que usamos para decidir se as informa\u00e7\u00f5es que encontramos s\u00e3o fi\u00e1veis.<\/p>\n<h3 id=\"assessing-online-information\">Avaliar as informa\u00e7\u00f5es online<\/h3>\n<p>As redes sociais e outras fontes da Internet s\u00e3o recursos valiosos e facilmente acess\u00edveis para muitos de n\u00f3s encontrarmos respostas para as nossas perguntas. Segue-se um resumo das vantagens e desvantagens de usar a Internet para obter informa\u00e7\u00f5es sobre sa\u00fade:<\/p>\n<\/div><div class=\"fusion-content-boxes content-boxes columns row fusion-columns-1 fusion-columns-total-1 fusion-content-boxes-1 content-boxes-icon-with-title content-left factfinder-callout-box factfinder-table\" data-animationOffset=\"top-into-view\" style=\"margin-top:;margin-bottom:;\"><style type=\"text\/css\">.fusion-content-boxes-1 .heading .content-box-heading {color:#ffffff;}\n\t\t\t\t\t.fusion-content-boxes-1 .fusion-content-box-hover .link-area-link-icon-hover .heading .content-box-heading,\n\t\t\t\t\t.fusion-content-boxes-1 .fusion-content-box-hover .link-area-link-icon-hover .heading .heading-link .content-box-heading,\n\t\t\t\t\t.fusion-content-boxes-1 .fusion-content-box-hover .link-area-box-hover .heading .content-box-heading,\n\t\t\t\t\t.fusion-content-boxes-1 .fusion-content-box-hover .link-area-box-hover .heading .heading-link .content-box-heading,\n\t\t\t\t\t.fusion-content-boxes-1 .fusion-content-box-hover .link-area-link-icon-hover.link-area-box .fusion-read-more,\n\t\t\t\t\t.fusion-content-boxes-1 .fusion-content-box-hover .link-area-link-icon-hover.link-area-box .fusion-read-more::after,\n\t\t\t\t\t.fusion-content-boxes-1 .fusion-content-box-hover .link-area-link-icon-hover.link-area-box .fusion-read-more::before,\n\t\t\t\t\t.fusion-content-boxes-1 .fusion-content-box-hover .fusion-read-more:hover:after,\n\t\t\t\t\t.fusion-content-boxes-1 .fusion-content-box-hover .fusion-read-more:hover:before,\n\t\t\t\t\t.fusion-content-boxes-1 .fusion-content-box-hover .fusion-read-more:hover,\n\t\t\t\t\t.fusion-content-boxes-1 .fusion-content-box-hover .link-area-box-hover.link-area-box .fusion-read-more,\n\t\t\t\t\t.fusion-content-boxes-1 .fusion-content-box-hover .link-area-box-hover.link-area-box .fusion-read-more::after,\n\t\t\t\t\t.fusion-content-boxes-1 .fusion-content-box-hover .link-area-box-hover.link-area-box .fusion-read-more::before,\n\t\t\t\t\t.fusion-content-boxes-1 .fusion-content-box-hover .link-area-link-icon-hover .icon .circle-no,\n\t\t\t\t\t.fusion-content-boxes-1 .heading .heading-link:hover .content-box-heading {\n\t\t\t\t\t\tcolor: #ffffff;\n\t\t\t\t\t}\n\t\t\t\t\t.fusion-content-boxes-1 .fusion-content-box-hover .link-area-box-hover .icon .circle-no {\n\t\t\t\t\t\tcolor: #ffffff !important;\n\t\t\t\t\t}.fusion-content-boxes-1 .fusion-content-box-hover .link-area-box.link-area-box-hover .fusion-content-box-button {background: #ff632a;color: #ffffff;}.fusion-content-boxes-1 .fusion-content-box-hover .link-area-box.link-area-box-hover .fusion-content-box-button .fusion-button-text {color: #ffffff;}\n\t\t\t\t\t.fusion-content-boxes-1 .fusion-content-box-hover .link-area-link-icon-hover .heading .icon > span {\n\t\t\t\t\t\tbackground-color: #ffffff !important;\n\t\t\t\t\t}\n\t\t\t\t\t.fusion-content-boxes-1 .fusion-content-box-hover .link-area-box-hover .heading .icon > span {\n\t\t\t\t\t\tborder-color: #ffffff !important;\n\t\t\t\t\t}<\/style><div class=\"fusion-column content-box-column content-box-column content-box-column-1 col-lg-12 col-md-12 col-sm-12 fusion-content-box-hover content-box-column-last content-box-column-last-in-row\"><div class=\"col content-box-wrapper content-wrapper link-area-link-icon content-icon-wrapper-yes icon-hover-animation-fade\" style=\"background-color:rgba(255,255,255,0);\" data-animationOffset=\"top-into-view\"><div class=\"heading icon-left\"><h2 class=\"content-box-heading\" style=\"font-size:24px;line-height:29px;\">Pr\u00f3s e contras de usar as redes sociais e a Internet para obter informa\u00e7\u00f5es sobre sa\u00fade<\/h2><\/div><div class=\"fusion-clearfix\"><\/div><div class=\"content-container\" style=\"color:#4a4e57;\">\n<table style=\"border-collapse: collapse; width: 100%;\" border=\"1\">\n<thead>\n<tr>\n<th style=\"width: 50%;\">Pr\u00f3s<\/th>\n<th style=\"width: 50%;\">Contras<\/th>\n<\/tr>\n<\/thead>\n<tbody>\n<tr>\n<td style=\"width: 50%;\">Oferece educa\u00e7\u00e3o e conhecimento<\/td>\n<td style=\"width: 50%;\">As informa\u00e7\u00f5es podem ser interpretadas incorretamente<\/td>\n<\/tr>\n<tr>\n<td style=\"width: 50%;\">Permite o acesso imediato e direto \u00e0 informa\u00e7\u00e3o por qualquer pessoa<\/td>\n<td style=\"width: 50%;\">Pode prejudicar a ajuda e o conhecimento que m\u00e9dicos e outros profissionais de sa\u00fade poderiam dar<\/td>\n<\/tr>\n<tr>\n<td style=\"width: 50%;\">Informa as pessoas sobre formas de prevenir o cancro, detet\u00e1-lo precocemente e aprender sobre novos tratamentos<\/td>\n<td style=\"width: 50%;\">A desinforma\u00e7\u00e3o pode levar a escolhas de estilo de vida, preven\u00e7\u00e3o ou tratamento erradas e pode causar danos<\/td>\n<\/tr>\n<tr>\n<td style=\"width: 50%;\">Permite que os pacientes assumam a responsabilidade de se educarem<\/td>\n<td style=\"width: 50%;\">Pode criar desconfian\u00e7a nos m\u00e9dicos e prejudicar a rela\u00e7\u00e3o entre os pacientes e os seus profissionais de cuidados de sa\u00fade<\/td>\n<\/tr>\n<tr>\n<td style=\"width: 50%;\">Ajuda a promover e a apoiar o uso de estrat\u00e9gias e tratamentos preventivos<\/td>\n<td style=\"width: 50%;\">Pode aumentar a ansiedade<\/td>\n<\/tr>\n<tr>\n<td style=\"width: 50%;\">Capacita os pacientes a educar as pessoas \u00e0 sua volta<\/td>\n<td style=\"width: 50%;\">Pode disseminar a desinforma\u00e7\u00e3o<\/td>\n<\/tr>\n<\/tbody>\n<\/table>\n<p><small>Adaptado de: Welch-Cline et al. The Roles of Patients&#8217; Internet Use for Cancer Information and Socioeconomic Status in Oncologist-Patient Communication, Journal of Oncology Practice, 2007.<\/small><\/p>\n<\/div><\/div><\/div><style type=\"text\/css\">\n\t\t\t\t\t\t.fusion-content-boxes-1 .fusion-content-box-hover .heading-link:hover .icon i.circle-yes,\n\t\t\t\t\t\t.fusion-content-boxes-1 .fusion-content-box-hover .link-area-box:hover .heading-link .icon i.circle-yes,\n\t\t\t\t\t\t.fusion-content-boxes-1 .fusion-content-box-hover .link-area-link-icon-hover .heading .icon i.circle-yes,\n\t\t\t\t\t\t.fusion-content-boxes-1 .fusion-content-box-hover .link-area-box-hover .heading .icon i.circle-yes {\n\t\t\t\t\t\t\tbackground-color: #ffffff !important;\n\t\t\t\t\t\t\tborder-color: #ffffff !important;\n\t\t\t\t\t\t}<\/style><div class=\"fusion-clearfix\"><\/div><\/div><div class=\"fusion-text fusion-text-2\"><h3 id=\"doing-your-own-fact-checking\">Fazer a sua pr\u00f3pria verifica\u00e7\u00e3o de factos<\/h3>\n<p>Como pode filtrar as enormes quantidades de informa\u00e7\u00f5es e escolher o que \u00e9 preciso e fi\u00e1vel? Aqui est\u00e3o alguns passos a considerar:<\/p>\n<p><strong>Leia para al\u00e9m do t\u00edtulo:<\/strong> leia o artigo completo para saber o que o artigo diz realmente. N\u00e3o se deixe levar por t\u00edtulos dram\u00e1ticos e chocantes.<\/p>\n<p><strong>Verifique:<\/strong><\/p>\n<p><em>Quem escreveu?<\/em><br \/>\nQuais s\u00e3o as credenciais e a reputa\u00e7\u00e3o do autor? Que outro trabalho faz? Quem lhe paga? Est\u00e1 a tentar vender algo?<\/p>\n<p><em>Quem publicou?<\/em><br \/>\nO patrocinador da informa\u00e7\u00e3o \u00e9 conhecido e fi\u00e1vel? As informa\u00e7\u00f5es s\u00e3o provenientes de uma empresa com fins lucrativos? (<a href=\"https:\/\/cancerfactfinder.org\/pt-pt\/recursos\/\">Consulte uma lista de fontes fi\u00e1veis<\/a>)<\/p>\n<p><em>Trata-se de factos ou opini\u00f5es?<\/em><br \/>\nO autor possui experi\u00eancia leg\u00edtima na \u00e1rea e apresenta dados, ou o artigo \u00e9 centrado em opini\u00f5es? Est\u00e3o a ser citadas fontes fi\u00e1veis? (<a href=\"https:\/\/cancerfactfinder.org\/pt-pt\/recursos\/\">Consulte uma lista de fontes fi\u00e1veis<\/a>)<\/p>\n<p><em>O artigo \u00e9 recente?<\/em><br \/>\nOs artigos mais antigos podem ter informa\u00e7\u00f5es desatualizadas. Se n\u00e3o tiver a certeza, procure artigos mais recentes.<\/p>\n<p><em>\u00c9 um esquema?<\/em><br \/>\nAs informa\u00e7\u00f5es direcionam-no para um site de terceiros? Est\u00e3o a pedir-lhe para comprar algo ou fornecer informa\u00e7\u00f5es pessoais? \u00c9 uma publica\u00e7\u00e3o patrocinada ou um an\u00fancio?<\/p>\n<p><strong>Confirme duas vezes:<\/strong> valide as afirma\u00e7\u00f5es do artigo encontrando uma segunda fonte de informa\u00e7\u00e3o fi\u00e1vel e independente. (<a href=\"https:\/\/cancerfactfinder.org\/pt-pt\/recursos\/\">Consulte uma lista de fontes fi\u00e1veis<\/a>)<\/p>\n<p><strong>Estilo de escrita:<\/strong> n\u00e3o devem existir erros gramaticais ou ortogr\u00e1ficos. A escrita deve ter um estilo claro e ser editada profissionalmente.<\/p>\n<h3 id=\"the-care-checklist\">A lista de verifica\u00e7\u00e3o CARE<\/h3>\n<p>A lista de verifica\u00e7\u00e3o CARE \u00e9 outra forma de determinar que fontes s\u00e3o fi\u00e1veis e que fontes n\u00e3o s\u00e3o:<\/p>\n<p><strong>Tenha cuidado ao ver informa\u00e7\u00f5es:<\/strong><\/p>\n<\/div><div class=\"fusion-content-boxes content-boxes columns row fusion-columns-1 fusion-columns-total-4 fusion-content-boxes-2 content-boxes-timeline-vertical content-left content-boxes-timeline-layout content-boxes-icon-with-title factfinder-vert-contentbox fusion-delayed-animation\" data-animation-delay=\"350\" data-animationOffset=\"top-into-view\" style=\"margin-top:;margin-bottom:;\"><style type=\"text\/css\">.fusion-content-boxes-2 .heading .content-box-heading {color:#045593;}\n\t\t\t\t\t.fusion-content-boxes-2 .fusion-content-box-hover .link-area-link-icon-hover .heading .content-box-heading,\n\t\t\t\t\t.fusion-content-boxes-2 .fusion-content-box-hover .link-area-link-icon-hover .heading .heading-link .content-box-heading,\n\t\t\t\t\t.fusion-content-boxes-2 .fusion-content-box-hover .link-area-box-hover .heading .content-box-heading,\n\t\t\t\t\t.fusion-content-boxes-2 .fusion-content-box-hover .link-area-box-hover .heading .heading-link .content-box-heading,\n\t\t\t\t\t.fusion-content-boxes-2 .fusion-content-box-hover .link-area-link-icon-hover.link-area-box .fusion-read-more,\n\t\t\t\t\t.fusion-content-boxes-2 .fusion-content-box-hover .link-area-link-icon-hover.link-area-box .fusion-read-more::after,\n\t\t\t\t\t.fusion-content-boxes-2 .fusion-content-box-hover .link-area-link-icon-hover.link-area-box .fusion-read-more::before,\n\t\t\t\t\t.fusion-content-boxes-2 .fusion-content-box-hover .fusion-read-more:hover:after,\n\t\t\t\t\t.fusion-content-boxes-2 .fusion-content-box-hover .fusion-read-more:hover:before,\n\t\t\t\t\t.fusion-content-boxes-2 .fusion-content-box-hover .fusion-read-more:hover,\n\t\t\t\t\t.fusion-content-boxes-2 .fusion-content-box-hover .link-area-box-hover.link-area-box .fusion-read-more,\n\t\t\t\t\t.fusion-content-boxes-2 .fusion-content-box-hover .link-area-box-hover.link-area-box .fusion-read-more::after,\n\t\t\t\t\t.fusion-content-boxes-2 .fusion-content-box-hover .link-area-box-hover.link-area-box .fusion-read-more::before,\n\t\t\t\t\t.fusion-content-boxes-2 .fusion-content-box-hover .link-area-link-icon-hover .icon .circle-no,\n\t\t\t\t\t.fusion-content-boxes-2 .heading .heading-link:hover .content-box-heading {\n\t\t\t\t\t\tcolor: #045593;\n\t\t\t\t\t}\n\t\t\t\t\t.fusion-content-boxes-2 .fusion-content-box-hover .link-area-box-hover .icon .circle-no {\n\t\t\t\t\t\tcolor: #045593 !important;\n\t\t\t\t\t}.fusion-content-boxes-2 .fusion-content-box-hover .link-area-box.link-area-box-hover .fusion-content-box-button {background: #ff632a;color: #ffffff;}.fusion-content-boxes-2 .fusion-content-box-hover .link-area-box.link-area-box-hover .fusion-content-box-button .fusion-button-text {color: #ffffff;}\n\t\t\t\t\t.fusion-content-boxes-2 .fusion-content-box-hover .link-area-link-icon-hover .heading .icon > span {\n\t\t\t\t\t\tbackground-color: #045593 !important;\n\t\t\t\t\t}\n\t\t\t\t\t.fusion-content-boxes-2 .fusion-content-box-hover .link-area-box-hover .heading .icon > span {\n\t\t\t\t\t\tborder-color: #045593 !important;\n\t\t\t\t\t}<\/style><div class=\"fusion-column content-box-column content-box-column content-box-column-1 col-lg-12 col-md-12 col-sm-12 fusion-content-box-hover content-box-column-last-in-row\"><div class=\"col content-box-wrapper content-wrapper link-area-link-icon content-icon-wrapper-yes icon-hover-animation-none fusion-animated\" style=\"background-color:rgba(255,255,255,0);\" data-animationType=\"fadeIn\" data-animationDuration=\"0.25\" data-animationOffset=\"top-into-view\"><div class=\"heading icon-left\"><h3 class=\"content-box-heading\" style=\"font-size:24px;line-height:29px;\">Claim (Alega\u00e7\u00e3o)<\/h3><\/div><div class=\"fusion-clearfix\"><\/div><div class=\"content-container\" style=\"color:#4a4e57;\">\n<p>A afirma\u00e7\u00e3o parece ultrajante, tem informa\u00e7\u00f5es excessivamente complicadas, aborda sobretudo curas naturais e per\u00edodos de tempo falsos (demasiado depressa para ser verdade)?<\/p>\n<\/div><\/div><\/div><div class=\"fusion-column content-box-column content-box-column content-box-column-2 col-lg-12 col-md-12 col-sm-12 fusion-content-box-hover content-box-column-last-in-row\"><div class=\"col content-box-wrapper content-wrapper link-area-link-icon content-icon-wrapper-yes icon-hover-animation-none fusion-animated\" style=\"background-color:rgba(255,255,255,0);\" data-animationType=\"fadeIn\" data-animationDuration=\"0.25\" data-animationOffset=\"top-into-view\"><div class=\"heading icon-left\"><h3 class=\"content-box-heading\" style=\"font-size:24px;line-height:29px;\">Acceptable (Aceit\u00e1vel)<\/h3><\/div><div class=\"fusion-clearfix\"><\/div><div class=\"content-container\" style=\"color:#4a4e57;\">\n<p>Valide a alega\u00e7\u00e3o junto de outras fontes conceituadas. Procure quaisquer erros gramaticais e ortogr\u00e1ficos nas informa\u00e7\u00f5es. Os artigos profissionais t\u00eam um estilo claro e s\u00e3o editados profissionalmente. O site ou o artigo tem uma estrutura? Parece que o autor tem outros elementos de escrita conceituados?<\/p>\n<\/div><\/div><\/div><div class=\"fusion-column content-box-column content-box-column content-box-column-3 col-lg-12 col-md-12 col-sm-12 fusion-content-box-hover content-box-column-last-in-row\"><div class=\"col content-box-wrapper content-wrapper link-area-link-icon content-icon-wrapper-yes icon-hover-animation-none fusion-animated\" style=\"background-color:rgba(255,255,255,0);\" data-animationType=\"fadeIn\" data-animationDuration=\"0.25\" data-animationOffset=\"top-into-view\"><div class=\"heading icon-left\"><h3 class=\"content-box-heading\" style=\"font-size:24px;line-height:29px;\">Request (Pedido)<\/h3><\/div><div class=\"fusion-clearfix\"><\/div><div class=\"content-container\" style=\"color:#4a4e57;\">\n<p>O site\/fonte est\u00e1 a pedir que o leitor compre determinados produtos (como suplementos, rem\u00e9dios naturais e curas), fa\u00e7a um donativo ou um pagamento ao site? N\u00e3o visite sites de terceiros a pedido da fonte e nunca forne\u00e7a informa\u00e7\u00f5es pessoais.<\/p>\n<\/div><\/div><\/div><div class=\"fusion-column content-box-column content-box-column content-box-column-4 col-lg-12 col-md-12 col-sm-12 fusion-content-box-hover content-box-column-last content-box-column-last-in-row\"><div class=\"col content-box-wrapper content-wrapper link-area-link-icon content-icon-wrapper-yes icon-hover-animation-none fusion-animated\" style=\"background-color:rgba(255,255,255,0);\" data-animationType=\"fadeIn\" data-animationDuration=\"0.25\" data-animationOffset=\"top-into-view\"><div class=\"heading icon-left\"><h3 class=\"content-box-heading\" style=\"font-size:24px;line-height:29px;\">Evidence (Evid\u00eancia)<\/h3><\/div><div class=\"fusion-clearfix\"><\/div><div class=\"content-container\" style=\"color:#4a4e57;\">\n<p>O autor valida a sua afirma\u00e7\u00e3o com fontes fi\u00e1veis? Cita e refere onde foram obtidas todas as informa\u00e7\u00f5es? (As fontes fi\u00e1veis podem terminar com .edu ou .gov e incluem hospitais e outros sites com a termina\u00e7\u00e3o .org.)<\/p>\n<\/div><\/div><\/div><style type=\"text\/css\">\n\t\t\t\t\t\t.fusion-content-boxes-2 .fusion-content-box-hover .heading-link:hover .icon i.circle-yes,\n\t\t\t\t\t\t.fusion-content-boxes-2 .fusion-content-box-hover .link-area-box:hover .heading-link .icon i.circle-yes,\n\t\t\t\t\t\t.fusion-content-boxes-2 .fusion-content-box-hover .link-area-link-icon-hover .heading .icon i.circle-yes,\n\t\t\t\t\t\t.fusion-content-boxes-2 .fusion-content-box-hover .link-area-box-hover .heading .icon i.circle-yes {\n\t\t\t\t\t\t\tbackground-color: #045593 !important;\n\t\t\t\t\t\t\tborder-color: #045593 !important;\n\t\t\t\t\t\t}<\/style><div class=\"fusion-clearfix\"><\/div><\/div><\/div><style type=\"text\/css\">.fusion-body .fusion-builder-column-0{width:100% !important;margin-top : 0px;margin-bottom : 20px;}.fusion-builder-column-0 > .fusion-column-wrapper {padding-top : 0px !important;padding-right : 0px !important;margin-right : 1.92%;padding-bottom : 0px !important;padding-left : 0px !important;margin-left : 1.92%;}@media only screen and (max-width:1024px) {.fusion-body .fusion-builder-column-0{width:100% !important;order : 0;}.fusion-builder-column-0 > .fusion-column-wrapper {margin-right : 1.92%;margin-left : 1.92%;}}@media only screen and (max-width:640px) {.fusion-body .fusion-builder-column-0{width:100% !important;order : 0;}.fusion-builder-column-0 > .fusion-column-wrapper {margin-right : 1.92%;margin-left : 1.92%;}}<\/style><\/div><\/div><style type=\"text\/css\">.fusion-body .fusion-flex-container.fusion-builder-row-1{ padding-top : 0px;margin-top : 0px;padding-right : 0px;padding-bottom : 0px;margin-bottom : 0px;padding-left : 0px;}<\/style><\/div>\n","protected":false},"excerpt":{"rendered":"","protected":false},"author":1,"featured_media":0,"parent":0,"menu_order":4,"comment_status":"closed","ping_status":"closed","template":"","meta":{"inline_featured_image":false,"footnotes":""},"aioseo_notices":[],"_links":{"self":[{"href":"https:\/\/cancerfactfinder.org\/pt-pt\/wp-json\/wp\/v2\/pages\/1073"}],"collection":[{"href":"https:\/\/cancerfactfinder.org\/pt-pt\/wp-json\/wp\/v2\/pages"}],"about":[{"href":"https:\/\/cancerfactfinder.org\/pt-pt\/wp-json\/wp\/v2\/types\/page"}],"author":[{"embeddable":true,"href":"https:\/\/cancerfactfinder.org\/pt-pt\/wp-json\/wp\/v2\/users\/1"}],"replies":[{"embeddable":true,"href":"https:\/\/cancerfactfinder.org\/pt-pt\/wp-json\/wp\/v2\/comments?post=1073"}],"version-history":[{"count":4,"href":"https:\/\/cancerfactfinder.org\/pt-pt\/wp-json\/wp\/v2\/pages\/1073\/revisions"}],"predecessor-version":[{"id":4038,"href":"https:\/\/cancerfactfinder.org\/pt-pt\/wp-json\/wp\/v2\/pages\/1073\/revisions\/4038"}],"wp:attachment":[{"href":"https:\/\/cancerfactfinder.org\/pt-pt\/wp-json\/wp\/v2\/media?parent=1073"}],"curies":[{"name":"wp","href":"https:\/\/api.w.org\/{rel}","templated":true}]}}