{"id":988,"date":"2022-02-03T16:37:09","date_gmt":"2022-02-03T16:37:09","guid":{"rendered":"https:\/\/cancerfactfinder.org\/a-nossa-equipa\/"},"modified":"2022-02-03T16:37:09","modified_gmt":"2022-02-03T16:37:09","slug":"a-nossa-equipa","status":"publish","type":"page","link":"https:\/\/cancerfactfinder.org\/pt-pt\/a-nossa-equipa\/","title":{"rendered":"A nossa equipa"},"content":{"rendered":"<p>A equipa do Cancer FactFinder inclui especialistas cient\u00edficos, bem como membros da comunidade. Estas pessoas n\u00e3o s\u00e3o especialistas em todas as \u00e1reas apresentadas no FactFinder. \u00c9 por isso que temos uma equipa com diferentes conhecimentos para garantir que podemos apresentar informa\u00e7\u00f5es precisas e fi\u00e1veis sobre uma grande variedade de temas.<\/p>\n<p>Os membros da equipa examinaram e editaram as informa\u00e7\u00f5es sobre o cancro apresentadas neste site. Estas pessoas s\u00e3o:<\/p>\n<p>Susan Chaityn Lebovits (Boston Cancer Support, Boston, MA)<br \/>\nLydia Conley (Harvard T.H. Chan School of Public Health, Boston, MA)<br \/>\nChristina Dieli-Conwright, PhD (Dana-Farber Cancer Institute, Boston, MA)<br \/>\nStephanie Harriston-Diggs (Porta-voz da Comunidade, Boston, MA)<br \/>\nDanielle Kline (Universidade de Yale, New Haven, CT)<br \/>\nCassie Du (Universidade de Yale, New Haven, CT)<br \/>\nMatias Latorre (Universidade de Boston, Boston, MA)<br \/>\nLorelei Ann Mucci, ScD (Harvard T.H. Chan School of Public Health, Boston, MA)<br \/>\nTimothy Rebbeck, PhD, Chefe de Reda\u00e7\u00e3o (Dana-Farber Cancer Institute e Harvard T.H. Chan School of Public Health, Boston, MA)<br \/>\nFrank Robinson (BayState Health, Springfield, MA)<br \/>\nLamont Scott (Men of Color Health Awareness, Springfield, MA)<br \/>\nDoris Sempasa, MS (Dana-Farber\/Harvard Cancer Center, Boston, MA)<br \/>\nEsha Shafiq (Dana-Farber Cancer Institute, Boston, MA)<br \/>\nMingyang Song, MBBS ScD (Harvard T.H. Chan School of Public Health, Boston, MA)<\/p>\n<p>Coment\u00e1rios sobre a nossa abordagem? Sugest\u00f5es para outros temas? Preocupa\u00e7\u00f5es sobre as informa\u00e7\u00f5es que fornecemos? Envie-nos os seus coment\u00e1rios para <a href=\"&#x6d;&#x61;&#x69;&#x6c;&#116;&#111;:cg&#x63;&#x70;&#x40;&#x68;&#115;&#112;h&#46;h&#x61;&#x72;&#x76;&#x61;&#114;&#100;&#46;ed&#x75;\">c&#103;&#99;&#x70;&#x40;h&#115;&#112;&#x68;&#x2e;&#x68;a&#114;&#118;&#x61;&#x72;d&#46;&#101;&#x64;&#x75;.<\/a><\/p>\n<h2 id=\"thanks-to-our-sponsors\">Agradecemos aos nossos parceiros<\/h2>\n<p class=\"sponsor-logos\"><a href=\"https:\/\/dana-farber.org\" target=\"_blank\" rel=\"noopener noreferrer\"><img decoding=\"async\" class=\"alignnone size-full wp-image-488\" src=\"\/wp-content\/uploads\/2022\/04\/dfci.svg\" alt=\"Log\u00f3tipo do Dana-Farber Cancer Institute\" width=\"247\" height=\"60\"><\/a><a href=\"https:\/\/www.dfhcc.harvard.edu\/research\/center-for-cancer-equity-and-engagement\/\" target=\"_blank\" rel=\"noopener noreferrer\"><img decoding=\"async\" width=\"273\" height=\"146\" class=\"alignnone size-full wp-image-489\" src=\"\/wp-content\/uploads\/2022\/04\/dfhcc_ccee.png\" srcset=\"\/wp-content\/uploads\/2022\/04\/dfhcc_ccee.png 1x, \/wp-content\/&#117;&#112;&#108;&#111;&#97;&#100;&#115;&#47;&#50;&#48;&#50;&#50;&#47;&#48;&#52;&#x2f;&#x64;&#x66;&#x68;&#x63;&#x63;&#x5f;&#x63;&#x63;&#x65;&#x65;&#x40;&#x32;&#x78;&#x2e;&#x70;&#x6e;&#x67; 2x\" alt=\"Log\u00f3tipo do DF\/HCC Center for Cancer Equity and Engagement\"><\/a><\/p>\n","protected":false},"excerpt":{"rendered":"<p>A equipa do Cancer FactFinder inclui especialistas cient\u00edficos, bem como membros da comunidade. Estas pessoas n\u00e3o s\u00e3o especialistas em todas as \u00e1reas apresentadas no FactFinder. \u00c9 por isso que temos uma equipa com diferentes conhecimentos para garantir que podemos apresentar informa\u00e7\u00f5es precisas e fi\u00e1veis sobre uma grande variedade de temas. [&hellip;]<\/p>\n","protected":false},"author":1,"featured_media":0,"parent":0,"menu_order":3,"comment_status":"closed","ping_status":"closed","template":"","meta":{"inline_featured_image":false,"footnotes":""},"aioseo_notices":[],"_links":{"self":[{"href":"https:\/\/cancerfactfinder.org\/pt-pt\/wp-json\/wp\/v2\/pages\/988"}],"collection":[{"href":"https:\/\/cancerfactfinder.org\/pt-pt\/wp-json\/wp\/v2\/pages"}],"about":[{"href":"https:\/\/cancerfactfinder.org\/pt-pt\/wp-json\/wp\/v2\/types\/page"}],"author":[{"embeddable":true,"href":"https:\/\/cancerfactfinder.org\/pt-pt\/wp-json\/wp\/v2\/users\/1"}],"replies":[{"embeddable":true,"href":"https:\/\/cancerfactfinder.org\/pt-pt\/wp-json\/wp\/v2\/comments?post=988"}],"version-history":[{"count":0,"href":"https:\/\/cancerfactfinder.org\/pt-pt\/wp-json\/wp\/v2\/pages\/988\/revisions"}],"wp:attachment":[{"href":"https:\/\/cancerfactfinder.org\/pt-pt\/wp-json\/wp\/v2\/media?parent=988"}],"curies":[{"name":"wp","href":"https:\/\/api.w.org\/{rel}","templated":true}]}}