{"id":4438,"date":"2022-02-03T22:16:56","date_gmt":"2022-02-03T22:16:56","guid":{"rendered":"https:\/\/cancerfactfinder.org\/so-do-trang\/"},"modified":"2022-02-03T22:16:56","modified_gmt":"2022-02-03T22:16:56","slug":"so-do-trang","status":"publish","type":"page","link":"https:\/\/cancerfactfinder.org\/vi\/so-do-trang\/","title":{"rendered":"S\u01a1 \u0111\u1ed3 trang"},"content":{"rendered":"<div class=\"wsp-container\"><h2 class=\"wsp-pages-title\">Pages<\/h2>\n<ul class=\"wsp-pages-list\">\n<li class=\"page_item page-item-4440\"><a href=\"https:\/\/cancerfactfinder.org\/vi\/\">Trang ch\u1ee7<\/a><\/li>\n<li class=\"page_item page-item-4477\"><a href=\"https:\/\/cancerfactfinder.org\/vi\/tim-kiem-trong-factfinder\/\">T\u00ecm ki\u1ebfm trong FactFinder<\/a><\/li>\n<li class=\"page_item page-item-4463\"><a href=\"https:\/\/cancerfactfinder.org\/vi\/quy-trinh-cua-chung-toi\/\">Quy tr\u00ecnh c\u1ee7a ch\u00fang t\u00f4i<\/a><\/li>\n<li class=\"page_item page-item-4464\"><a href=\"https:\/\/cancerfactfinder.org\/vi\/doi-ngu-cua-chung-toi\/\">\u0110\u1ed9i ng\u0169 c\u1ee7a ch\u00fang t\u00f4i<\/a><\/li>\n<li class=\"page_item page-item-4473\"><a href=\"https:\/\/cancerfactfinder.org\/vi\/lam-the-nao-de-kiem-tra-thong-tin-chinh-xac\/\">L\u00e0m th\u1ebf n\u00e0o \u0111\u1ec3 ki\u1ec3m tra th\u00f4ng tin ch\u00ednh x\u00e1c<\/a><\/li>\n<li class=\"page_item page-item-4490\"><a href=\"https:\/\/cancerfactfinder.org\/vi\/cac-nguon-thong-tin\/\">C\u00e1c ngu\u1ed3n th\u00f4ng tin<\/a><\/li>\n<\/ul>\n<\/div>\n","protected":false},"excerpt":{"rendered":"","protected":false},"author":1,"featured_media":0,"parent":0,"menu_order":20,"comment_status":"closed","ping_status":"closed","template":"","meta":{"inline_featured_image":false,"footnotes":""},"aioseo_notices":[],"_links":{"self":[{"href":"https:\/\/cancerfactfinder.org\/vi\/wp-json\/wp\/v2\/pages\/4438"}],"collection":[{"href":"https:\/\/cancerfactfinder.org\/vi\/wp-json\/wp\/v2\/pages"}],"about":[{"href":"https:\/\/cancerfactfinder.org\/vi\/wp-json\/wp\/v2\/types\/page"}],"author":[{"embeddable":true,"href":"https:\/\/cancerfactfinder.org\/vi\/wp-json\/wp\/v2\/users\/1"}],"replies":[{"embeddable":true,"href":"https:\/\/cancerfactfinder.org\/vi\/wp-json\/wp\/v2\/comments?post=4438"}],"version-history":[{"count":0,"href":"https:\/\/cancerfactfinder.org\/vi\/wp-json\/wp\/v2\/pages\/4438\/revisions"}],"wp:attachment":[{"href":"https:\/\/cancerfactfinder.org\/vi\/wp-json\/wp\/v2\/media?parent=4438"}],"curies":[{"name":"wp","href":"https:\/\/api.w.org\/{rel}","templated":true}]}}