{"id":4463,"date":"2022-01-31T20:26:22","date_gmt":"2022-01-31T20:26:22","guid":{"rendered":"https:\/\/cancerfactfinder.org\/quy-trinh-cua-chung-toi\/"},"modified":"2023-04-14T15:48:40","modified_gmt":"2023-04-14T15:48:40","slug":"quy-trinh-cua-chung-toi","status":"publish","type":"page","link":"https:\/\/cancerfactfinder.org\/vi\/quy-trinh-cua-chung-toi\/","title":{"rendered":"Quy tr\u00ecnh c\u1ee7a ch\u00fang t\u00f4i"},"content":{"rendered":"<div class=\"fusion-fullwidth fullwidth-box fusion-builder-row-1 fusion-flex-container nonhundred-percent-fullwidth non-hundred-percent-height-scrolling\" style=\"background-color: rgba(255,255,255,0);background-position: center center;background-repeat: no-repeat;border-width: 0px 0px 0px 0px;border-color:#e2e2e2;border-style:solid;\" ><div class=\"fusion-builder-row fusion-row fusion-flex-align-items-flex-start\" style=\"max-width:1456px;margin-left: calc(-4% \/ 2 );margin-right: calc(-4% \/ 2 );\"><div class=\"fusion-layout-column fusion_builder_column fusion-builder-column-0 fusion_builder_column_1_1 1_1 fusion-flex-column\"><div class=\"fusion-column-wrapper fusion-flex-justify-content-flex-start fusion-content-layout-column\" style=\"background-position:left top;background-repeat:no-repeat;-webkit-background-size:cover;-moz-background-size:cover;-o-background-size:cover;background-size:cover;padding: 0px 0px 0px 0px;\"><div class=\"fusion-text fusion-text-1\"><h2 id=\"why-did-we-create-the-cancer-f\">T\u1ea1i sao ch\u00fang t\u00f4i t\u1ea1o ra Cancer FactFinder (C\u00f4ng C\u1ee5 T\u00ecm Ki\u1ebfm S\u1ef1 Th\u1eadt V\u1ec1 Ung Th\u01b0)?<\/h2>\n<p>H\u1ea7u h\u1ebft m\u1ecdi ng\u01b0\u1eddi \u0111\u1ec1u \u0111\u00e3 c\u00f3 m\u1ed9t s\u1ed1 kinh nghi\u1ec7m c\u00e1 nh\u00e2n v\u1ec1 b\u1ec7nh ung th\u01b0, v\u00e0 nhi\u1ec1u ng\u01b0\u1eddi trong ch\u00fang ta lo l\u1eafng v\u1ec1 c\u00e1c nguy\u00ean nh\u00e2n g\u00e2y ra c\u0103n b\u1ec7nh n\u00e0y. V\u00ec v\u1eady, kh\u00f4ng c\u00f3 g\u00ec ng\u1ea1c nhi\u00ean khi ung th\u01b0 l\u00e0 m\u1ed9t trong nh\u1eefng ch\u1ee7 \u0111\u1ec1 \u0111\u01b0\u1ee3c nghi\u00ean c\u1ee9u nhi\u1ec1u nh\u1ea5t tr\u00ean m\u1ea1ng.<\/p>\n<p>Ch\u00fang ta th\u01b0\u1eddng t\u00ecm \u0111\u1ebfn ph\u01b0\u01a1ng ti\u1ec7n truy\u1ec1n th\u00f4ng x\u00e3 h\u1ed9i, c\u00e1c c\u00f4ng c\u1ee5 t\u00ecm ki\u1ebfm tr\u00ean Internet v\u00e0 b\u1ea1n b\u00e8 ho\u1eb7c gia \u0111\u00ecnh \u0111\u1ec3 bi\u1ebft th\u00f4ng tin v\u1ec1 ung th\u01b0. T\u1ea5t c\u1ea3 nh\u1eefng ngu\u1ed3n n\u00e0y c\u00f3 th\u1ec3 cung c\u1ea5p cho ch\u00fang ta nhi\u1ec1u th\u00f4ng tin \u0111\u1ec3 gi\u00fap \u0111\u01b0a ra quy\u1ebft \u0111\u1ecbnh v\u1ec1 l\u1ed1i s\u1ed1ng, dinh d\u01b0\u1ee1ng, s\u1ee9c kh\u1ecfe v\u00e0 gi\u00fap tr\u00e1nh m\u1eafc ph\u1ea3i c\u0103n b\u1ec7nh ung th\u01b0. Nh\u01b0ng \u0111i\u1ec1u n\u00e0y \u0111\u00f2i h\u1ecfi ph\u1ea3i c\u00f3 th\u00f4ng tin ch\u00ednh x\u00e1c.<\/p>\n<p>Th\u00f4ng th\u01b0\u1eddng r\u1ea5t kh\u00f3 \u0111\u1ec3 bi\u1ebft th\u00f4ng tin n\u00e0o l\u00e0 \u0111\u00e1ng tin c\u1eady \u0111\u01b0\u1ee3c\u2014ngh\u0129a l\u00e0 th\u00f4ng tin n\u00e0o l\u00e0 ch\u00ednh x\u00e1c v\u00e0 kh\u00f4ng ch\u00ednh x\u00e1c v\u1ec1 c\u00e1c nguy\u00ean nh\u00e2n g\u00e2y ung th\u01b0. Ch\u00fang t\u00f4i \u0111\u00e3 x\u00e2y d\u1ef1ng trang web n\u00e0y \u0111\u1ec3 cung c\u1ea5p cho m\u1ecdi ng\u01b0\u1eddi nh\u1eefng th\u00f4ng tin ch\u00ednh x\u00e1c v\u1ec1 b\u1ec7nh ung th\u01b0. Nh\u1eefng th\u00f4ng tin n\u00e0y s\u1ebd gi\u00fap \u0111\u01b0a ra c\u00e1c l\u1ef1a ch\u1ecdn s\u00e1ng su\u1ed1t \u0111\u1ec3 tr\u00e1nh kh\u00f4ng ti\u1ebfp x\u00fac v\u1edbi m\u1ed9t s\u1ed1 ch\u1ea5t nh\u1ea5t \u0111\u1ecbnh ho\u1eb7c th\u1ef1c hi\u1ec7n c\u00e1c b\u01b0\u1edbc t\u00edch c\u1ef1c \u0111\u1ec3 n\u00e2ng cao<br \/>\ns\u1ee9c kh\u1ecfe.<\/p>\n<h2 id=\"how-do-we-gather-and-process-i\">Ch\u00fang t\u00f4i thu th\u1eadp v\u00e0 x\u1eed l\u00fd th\u00f4ng tin cho FactFinder nh\u01b0 th\u1ebf n\u00e0o?<\/h2>\n<p><span style=\"font-weight: 400;\">Ch\u00fang t\u00f4i xem x\u00e9t c\u00e1c t\u00f3m t\u1eaft v\u1ec1 b\u1eb1ng ch\u1ee9ng theo c\u00e1ch nh\u1ea5t qu\u00e1n v\u1edbi c\u00e1c t\u1ed5 ch\u1ee9c l\u1edbn kh\u00e1c v\u00e0 chia s\u1ebb hi\u1ec3u bi\u1ebft c\u1ee7a ch\u00fang t\u00f4i v\u1ec1 m\u1ee9c \u0111\u1ed9 ch\u1eafc ch\u1eafn c\u1ee7a b\u1eb1ng ch\u1ee9ng, c\u0169ng nh\u01b0 m\u1ed1i li\u00ean quan gi\u1eefa m\u1ed9t ch\u1ee7 \u0111\u1ec1 n\u00e0o \u0111\u00f3 v\u1edbi ung th\u01b0. \u0110\u1ec3 l\u00e0m \u0111\u01b0\u1ee3c \u0111i\u1ec1u n\u00e0y, ch\u00fang t\u00f4i s\u1eed d\u1ee5ng m\u1ed9t quy tr\u00ecnh nghi\u00eam ng\u1eb7t v\u00e0 mang t\u00ednh h\u1ec7 th\u1ed1ng nh\u01b0 sau \u0111\u1ec3 x\u00e1c \u0111\u1ecbnh c\u00e1c tuy\u00ean b\u1ed1 v\u1ec1 nguy\u00ean nh\u00e2n g\u00e2y ung th\u01b0 trong c\u00e1c nghi\u00ean c\u1ee9u tr\u00ean ng\u01b0\u1eddi:<\/span><\/p>\n<p><span style=\"font-weight: 400;\">Ch\u00fang t\u00f4i t\u00ecm ki\u1ebfm c\u00e1c tuy\u00ean b\u1ed1 v\u1ec1 ung th\u01b0 t\u1eeb m\u1ea1ng Internet, m\u1ea1ng x\u00e3 h\u1ed9i v\u00e0 c\u00e1c ngu\u1ed3n kh\u00e1c.<\/span><\/p>\n<p><span style=\"font-weight: 400;\">Sau khi x\u00e1c \u0111\u1ecbnh \u0111\u01b0\u1ee3c tuy\u00ean b\u1ed1, c\u00e1c bi\u00ean t\u1eadp vi\u00ean c\u1ee7a ch\u00fang t\u00f4i x\u00e1c minh ho\u1eb7c b\u00e1c b\u1ecf nh\u1eefng tuy\u00ean b\u1ed1 n\u00e0y b\u1eb1ng c\u00e1ch s\u1eed d\u1ee5ng c\u00e1c nghi\u00ean c\u1ee9u tr\u00ean con ng\u01b0\u1eddi t\u1ed1t nh\u1ea5t hi\u1ec7n c\u00f3 v\u00e0 c\u00e1c nghi\u00ean c\u1ee9u trong ph\u00f2ng th\u00ed nghi\u1ec7m\/h\u1ed7 tr\u1ee3. Ch\u00fang t\u00f4i t\u00ecm \u0111\u1ebfn c\u00e1c ngu\u1ed3n d\u1eef li\u1ec7u khoa h\u1ecdc \u0111\u00e1ng tin c\u1eady, bao g\u1ed3m c\u00e1c t\u1ea1p ch\u00ed y t\u1ebf v\u00e0 khoa h\u1ecdc, thu th\u1eadp \u00fd ki\u1ebfn chuy\u00ean gia c\u1ee7a c\u00e1c nh\u00e0 khoa h\u1ecdc h\u00e0ng \u0111\u1ea7u v\u00e0 th\u00f4ng tin t\u00f3m t\u1eaft t\u1eeb c\u00e1c t\u1ed5 ch\u1ee9c uy t\u00edn nh\u01b0 American Cancer Society (Hi\u1ec7p H\u1ed9i Ung Th\u01b0 Hoa K\u1ef3) v\u00e0 National Institutes of Health (Vi\u1ec7n Y T\u1ebf Qu\u1ed1c Gia).<\/span><\/p>\n<p><span style=\"font-weight: 400;\"> <\/span><span style=\"font-weight: 400;\">\u0110\u1ec3 quy\u1ebft \u0111\u1ecbnh xem m\u1ed9t tuy\u00ean b\u1ed1 c\u00f3 kh\u1ea3 n\u0103ng l\u00e0 \u0111\u00fang hay sai, ch\u00fang t\u00f4i gi\u1edbi h\u1ea1n vi\u1ec7c xem x\u00e9t c\u1ee7a ch\u00fang t\u00f4i \u1edf c\u00e1c b\u1eb1ng ch\u1ee9ng v\u1ec1 s\u1ee9c m\u1ea1nh c\u1ee7a m\u1ed1i li\u00ean quan ho\u1eb7c quan h\u1ec7 nguy\u00ean nh\u00e2n-k\u1ebft qu\u1ea3. \u0110i\u1ec1u n\u00e0y c\u00f3 ngh\u0129a l\u00e0 c\u00e1c ti\u00eau ch\u00ed ch\u00fang t\u00f4i s\u1eed d\u1ee5ng \u0111\u1ec3 \u0111\u01b0a ra k\u1ebft lu\u1eadn c\u1ee7a m\u00ecnh bao g\u1ed3m th\u00f4ng tin v\u1ec1 s\u1ef1 ti\u1ebfp x\u00fac v\u00e0 c\u00e1c y\u1ebfu t\u1ed1 \u0111\u01b0\u1ee3c bi\u1ebft l\u00e0 <strong>g\u00e2y<\/strong> ung th\u01b0. Tuy nhi\u00ean, kh\u00f4ng ph\u1ea3i l\u00fac n\u00e0o c\u0169ng c\u00f3 th\u1ec3 thi\u1ebft l\u1eadp m\u1ed1i quan h\u1ec7 nguy\u00ean nh\u00e2n-k\u1ebft qu\u1ea3. Ch\u00fang t\u00f4i c\u0169ng xem x\u00e9t c\u00e1c b\u1eb1ng ch\u1ee9ng v\u1ec1 <strong>c\u00e1c m\u1ed1i quan h\u1ec7<\/strong> \u0111\u00e1ng tin c\u1eady v\u1edbi b\u1ec7nh ung th\u01b0 \u1edf ng\u01b0\u1eddi d\u1ef1a tr\u00ean b\u1eb1ng ch\u1ee9ng d\u1ecbch t\u1ec5 h\u1ecdc. Ch\u00fang t\u00f4i c\u0169ng \u0111\u00e1nh gi\u00e1 c\u00e1c ph\u00e1t hi\u1ec7n t\u1eeb c\u00e1c nghi\u00ean c\u1ee9u \u0111\u1ed9c h\u1ecdc v\u00e0 c\u00e1c nghi\u00ean c\u1ee9u h\u1ed7 tr\u1ee3 kh\u00e1c ngo\u00e0i c\u00e1c b\u1eb1ng ch\u1ee9ng d\u1ecbch t\u1ec5 h\u1ecdc hi\u1ec7n t\u1ea1i.<\/span><\/p>\n<p><span style=\"font-weight: 400;\"> <\/span><span style=\"font-weight: 400;\">Ch\u00fang t\u00f4i c\u0169ng \u0111\u01b0a ra k\u1ebft lu\u1eadn v\u1ec1 nguy\u00ean nh\u00e2n g\u00e2y ung th\u01b0 ch\u1ee7 y\u1ebfu d\u1ef1a tr\u00ean c\u00e1c nghi\u00ean c\u1ee9u d\u1ecbch t\u1ec5 h\u1ecdc \u0111\u01b0\u1ee3c th\u1ef1c hi\u1ec7n \u1edf ng\u01b0\u1eddi. C\u00e1c nghi\u00ean c\u1ee9u th\u1eed nghi\u1ec7m, bao g\u1ed3m c\u00e1c nghi\u00ean c\u1ee9u tr\u00ean \u0111\u1ed9ng v\u1eadt v\u00e0 trong ph\u00f2ng th\u00ed nghi\u1ec7m, c\u00f3 th\u1ec3 cung c\u1ea5p th\u00f4ng tin h\u1ed7 tr\u1ee3, nh\u01b0ng cu\u1ed1i c\u00f9ng, b\u1eb1ng ch\u1ee9ng d\u1ecbch t\u1ec5 h\u1ecdc \u1edf ng\u01b0\u1eddi \u0111\u01b0\u1ee3c s\u1eed d\u1ee5ng \u0111\u1ec3 x\u00e1c \u0111\u1ecbnh nguy c\u01a1 ung th\u01b0.<\/span><\/p>\n<p><span style=\"font-weight: 400;\"> <\/span><span style=\"font-weight: 400;\">L\u01b0u \u00fd r\u1eb1ng kh\u00f4ng ph\u1ea3i t\u1ea5t c\u1ea3 c\u00e1c m\u1ed1i li\u00ean quan v\u1edbi ung th\u01b0 \u0111\u1ec1u c\u00f3 th\u1ec3 \u0111\u01b0\u1ee3c t\u00ecm th\u1ea5y b\u1eb1ng c\u00e1c nghi\u00ean c\u1ee9u d\u1ecbch t\u1ec5 h\u1ecdc, v\u00ec v\u1eady v\u1eabn c\u00f2n nh\u1eefng \u0111i\u1ec1u ch\u01b0a r\u00f5 v\u1ec1 m\u1ed9t s\u1ed1 tuy\u00ean b\u1ed1 li\u00ean quan \u0111\u1ebfn nguy\u00ean nh\u00e2n g\u00e2y ung th\u01b0, \u0111\u1eb7c bi\u1ec7t l\u00e0 khi li\u00ean quan \u0111\u1ebfn m\u1ed9t th\u1ee9 g\u00ec \u0111\u00f3 c\u00f3 th\u1ec3 ho\u1eb7c \u0111\u01b0\u1ee3c bi\u1ebft l\u00e0 c\u00f3 ch\u1ee9a c\u00e1c ch\u1ea5t g\u00e2y ung th\u01b0 (t\u00e1c nh\u00e2n g\u00e2y ung th\u01b0). C\u00e1c nghi\u00ean c\u1ee9u trong ph\u00f2ng th\u00ed nghi\u1ec7m v\u00e0 b\u1eb1ng ch\u1ee9ng h\u1ed7 tr\u1ee3 c\u0169ng b\u1ecb h\u1ea1n ch\u1ebf v\u00ec \u0111\u1ed1i t\u01b0\u1ee3ng nghi\u00ean c\u1ee9u kh\u00f4ng ph\u1ea3i l\u00e0 con ng\u01b0\u1eddi. Nh\u1eefng k\u1ebft lu\u1eadn n\u00e0y c\u00f3 th\u1ec3 cho th\u1ea5y \u1ea3nh h\u01b0\u1edfng l\u00ean \u0111\u1ed9ng v\u1eadt nh\u01b0ng kh\u00f4ng ph\u1ea3i l\u00fac n\u00e0o c\u0169ng \u0111\u01b0\u1ee3c \u00e1p d\u1ee5ng cho con ng\u01b0\u1eddi v\u00ec c\u00e1c \u0111\u1ed1i t\u01b0\u1ee3ng l\u00e0 kh\u00e1c nhau. Nh\u1eefng h\u1ea1n ch\u1ebf n\u00e0y \u0111\u01b0\u1ee3c ghi nh\u1eadn trong ph\u1ea7n m\u00f4 t\u1ea3 v\u1ec1 t\u1eebng tuy\u00ean b\u1ed1. <\/span><\/p>\n<p><span style=\"font-weight: 400;\"> <\/span><span style=\"font-weight: 400;\">Sau \u0111\u00f3, ch\u00fang t\u00f4i t\u00f3m t\u1eaft th\u00f4ng tin ch\u00fang t\u00f4i c\u00f3 v\u00e0 th\u1ea3o lu\u1eadn v\u1edbi nh\u00f3m bi\u00ean t\u1eadp c\u1ee7a ch\u00fang t\u00f4i.<\/span><\/p>\n<p><span style=\"font-weight: 400;\"> <\/span><span style=\"font-weight: 400;\">Sau khi b\u1ea3n t\u00f3m t\u1eaft th\u00f4ng tin \u0111\u01b0\u1ee3c so\u1ea1n th\u1ea3o, c\u00e1c bi\u00ean t\u1eadp vi\u00ean c\u00f3 chuy\u00ean m\u00f4n chuy\u00ean s\u00e2u s\u1ebd ch\u1ec9nh s\u1eeda v\u00e0 ki\u1ec3m tra th\u1ef1c t\u1ebf b\u1ea3n t\u00f3m t\u1eaft \u0111\u00e3 vi\u1ebft.<\/span><\/p>\n<\/div><div class=\"fusion-content-boxes content-boxes columns row fusion-columns-1 fusion-columns-total-1 fusion-content-boxes-1 content-boxes-icon-with-title content-left factfinder-callout-box\" data-animationOffset=\"top-into-view\" style=\"margin-top:;margin-bottom:;\"><style type=\"text\/css\">.fusion-content-boxes-1 .heading .content-box-heading {color:#ffffff;}\n\t\t\t\t\t.fusion-content-boxes-1 .fusion-content-box-hover .link-area-link-icon-hover .heading .content-box-heading,\n\t\t\t\t\t.fusion-content-boxes-1 .fusion-content-box-hover .link-area-link-icon-hover .heading .heading-link .content-box-heading,\n\t\t\t\t\t.fusion-content-boxes-1 .fusion-content-box-hover .link-area-box-hover .heading .content-box-heading,\n\t\t\t\t\t.fusion-content-boxes-1 .fusion-content-box-hover .link-area-box-hover .heading .heading-link .content-box-heading,\n\t\t\t\t\t.fusion-content-boxes-1 .fusion-content-box-hover .link-area-link-icon-hover.link-area-box .fusion-read-more,\n\t\t\t\t\t.fusion-content-boxes-1 .fusion-content-box-hover .link-area-link-icon-hover.link-area-box .fusion-read-more::after,\n\t\t\t\t\t.fusion-content-boxes-1 .fusion-content-box-hover .link-area-link-icon-hover.link-area-box .fusion-read-more::before,\n\t\t\t\t\t.fusion-content-boxes-1 .fusion-content-box-hover .fusion-read-more:hover:after,\n\t\t\t\t\t.fusion-content-boxes-1 .fusion-content-box-hover .fusion-read-more:hover:before,\n\t\t\t\t\t.fusion-content-boxes-1 .fusion-content-box-hover .fusion-read-more:hover,\n\t\t\t\t\t.fusion-content-boxes-1 .fusion-content-box-hover .link-area-box-hover.link-area-box .fusion-read-more,\n\t\t\t\t\t.fusion-content-boxes-1 .fusion-content-box-hover .link-area-box-hover.link-area-box .fusion-read-more::after,\n\t\t\t\t\t.fusion-content-boxes-1 .fusion-content-box-hover .link-area-box-hover.link-area-box .fusion-read-more::before,\n\t\t\t\t\t.fusion-content-boxes-1 .fusion-content-box-hover .link-area-link-icon-hover .icon .circle-no,\n\t\t\t\t\t.fusion-content-boxes-1 .heading .heading-link:hover .content-box-heading {\n\t\t\t\t\t\tcolor: #ffffff;\n\t\t\t\t\t}\n\t\t\t\t\t.fusion-content-boxes-1 .fusion-content-box-hover .link-area-box-hover .icon .circle-no {\n\t\t\t\t\t\tcolor: #ffffff !important;\n\t\t\t\t\t}.fusion-content-boxes-1 .fusion-content-box-hover .link-area-box.link-area-box-hover .fusion-content-box-button {background: #ff632a;color: #ffffff;}.fusion-content-boxes-1 .fusion-content-box-hover .link-area-box.link-area-box-hover .fusion-content-box-button .fusion-button-text {color: #ffffff;}\n\t\t\t\t\t.fusion-content-boxes-1 .fusion-content-box-hover .link-area-link-icon-hover .heading .icon > span {\n\t\t\t\t\t\tbackground-color: #ffffff !important;\n\t\t\t\t\t}\n\t\t\t\t\t.fusion-content-boxes-1 .fusion-content-box-hover .link-area-box-hover .heading .icon > span {\n\t\t\t\t\t\tborder-color: #ffffff !important;\n\t\t\t\t\t}<\/style><div class=\"fusion-column content-box-column content-box-column content-box-column-1 col-lg-12 col-md-12 col-sm-12 fusion-content-box-hover content-box-column-last content-box-column-last-in-row\"><div class=\"col content-box-wrapper content-wrapper-background link-area-link-icon content-icon-wrapper-yes icon-hover-animation-fade\" style=\"background-color:#ebf6fd;\" data-animationOffset=\"top-into-view\"><div class=\"heading icon-left\"><h3 class=\"content-box-heading\" style=\"font-size:24px;line-height:29px;\">Trong c\u00e1c tuy\u00ean b\u1ed1 c\u1ee7a FactFinder, c\u00e1c k\u1ebft lu\u1eadn c\u1ee7a ch\u00fang t\u00f4i \u0111\u01b0\u1ee3c t\u00f3m t\u1eaft theo c\u00e1c c\u00e1ch sau:<\/h3><\/div><div class=\"fusion-clearfix\"><\/div><div class=\"content-container\" style=\"color:#00316a;\">\n<p><img decoding=\"async\" class=\"alignleft wp-image-167\" src=\"https:\/\/cancerfactfinder.org\/wp-content\/uploads\/2022\/01\/true.svg\" alt=\"H\u00ecnh tr\u00f2n m\u00e0u xanh l\u00e1 c\u00f3 d\u1ea5u ch\u1ea5m h\u1ecfi b\u00ean trong\" width=\"42\" height=\"42\"> Nhi\u1ec1u kh\u1ea3 n\u0103ng ho\u1eb7c ch\u1eafc ch\u1eafn \u0111\u00fang: C\u00f3 \u0111\u1ea7y \u0111\u1ee7 b\u1eb1ng ch\u1ee9ng cho th\u1ea5y tuy\u00ean b\u1ed1 n\u00e0y l\u00e0 \u0111\u00fang.<\/p>\n<p><img decoding=\"async\" class=\"alignleft wp-image-166\" src=\"https:\/\/cancerfactfinder.org\/wp-content\/uploads\/2022\/01\/false.svg\" alt=\"H\u00ecnh tr\u00f2n m\u00e0u \u0111\u1ecf c\u00f3 d\u1ea5u X b\u00ean trong\" width=\"42\" height=\"42\">Th\u00f4ng tin sai\u2014kh\u00f4ng ch\u00ednh x\u00e1c: C\u00f3 \u0111\u1ea7y \u0111\u1ee7 b\u1eb1ng ch\u1ee9ng cho th\u1ea5y tuy\u00ean b\u1ed1 \u0111\u00f3 l\u00e0 sai.<\/p>\n<p><img decoding=\"async\" class=\"alignleft wp-image-168\" src=\"https:\/\/cancerfactfinder.org\/wp-content\/uploads\/2022\/01\/unsure.svg\" alt=\"H\u00ecnh tr\u00f2n m\u00e0u x\u00e1m c\u00f3 d\u1ea5u ch\u1ea5m h\u1ecfi b\u00ean trong\" width=\"42\" height=\"42\">Ch\u00fang ta ch\u01b0a ch\u1eafc ch\u1eafn v\u1ec1 th\u00f4ng tin n\u00e0y\u2014c\u00e1c nh\u00e0 khoa h\u1ecdc v\u1eabn \u0111ang nghi\u00ean c\u1ee9u: Kh\u00f4ng c\u00f3 \u0111\u1ee7 b\u1eb1ng ch\u1ee9ng \u0111\u1ec3 kh\u1eb3ng \u0111\u1ecbnh tuy\u00ean b\u1ed1 \u0111\u00f3 l\u00e0 \u0111\u00fang hay sai.<\/p>\n<\/div><\/div><\/div><style type=\"text\/css\">\n\t\t\t\t\t\t.fusion-content-boxes-1 .fusion-content-box-hover .heading-link:hover .icon i.circle-yes,\n\t\t\t\t\t\t.fusion-content-boxes-1 .fusion-content-box-hover .link-area-box:hover .heading-link .icon i.circle-yes,\n\t\t\t\t\t\t.fusion-content-boxes-1 .fusion-content-box-hover .link-area-link-icon-hover .heading .icon i.circle-yes,\n\t\t\t\t\t\t.fusion-content-boxes-1 .fusion-content-box-hover .link-area-box-hover .heading .icon i.circle-yes {\n\t\t\t\t\t\t\tbackground-color: #ffffff !important;\n\t\t\t\t\t\t\tborder-color: #ffffff !important;\n\t\t\t\t\t\t}<\/style><div class=\"fusion-clearfix\"><\/div><\/div><div class=\"fusion-text fusion-text-2\"><p>Ch\u00fang t\u00f4i chia s\u1ebb b\u1ea3n t\u00f3m t\u1eaft n\u00e0y v\u1edbi c\u00e1c th\u00e0nh vi\u00ean c\u1ee7a c\u1ed9ng \u0111\u1ed3ng, g\u1ed3m c\u1ea3 nh\u1eefng ng\u01b0\u1eddi s\u1ed1ng s\u00f3t sau ung th\u01b0 v\u00e0 nh\u1eefng nh\u00e0 v\u1eadn \u0111\u1ed9ng, \u0111\u1ec3 \u0111\u1ea3m b\u1ea3o th\u00f4ng \u0111i\u1ec7p c\u00f3 t\u00ednh r\u00f5 r\u00e0ng v\u00e0 \u0111\u1ec1 c\u1eadp \u0111\u1ebfn nh\u1eefng v\u1ea5n \u0111\u1ec1 m\u00e0 c\u00f4ng ch\u00fang c\u00f3 th\u1ec3 quan t\u00e2m\u2014kh\u00f4ng ch\u1ec9 c\u00e1c chuy\u00ean gia trong m\u1ed9t l\u0129nh v\u1ef1c.<\/p>\n<p>Sau khi ki\u1ec3m ch\u1ee9ng \u0111\u1ea7y \u0111\u1ee7, ch\u00fang t\u00f4i chia s\u1ebb th\u00f4ng tin tr\u00ean trang FactFinder n\u00e0y \u0111\u1ec3 c\u00f4ng ch\u00fang c\u00f3 th\u1ec3 truy c\u1eadp.<\/p>\n<p>L\u01b0u \u00fd: Vi\u1ec7c ti\u1ebfp x\u00fac v\u1edbi m\u1ed9t s\u1ed1 ch\u1ea5t ho\u1eb7c c\u00e1c y\u1ebfu t\u1ed1 nguy c\u01a1 c\u00f3 th\u1ec3 g\u00e2y ra c\u00e1c \u1ea3nh h\u01b0\u1edfng s\u1ee9c kh\u1ecfe c\u00f3 h\u1ea1i ho\u1eb7c c\u00f3 l\u1ee3i kh\u00e1c, m\u1eb7c d\u00f9 kh\u00f4ng g\u00e2y ung th\u01b0. Ch\u00fang t\u00f4i kh\u00f4ng cung c\u1ea5p th\u00f4ng tin tr\u00ean trang web n\u00e0y v\u1ec1 c\u00e1c \u1ea3nh h\u01b0\u1edfng c\u00f3 th\u1ec3 c\u00f3 kh\u00e1c \u0111\u1ed1i v\u1edbi s\u1ee9c kh\u1ecfe ngo\u00e0i b\u1ec7nh ung th\u01b0.<\/p>\n<h2 id=\"what-information-is-not-includ\">Th\u00f4ng tin n\u00e0o kh\u00f4ng c\u00f3 trong t\u00f3m t\u1eaft c\u1ee7a ch\u00fang t\u00f4i?<\/h2>\n<p>C\u00e1c nghi\u00ean c\u1ee9u th\u1eed nghi\u1ec7m, bao g\u1ed3m c\u00e1c nghi\u00ean c\u1ee9u tr\u00ean \u0111\u1ed9ng v\u1eadt v\u00e0 trong ph\u00f2ng th\u00ed nghi\u1ec7m, c\u00f3 th\u1ec3 cung c\u1ea5p th\u00f4ng tin c\u00f3 gi\u00e1 tr\u1ecb. Ch\u00fang t\u00f4i kh\u00f4ng xem x\u00e9t b\u1eb1ng ch\u1ee9ng t\u1eeb c\u00e1c nghi\u00ean c\u1ee9u tr\u00ean \u0111\u1ed9ng v\u1eadt v\u00e0 trong ph\u00f2ng th\u00ed nghi\u1ec7m \u1edf \u0111\u00e2y, m\u1eb7c d\u00f9 c\u00e1c c\u01a1 quan qu\u1ea3n l\u00fd th\u01b0\u1eddng xuy\u00ean s\u1eed d\u1ee5ng lo\u1ea1i b\u1eb1ng ch\u1ee9ng th\u1eed nghi\u1ec7m n\u00e0y \u0111\u1ec3 \u0111\u00e1nh gi\u00e1 \u0111\u1ed9 an to\u00e0n c\u1ee7a h\u00f3a ch\u1ea5t \u1edf Hoa K\u1ef3 v\u00e0 Li\u00ean minh Ch\u00e2u \u00c2u.<\/p>\n<p>V\u00ec ch\u00fang t\u00f4i kh\u00f4ng \u0111\u01b0a c\u00e1c nghi\u00ean c\u1ee9u tr\u00ean \u0111\u1ed9ng v\u1eadt v\u00e0o b\u00e1o c\u00e1o c\u1ee7a m\u00ecnh, ch\u00fang t\u00f4i c\u00f3 th\u1ec3 \u0111\u00e3 b\u1ecf l\u1ee1 m\u1ed9t s\u1ed1 th\u00f4ng tin quan tr\u1ecdng v\u1ec1 c\u00e1c y\u1ebfu t\u1ed1 g\u00e2y ung th\u01b0. Do vi\u1ec7c \u0111\u1ec3 con ng\u01b0\u1eddi ti\u1ebfp x\u00fac v\u1edbi m\u1ed9t h\u00f3a ch\u1ea5t c\u00f3 nguy c\u01a1 trong nghi\u00ean c\u1ee9u l\u00e0 vi\u1ec7c phi \u0111\u1ea1o \u0111\u1ee9c, c\u00e1c nghi\u00ean c\u1ee9u tr\u00ean \u0111\u1ed9ng v\u1eadt v\u00e0 trong ph\u00f2ng th\u00ed nghi\u1ec7m l\u00e0 c\u00e1ch duy nh\u1ea5t \u0111\u1ec3 x\u00e1c \u0111\u1ecbnh xem vi\u1ec7c ti\u1ebfp x\u00fac v\u1edbi m\u1ed9t s\u1ed1 ch\u1ea5t c\u1ee5 th\u1ec3 c\u00f3 g\u00e2y ung th\u01b0 hay kh\u00f4ng. \u0110\u1ec3 t\u00ecm ra nguy\u00ean nh\u00e2n g\u00e2y ung th\u01b0, c\u00f3 th\u1ec3 c\u1ea7n ph\u1ea3i t\u1ed5ng h\u1ee3p th\u00f4ng tin t\u1eeb nhi\u1ec1u ngu\u1ed3n kh\u00e1c, bao g\u1ed3m c\u1ea3 nh\u1eefng quan s\u00e1t v\u1ec1 c\u00e1c ch\u1ea5t m\u00e0 con ng\u01b0\u1eddi ti\u1ebfp x\u00fac trong cu\u1ed9c s\u1ed1ng h\u00e0ng ng\u00e0y, t\u1ea1i n\u01a1i l\u00e0m vi\u1ec7c ho\u1eb7c trong c\u00e1c v\u1ee5 tai n\u1ea1n, \u0111\u1ed3ng th\u1eddi xem x\u00e9t b\u1eb1ng ch\u1ee9ng t\u1eeb c\u00e1c th\u00ed nghi\u1ec7m tr\u00ean \u0111\u1ed9ng v\u1eadt ho\u1eb7c t\u1ebf b\u00e0o. B\u1eb1ng ch\u1ee9ng t\u1eeb c\u00e1c nghi\u00ean c\u1ee9u v\u1ec1 ung th\u01b0 \u1edf ng\u01b0\u1eddi th\u01b0\u1eddng ch\u1ec9 xu\u1ea5t hi\u1ec7n sau khi ng\u01b0\u1eddi ta \u0111\u00e3 ti\u1ebfp x\u00fac v\u1edbi ch\u1ea5t \u0111\u00f3 trong nhi\u1ec1u th\u1eadp k\u1ef7.<\/p>\n<\/div><\/div><style type=\"text\/css\">.fusion-body .fusion-builder-column-0{width:100% !important;margin-top : 0px;margin-bottom : 0px;}.fusion-builder-column-0 > .fusion-column-wrapper {padding-top : 0px !important;padding-right : 0px !important;margin-right : 1.92%;padding-bottom : 0px !important;padding-left : 0px !important;margin-left : 1.92%;}@media only screen and (max-width:1024px) {.fusion-body .fusion-builder-column-0{width:100% !important;}.fusion-builder-column-0 > .fusion-column-wrapper {margin-right : 1.92%;margin-left : 1.92%;}}@media only screen and (max-width:640px) {.fusion-body .fusion-builder-column-0{width:100% !important;}.fusion-builder-column-0 > .fusion-column-wrapper {margin-right : 1.92%;margin-left : 1.92%;}}<\/style><\/div><\/div><style type=\"text\/css\">.fusion-body .fusion-flex-container.fusion-builder-row-1{ padding-top : 0px;margin-top : 0px;padding-right : 0px;padding-bottom : 0px;margin-bottom : 0px;padding-left : 0px;}<\/style><\/div>\n","protected":false},"excerpt":{"rendered":"","protected":false},"author":1,"featured_media":0,"parent":0,"menu_order":2,"comment_status":"closed","ping_status":"closed","template":"","meta":{"inline_featured_image":false,"footnotes":""},"aioseo_notices":[],"_links":{"self":[{"href":"https:\/\/cancerfactfinder.org\/vi\/wp-json\/wp\/v2\/pages\/4463"}],"collection":[{"href":"https:\/\/cancerfactfinder.org\/vi\/wp-json\/wp\/v2\/pages"}],"about":[{"href":"https:\/\/cancerfactfinder.org\/vi\/wp-json\/wp\/v2\/types\/page"}],"author":[{"embeddable":true,"href":"https:\/\/cancerfactfinder.org\/vi\/wp-json\/wp\/v2\/users\/1"}],"replies":[{"embeddable":true,"href":"https:\/\/cancerfactfinder.org\/vi\/wp-json\/wp\/v2\/comments?post=4463"}],"version-history":[{"count":1,"href":"https:\/\/cancerfactfinder.org\/vi\/wp-json\/wp\/v2\/pages\/4463\/revisions"}],"predecessor-version":[{"id":4474,"href":"https:\/\/cancerfactfinder.org\/vi\/wp-json\/wp\/v2\/pages\/4463\/revisions\/4474"}],"wp:attachment":[{"href":"https:\/\/cancerfactfinder.org\/vi\/wp-json\/wp\/v2\/media?parent=4463"}],"curies":[{"name":"wp","href":"https:\/\/api.w.org\/{rel}","templated":true}]}}