{"id":4464,"date":"2022-02-03T16:37:09","date_gmt":"2022-02-03T16:37:09","guid":{"rendered":"https:\/\/cancerfactfinder.org\/doi-ngu-cua-chung-toi\/"},"modified":"2022-02-03T16:37:09","modified_gmt":"2022-02-03T16:37:09","slug":"doi-ngu-cua-chung-toi","status":"publish","type":"page","link":"https:\/\/cancerfactfinder.org\/vi\/doi-ngu-cua-chung-toi\/","title":{"rendered":"\u0110\u1ed9i ng\u0169 c\u1ee7a ch\u00fang t\u00f4i"},"content":{"rendered":"<p>\u0110\u1ed9i ng\u0169 x\u00e2y d\u1ef1ng trang Cancer FactFinder (C\u00f4ng C\u1ee5 T\u00ecm Ki\u1ebfm S\u1ef1 Th\u1eadt V\u1ec1 Ung Th\u01b0) bao g\u1ed3m c\u00e1c chuy\u00ean gia khoa h\u1ecdc c\u0169ng nh\u01b0 c\u00e1c th\u00e0nh vi\u00ean c\u1ee7a c\u1ed9ng \u0111\u1ed3ng. H\u1ecd kh\u00f4ng ph\u1ea3i l\u00e0 chuy\u00ean gia trong t\u1ea5t c\u1ea3 l\u0129nh v\u1ef1c \u0111\u01b0\u1ee3c tr\u00ecnh b\u00e0y trong FactFinder\u2014do \u0111\u00f3 \u0111\u1ed9i ng\u0169 c\u1ee7a ch\u00fang t\u00f4i g\u1ed3m nh\u1eefng ng\u01b0\u1eddi c\u00f3 chuy\u00ean m\u00f4n kh\u00e1c nhau \u0111\u1ec3 \u0111\u1ea3m b\u1ea3o ch\u00fang t\u00f4i c\u00f3 th\u1ec3 tr\u00ecnh b\u00e0y th\u00f4ng tin ch\u00ednh x\u00e1c v\u00e0 \u0111\u00e1ng tin c\u1eady v\u1ec1 nhi\u1ec1u ch\u1ee7 \u0111\u1ec1.<\/p>\n<p>C\u00e1c th\u00e0nh vi\u00ean trong nh\u00f3m \u0111\u00e3 ki\u1ec3m ch\u1ee9ng v\u00e0 ch\u1ec9nh s\u1eeda th\u00f4ng tin v\u1ec1 b\u1ec7nh ung th\u01b0 \u0111\u01b0\u1ee3c tr\u00ecnh b\u00e0y trong trang web n\u00e0y. C\u00e1c th\u00e0nh vi\u00ean nh\u00f3m bao g\u1ed3m:<\/p>\n<p>Susan Chaityn Lebovits (Boston Cancer Support (T\u1ed5 Ch\u1ee9c H\u1ed7 Tr\u1ee3 Ung Th\u01b0 t\u1ea1i Boston), Boston, MA)<br \/>\nLydia Conley (Harvard T.H. Chan School of Public Health (Tr\u01b0\u1eddng Y T\u1ebf C\u00f4ng C\u1ed9ng Harvard T.H. Chan), Boston, MA)<br \/>\nChristina Dieli-Conwright, PhD (Dana-Farber Cancer Institute (Vi\u1ec7n Nghi\u00ean C\u1ee9u Ung Th\u01b0 Dana-Farber), Boston, MA)<br \/>\nStephanie Harriston-Diggs (Community Advocate (T\u1ed5 Ch\u1ee9c V\u1eadn \u0110\u1ed9ng C\u1ed9ng \u0110\u1ed3ng), Boston, MA)<br \/>\nDanielle Kline (Yale University (\u0110\u1ea1i H\u1ecdc Yale), New Haven, CT)<br \/>\nCassie Du (Yale University (\u0110\u1ea1i H\u1ecdc Yale), New Haven, CT)<br \/>\nMatias Latorre (Boston University (\u0110\u1ea1i H\u1ecdc Boston), Boston, MA)<br \/>\nLorelei Ann Mucci, ScD (Harvard T.H. Chan School of Public Health (Tr\u01b0\u1eddng Y T\u1ebf C\u00f4ng C\u1ed9ng Harvard T.H. Chan), Boston, MA)<br \/>\nTimothy Rebbeck, PhD, T\u1ed5ng Bi\u00ean T\u1eadp (Dana-Farber Cancer Institute (Vi\u1ec7n Nghi\u00ean C\u1ee9u Ung Th\u01b0 Dana-Farber) v\u00e0 Harvard T.H. Chan School of Public Health (Tr\u01b0\u1eddng Y T\u1ebf C\u00f4ng C\u1ed9ng Harvard T.H. Chan), Boston, MA)<br \/>\nFrank Robinson (BayState Health, Springfield, MA)<br \/>\nLamont Scott (Men of Color Health Awareness (T\u1ed5 Ch\u1ee9c N\u00e2ng Cao Nh\u1eadn Th\u1ee9c v\u1ec1 S\u1ee9c Kh\u1ecfe Ng\u01b0\u1eddi Da M\u00e0u), Springfield, MA)<br \/>\nDoris Sempasa, MS (Dana-Farber\/Harvard Cancer Center (Trung T\u00e2m Ung Th\u01b0 Dana-Farber\/Harvard), Boston, MA)<br \/>\nDana-Farber Cancer Institute (Vi\u1ec7n Nghi\u00ean C\u1ee9u Ung Th\u01b0 Dana-Farber)<br \/>\nMingyang Song, MBBS ScD (Harvard T.H. Chan School of Public Health (Tr\u01b0\u1eddng Y T\u1ebf C\u00f4ng C\u1ed9ng Harvard T.H. Chan), Boston, MA)<\/p>\n<p>Qu\u00fd v\u1ecb c\u00f3 nh\u1eadn x\u00e9t v\u1ec1 c\u00e1ch ti\u1ebfp c\u1eadn c\u1ee7a ch\u00fang t\u00f4i? Qu\u00fd v\u1ecb mu\u1ed1n \u0111\u1ec1 xu\u1ea5t c\u00e1c ch\u1ee7 \u0111\u1ec1 kh\u00e1c? Qu\u00fd v\u1ecb c\u00f3 lo ng\u1ea1i v\u1ec1 nh\u1eefng th\u00f4ng tin ch\u00fang t\u00f4i cung c\u1ea5p? Vui l\u00f2ng g\u1eedi c\u00e1c \u00fd ki\u1ebfn t\u1edbi <a href=\"&#109;&#x61;&#105;&#x6c;&#116;&#x6f;:&#x63;g&#x63;p&#64;&#x68;&#115;&#x70;&#104;&#x2e;&#104;&#x61;r&#x76;a&#x72;d&#46;&#x65;&#100;&#x75;\">&#x63;&#103;c&#x70;&#x40;&#104;s&#x70;&#104;&#46;&#x68;&#x61;&#114;v&#x61;&#114;d&#x2e;&#x65;&#100;u.<\/a><\/p>\n<h2 id=\"thanks-to-our-sponsors\">Ch\u00fang t\u00f4i xin tr\u00e2n tr\u1ecdng g\u1eedi l\u1eddi c\u1ea3m \u01a1n t\u1edbi c\u00e1c \u0111\u1ed1i t\u00e1c c\u1ee7a ch\u00fang t\u00f4i<\/h2>\n<p class=\"sponsor-logos\"><a href=\"https:\/\/dana-farber.org\" target=\"_blank\" rel=\"noopener noreferrer\"><img decoding=\"async\" class=\"alignnone size-full wp-image-488\" src=\"\/wp-content\/uploads\/2022\/04\/dfci.svg\" alt=\"logo c\u1ee7a Dana-Farber Cancer Institute (Vi\u1ec7n Nghi\u00ean C\u1ee9u Ung Th\u01b0 Dana-Farber)\" width=\"247\" height=\"60\"><\/a><a href=\"https:\/\/www.dfhcc.harvard.edu\/research\/center-for-cancer-equity-and-engagement\/\" target=\"_blank\" rel=\"noopener noreferrer\"><img decoding=\"async\" width=\"273\" height=\"146\" class=\"alignnone size-full wp-image-489\" src=\"\/wp-content\/uploads\/2022\/04\/dfhcc_ccee.png\" srcset=\"\/wp-content\/uploads\/2022\/04\/dfhcc_ccee.png 1x, &#47;w&#x70;-&#x63;&#111;&#x6e;&#116;&#x65;&#110;t&#x2f;u&#x70;&#108;&#x6f;&#97;&#x64;&#115;&#x2f;&#50;0&#x32;2&#x2f;&#48;&#x34;&#47;&#x64;&#102;h&#x63;c&#x5f;&#99;&#x63;&#101;&#x65;&#64;&#x32;&#120;&#46;&#x70;n&#x67; 2x\" alt=\"logo c\u1ee7a DF\/HCC Center for Cancer Equity and Engagement (Trung T\u00e2m v\u00ec S\u1ef1 C\u00f4ng B\u1eb1ng v\u00e0 Cam K\u1ebft v\u1ec1 Ung Th\u01b0 DF\/HCC)\"><\/a><\/p>\n","protected":false},"excerpt":{"rendered":"<p>\u0110\u1ed9i ng\u0169 x\u00e2y d\u1ef1ng trang Cancer FactFinder (C\u00f4ng C\u1ee5 T\u00ecm Ki\u1ebfm S\u1ef1 Th\u1eadt V\u1ec1 Ung Th\u01b0) bao g\u1ed3m c\u00e1c chuy\u00ean gia khoa h\u1ecdc c\u0169ng nh\u01b0 c\u00e1c th\u00e0nh vi\u00ean c\u1ee7a c\u1ed9ng \u0111\u1ed3ng. H\u1ecd kh\u00f4ng ph\u1ea3i l\u00e0 chuy\u00ean gia trong t\u1ea5t c\u1ea3 l\u0129nh v\u1ef1c \u0111\u01b0\u1ee3c tr\u00ecnh b\u00e0y trong FactFinder\u2014do \u0111\u00f3 \u0111\u1ed9i ng\u0169 [&hellip;]<\/p>\n","protected":false},"author":1,"featured_media":0,"parent":0,"menu_order":3,"comment_status":"closed","ping_status":"closed","template":"","meta":{"inline_featured_image":false,"footnotes":""},"aioseo_notices":[],"_links":{"self":[{"href":"https:\/\/cancerfactfinder.org\/vi\/wp-json\/wp\/v2\/pages\/4464"}],"collection":[{"href":"https:\/\/cancerfactfinder.org\/vi\/wp-json\/wp\/v2\/pages"}],"about":[{"href":"https:\/\/cancerfactfinder.org\/vi\/wp-json\/wp\/v2\/types\/page"}],"author":[{"embeddable":true,"href":"https:\/\/cancerfactfinder.org\/vi\/wp-json\/wp\/v2\/users\/1"}],"replies":[{"embeddable":true,"href":"https:\/\/cancerfactfinder.org\/vi\/wp-json\/wp\/v2\/comments?post=4464"}],"version-history":[{"count":0,"href":"https:\/\/cancerfactfinder.org\/vi\/wp-json\/wp\/v2\/pages\/4464\/revisions"}],"wp:attachment":[{"href":"https:\/\/cancerfactfinder.org\/vi\/wp-json\/wp\/v2\/media?parent=4464"}],"curies":[{"name":"wp","href":"https:\/\/api.w.org\/{rel}","templated":true}]}}