{"id":4473,"date":"2022-02-03T16:41:14","date_gmt":"2022-02-03T16:41:14","guid":{"rendered":"https:\/\/cancerfactfinder.org\/lam-the-nao-de-kiem-tra-thong-tin-chinh-xac\/"},"modified":"2023-04-14T15:48:40","modified_gmt":"2023-04-14T15:48:40","slug":"lam-the-nao-de-kiem-tra-thong-tin-chinh-xac","status":"publish","type":"page","link":"https:\/\/cancerfactfinder.org\/vi\/lam-the-nao-de-kiem-tra-thong-tin-chinh-xac\/","title":{"rendered":"L\u00e0m th\u1ebf n\u00e0o \u0111\u1ec3 ki\u1ec3m tra th\u00f4ng tin ch\u00ednh x\u00e1c"},"content":{"rendered":"<div class=\"fusion-fullwidth fullwidth-box fusion-builder-row-1 fusion-flex-container nonhundred-percent-fullwidth non-hundred-percent-height-scrolling\" style=\"background-color: rgba(255,255,255,0);background-position: center center;background-repeat: no-repeat;border-width: 0px 0px 0px 0px;border-color:#e2e2e2;border-style:solid;\" ><div class=\"fusion-builder-row fusion-row fusion-flex-align-items-flex-start\" style=\"max-width:1456px;margin-left: calc(-4% \/ 2 );margin-right: calc(-4% \/ 2 );\"><div class=\"fusion-layout-column fusion_builder_column fusion-builder-column-0 fusion_builder_column_1_1 1_1 fusion-flex-column\"><div class=\"fusion-column-wrapper fusion-flex-justify-content-flex-start fusion-content-layout-column\" style=\"background-position:left top;background-repeat:no-repeat;-webkit-background-size:cover;-moz-background-size:cover;-o-background-size:cover;background-size:cover;padding: 0px 0px 0px 0px;\"><div class=\"fusion-text fusion-text-1\"><h2 id=\"tools-to-help-you-decide-what-\">C\u00e1c c\u00f4ng c\u1ee5 gi\u00fap qu\u00fd v\u1ecb x\u00e1c \u0111\u1ecbnh th\u00f4ng tin ch\u00ednh x\u00e1c v\u00e0 kh\u00f4ng ch\u00ednh x\u00e1c<\/h2>\n<p>C\u00f3 r\u1ea5t nhi\u1ec1u ngu\u1ed3n th\u00f4ng tin v\u1ec1 b\u1ec7nh ung th\u01b0. L\u00e0m th\u1ebf n\u00e0o \u0111\u1ec3 x\u00e1c \u0111\u1ecbnh th\u00f4ng tin n\u00e0o l\u00e0 ch\u00ednh x\u00e1c v\u00e0 kh\u00f4ng ch\u00ednh x\u00e1c? Th\u00f4ng th\u01b0\u1eddng r\u1ea5t kh\u00f3 \u0111\u1ec3 bi\u1ebft th\u00f4ng tin n\u00e0o l\u00e0 ch\u00ednh x\u00e1c v\u00e0 ngu\u1ed3n th\u00f4ng tin n\u00e0o c\u00f3 th\u1ec3 tin c\u1eady \u0111\u01b0\u1ee3c. D\u01b0\u1edbi \u0111\u00e2y l\u00e0 m\u1ed9t s\u1ed1 c\u00f4ng c\u1ee5 ch\u00fang t\u00f4i s\u1eed d\u1ee5ng \u0111\u1ec3 quy\u1ebft \u0111\u1ecbnh xem th\u00f4ng tin t\u00ecm th\u1ea5y c\u00f3 \u0111\u00e1ng tin c\u1eady hay kh\u00f4ng.<\/p>\n<h3 id=\"assessing-online-information\">Truy c\u1eadp th\u00f4ng tin tr\u00ean m\u1ea1ng<\/h3>\n<p>Ph\u01b0\u01a1ng ti\u1ec7n truy\u1ec1n th\u00f4ng x\u00e3 h\u1ed9i v\u00e0 c\u00e1c ngu\u1ed3n kh\u00e1c tr\u00ean Internet kh\u00e1c l\u00e0 nh\u1eefng t\u00e0i nguy\u00ean c\u00f3 gi\u00e1 tr\u1ecb v\u00e0 d\u1ec5 truy c\u1eadp \u0111\u1ec3 ch\u00fang ta t\u00ecm \u0111\u01b0\u1ee3c c\u00e2u tr\u1ea3 l\u1eddi cho c\u00e2u h\u1ecfi c\u1ee7a m\u00ecnh. Sau \u0111\u00e2y l\u00e0 t\u00f3m t\u1eaft nh\u1eefng \u01b0u \u0111i\u1ec3m v\u00e0 nh\u01b0\u1ee3c \u0111i\u1ec3m c\u1ee7a vi\u1ec7c s\u1eed d\u1ee5ng Internet \u0111\u1ec3 t\u00ecm hi\u1ec3u th\u00f4ng tin v\u1ec1 s\u1ee9c kh\u1ecfe:<\/p>\n<\/div><div class=\"fusion-content-boxes content-boxes columns row fusion-columns-1 fusion-columns-total-1 fusion-content-boxes-1 content-boxes-icon-with-title content-left factfinder-callout-box factfinder-table\" data-animationOffset=\"top-into-view\" style=\"margin-top:;margin-bottom:;\"><style type=\"text\/css\">.fusion-content-boxes-1 .heading .content-box-heading {color:#ffffff;}\n\t\t\t\t\t.fusion-content-boxes-1 .fusion-content-box-hover .link-area-link-icon-hover .heading .content-box-heading,\n\t\t\t\t\t.fusion-content-boxes-1 .fusion-content-box-hover .link-area-link-icon-hover .heading .heading-link .content-box-heading,\n\t\t\t\t\t.fusion-content-boxes-1 .fusion-content-box-hover .link-area-box-hover .heading .content-box-heading,\n\t\t\t\t\t.fusion-content-boxes-1 .fusion-content-box-hover .link-area-box-hover .heading .heading-link .content-box-heading,\n\t\t\t\t\t.fusion-content-boxes-1 .fusion-content-box-hover .link-area-link-icon-hover.link-area-box .fusion-read-more,\n\t\t\t\t\t.fusion-content-boxes-1 .fusion-content-box-hover .link-area-link-icon-hover.link-area-box .fusion-read-more::after,\n\t\t\t\t\t.fusion-content-boxes-1 .fusion-content-box-hover .link-area-link-icon-hover.link-area-box .fusion-read-more::before,\n\t\t\t\t\t.fusion-content-boxes-1 .fusion-content-box-hover .fusion-read-more:hover:after,\n\t\t\t\t\t.fusion-content-boxes-1 .fusion-content-box-hover .fusion-read-more:hover:before,\n\t\t\t\t\t.fusion-content-boxes-1 .fusion-content-box-hover .fusion-read-more:hover,\n\t\t\t\t\t.fusion-content-boxes-1 .fusion-content-box-hover .link-area-box-hover.link-area-box .fusion-read-more,\n\t\t\t\t\t.fusion-content-boxes-1 .fusion-content-box-hover .link-area-box-hover.link-area-box .fusion-read-more::after,\n\t\t\t\t\t.fusion-content-boxes-1 .fusion-content-box-hover .link-area-box-hover.link-area-box .fusion-read-more::before,\n\t\t\t\t\t.fusion-content-boxes-1 .fusion-content-box-hover .link-area-link-icon-hover .icon .circle-no,\n\t\t\t\t\t.fusion-content-boxes-1 .heading .heading-link:hover .content-box-heading {\n\t\t\t\t\t\tcolor: #ffffff;\n\t\t\t\t\t}\n\t\t\t\t\t.fusion-content-boxes-1 .fusion-content-box-hover .link-area-box-hover .icon .circle-no {\n\t\t\t\t\t\tcolor: #ffffff !important;\n\t\t\t\t\t}.fusion-content-boxes-1 .fusion-content-box-hover .link-area-box.link-area-box-hover .fusion-content-box-button {background: #ff632a;color: #ffffff;}.fusion-content-boxes-1 .fusion-content-box-hover .link-area-box.link-area-box-hover .fusion-content-box-button .fusion-button-text {color: #ffffff;}\n\t\t\t\t\t.fusion-content-boxes-1 .fusion-content-box-hover .link-area-link-icon-hover .heading .icon > span {\n\t\t\t\t\t\tbackground-color: #ffffff !important;\n\t\t\t\t\t}\n\t\t\t\t\t.fusion-content-boxes-1 .fusion-content-box-hover .link-area-box-hover .heading .icon > span {\n\t\t\t\t\t\tborder-color: #ffffff !important;\n\t\t\t\t\t}<\/style><div class=\"fusion-column content-box-column content-box-column content-box-column-1 col-lg-12 col-md-12 col-sm-12 fusion-content-box-hover content-box-column-last content-box-column-last-in-row\"><div class=\"col content-box-wrapper content-wrapper link-area-link-icon content-icon-wrapper-yes icon-hover-animation-fade\" style=\"background-color:rgba(255,255,255,0);\" data-animationOffset=\"top-into-view\"><div class=\"heading icon-left\"><h2 class=\"content-box-heading\" style=\"font-size:24px;line-height:29px;\">\u01afu v\u00e0 nh\u01b0\u1ee3c \u0111i\u1ec3m c\u1ee7a vi\u1ec7c s\u1eed d\u1ee5ng m\u1ea1ng x\u00e3 h\u1ed9i v\u00e0 Internet \u0111\u1ec3 bi\u1ebft th\u00f4ng tin s\u1ee9c kh\u1ecfe<\/h2><\/div><div class=\"fusion-clearfix\"><\/div><div class=\"content-container\" style=\"color:#4a4e57;\">\n<table style=\"border-collapse: collapse; width: 100%;\" border=\"1\">\n<thead>\n<tr>\n<th style=\"width: 50%;\">\u01afu \u0111i\u1ec3m<\/th>\n<th style=\"width: 50%;\">Nh\u01b0\u1ee3c \u0111i\u1ec3m<\/th>\n<\/tr>\n<\/thead>\n<tbody>\n<tr>\n<td style=\"width: 50%;\">Mang l\u1ea1i s\u1ef1 hi\u1ec3u bi\u1ebft v\u00e0 ki\u1ebfn th\u1ee9c<\/td>\n<td style=\"width: 50%;\">Th\u00f4ng tin c\u00f3 th\u1ec3 \u0111\u01b0\u1ee3c di\u1ec5n gi\u1ea3i kh\u00f4ng ch\u00ednh x\u00e1c<\/td>\n<\/tr>\n<tr>\n<td style=\"width: 50%;\">B\u1ea5t k\u1ef3 ai c\u0169ng c\u00f3 th\u1ec3 ngay l\u1eadp t\u1ee9c truy c\u1eadp tr\u1ef1c ti\u1ebfp th\u00f4ng tin<\/td>\n<td style=\"width: 50%;\">C\u00f3 th\u1ec3 h\u1ea1 th\u1ea5p gi\u00e1 tr\u1ecb c\u1ee7a s\u1ef1 gi\u00fap \u0111\u1ee1 c\u1ee7a c\u00e1c b\u00e1c s\u0129 v\u00e0 c\u00e1c nh\u00e0 cung c\u1ea5p d\u1ecbch v\u1ee5 ch\u0103m s\u00f3c s\u1ee9c kh\u1ecfe kh\u00e1c v\u00e0 ki\u1ebfn th\u1ee9c h\u1ecd c\u00f3 th\u1ec3 cung c\u1ea5p<\/td>\n<\/tr>\n<tr>\n<td style=\"width: 50%;\">Cho m\u1ecdi ng\u01b0\u1eddi bi\u1ebft c\u00e1c c\u00e1ch \u0111\u1ec3 ph\u00f2ng ng\u1eeba v\u00e0 ph\u00e1t hi\u1ec7n s\u1edbm ung th\u01b0 c\u0169ng nh\u01b0 t\u00ecm hi\u1ec3u v\u1ec1 c\u00e1c ph\u01b0\u01a1ng ph\u00e1p \u0111i\u1ec1u tr\u1ecb m\u1edbi<\/td>\n<td style=\"width: 50%;\">Th\u00f4ng tin sai l\u1ec7ch c\u00f3 th\u1ec3 d\u1eabn \u0111\u1ebfn c\u00e1c l\u1ef1a ch\u1ecdn sai l\u1ea7m v\u1ec1 l\u1ed1i s\u1ed1ng, c\u00e1ch ph\u00f2ng ng\u1eeba ho\u1eb7c \u0111i\u1ec1u tr\u1ecb v\u00e0 c\u00f3 th\u1ec3 g\u00e2y h\u1ea1i<\/td>\n<\/tr>\n<tr>\n<td style=\"width: 50%;\">Cho ph\u00e9p b\u1ec7nh nh\u00e2n t\u1ef1 ch\u1ecbu tr\u00e1ch nhi\u1ec7m vi\u1ec7c trang b\u1ecb ki\u1ebfn th\u1ee9c cho b\u1ea3n th\u00e2n<\/td>\n<td style=\"width: 50%;\">C\u00f3 th\u1ec3 t\u1ea1o ra s\u1ef1 ng\u1edd v\u1ef1c \u0111\u1ed1i v\u1edbi c\u00e1c b\u00e1c s\u0129 v\u00e0 g\u00e2y c\u0103ng th\u1eb3ng cho m\u1ed1i quan h\u1ec7 gi\u1eefa b\u1ec7nh nh\u00e2n v\u00e0 nh\u00e0 cung c\u1ea5p d\u1ecbch v\u1ee5 ch\u0103m s\u00f3c s\u1ee9c kh\u1ecfe c\u1ee7a h\u1ecd<\/td>\n<\/tr>\n<tr>\n<td style=\"width: 50%;\">Gi\u00fap th\u00fac \u0111\u1ea9y v\u00e0 h\u1ed7 tr\u1ee3 vi\u1ec7c s\u1eed d\u1ee5ng c\u00e1c chi\u1ebfn l\u01b0\u1ee3c v\u00e0 ph\u01b0\u01a1ng ph\u00e1p \u0111i\u1ec1u tr\u1ecb ph\u00f2ng ng\u1eeba<\/td>\n<td style=\"width: 50%;\">C\u00f3 th\u1ec3 l\u00e0m t\u0103ng s\u1ef1 lo \u00e2u<\/td>\n<\/tr>\n<tr>\n<td style=\"width: 50%;\">Trao quy\u1ec1n cho b\u1ec7nh nh\u00e2n \u0111\u1ec3 trang b\u1ecb ki\u1ebfn th\u1ee9c cho nh\u1eefng ng\u01b0\u1eddi xung quanh h\u1ecd<\/td>\n<td style=\"width: 50%;\">C\u00f3 th\u1ec3 l\u00e0m lan truy\u1ec1n th\u00f4ng tin sai l\u1ec7ch<\/td>\n<\/tr>\n<\/tbody>\n<\/table>\n<p><small>Ch\u1ec9nh S\u1eeda T\u1eeb: Welch-Cline et al. The Roles of Patients&#8217; Internet Use for Cancer Information and Socioeconomic Status in Oncologist-Patient Communication, Journal of Oncology Practice, 2007.<\/small><\/p>\n<\/div><\/div><\/div><style type=\"text\/css\">\n\t\t\t\t\t\t.fusion-content-boxes-1 .fusion-content-box-hover .heading-link:hover .icon i.circle-yes,\n\t\t\t\t\t\t.fusion-content-boxes-1 .fusion-content-box-hover .link-area-box:hover .heading-link .icon i.circle-yes,\n\t\t\t\t\t\t.fusion-content-boxes-1 .fusion-content-box-hover .link-area-link-icon-hover .heading .icon i.circle-yes,\n\t\t\t\t\t\t.fusion-content-boxes-1 .fusion-content-box-hover .link-area-box-hover .heading .icon i.circle-yes {\n\t\t\t\t\t\t\tbackground-color: #ffffff !important;\n\t\t\t\t\t\t\tborder-color: #ffffff !important;\n\t\t\t\t\t\t}<\/style><div class=\"fusion-clearfix\"><\/div><\/div><div class=\"fusion-text fusion-text-2\"><h3 id=\"doing-your-own-fact-checking\">T\u1ef1 ki\u1ec3m tra t\u00ednh ch\u00ednh x\u00e1c c\u1ee7a th\u00f4ng tin<\/h3>\n<p>Qu\u00fd v\u1ecb c\u00f3 th\u1ec3 l\u00e0m th\u1ebf n\u00e0o \u0111\u1ec3 s\u00e0ng l\u1ecdc m\u1ed9t l\u01b0\u1ee3ng l\u1edbn th\u00f4ng tin v\u00e0 ch\u1ecdn ra th\u00f4ng tin ch\u00ednh x\u00e1c v\u00e0 \u0111\u00e1ng tin c\u1eady? Qu\u00fd v\u1ecb c\u00f3 th\u1ec3 xem x\u00e9t m\u1ed9t s\u1ed1 b\u01b0\u1edbc sau:<\/p>\n<p><strong>\u0110\u1ecdc nhi\u1ec1u h\u01a1n l\u00e0 ch\u1ec9 ti\u00eau \u0111\u1ec1:<\/strong> \u0110\u1ecdc to\u00e0n b\u1ed9 b\u00e0i b\u00e1o \u0111\u1ec3 t\u00ecm hi\u1ec3u n\u1ed9i dung th\u1ef1c s\u1ef1 c\u1ee7a n\u00f3. \u0110\u1eebng b\u1ecb thu h\u00fat b\u1edfi nh\u1eefng ti\u00eau \u0111\u1ec1 k\u1ecbch t\u00ednh v\u00e0 g\u00e2y s\u1ed1c.<\/p>\n<p><strong>Ki\u1ec3m tra:<\/strong><\/p>\n<p><em>T\u00e1c gi\u1ea3 b\u00e0i vi\u1ebft l\u00e0 ai?<\/em><br \/>\nT\u00e1c gi\u1ea3 c\u00f3 nh\u1eefng ch\u1ee9ng nh\u1eadn v\u00e0 danh ti\u1ebfng g\u00ec? C\u00e1c b\u00e0i vi\u1ebft kh\u00e1c c\u1ee7a t\u00e1c gi\u1ea3 l\u00e0 g\u00ec? Ai tr\u1ea3 ti\u1ec1n cho h\u1ecd? M\u1ee5c ti\u00eau c\u1ee7a h\u1ecd c\u00f3 ph\u1ea3i l\u00e0 b\u00e1n \u0111\u01b0\u1ee3c th\u1ee9 g\u00ec \u0111\u00f3 kh\u00f4ng?<\/p>\n<p><em>\u0110\u01a1n v\u1ecb n\u00e0o xu\u1ea5t b\u1ea3n b\u00e0i vi\u1ebft n\u00e0y?<\/em><br \/>\nB\u00ean ch\u1ecbu tr\u00e1ch nhi\u1ec7m v\u1ec1 th\u00f4ng tin c\u00f3 \u0111\u01b0\u1ee3c nhi\u1ec1u ng\u01b0\u1eddi bi\u1ebft \u0111\u1ebfn v\u00e0 \u0111\u01b0\u1ee3c tin c\u1eady kh\u00f4ng? Th\u00f4ng tin c\u00f3 \u0111\u1ebfn t\u1eeb m\u1ed9t c\u00f4ng ty ho\u1ea1t \u0111\u1ed9ng v\u00ec l\u1ee3i nhu\u1eadn kh\u00f4ng? (<a href=\"https:\/\/cancerfactfinder.org\/vi\/cac-nguon-thong-tin\/\">Xem danh s\u00e1ch c\u00e1c ngu\u1ed3n \u0111\u00e1ng tin c\u1eady<\/a>)<\/p>\n<p><em>B\u00e0i vi\u1ebft th\u1ec3 hi\u1ec7n m\u1ed9t th\u1ef1c t\u1ebf hay quan \u0111i\u1ec3m?<\/em><br \/>\nT\u00e1c gi\u1ea3 c\u00f3 chuy\u00ean m\u00f4n h\u1ee3p ph\u00e1p trong l\u0129nh v\u1ef1c \u0111\u00f3 v\u00e0 tr\u00ecnh b\u00e0y d\u1eef li\u1ec7u hay b\u00e0i b\u00e1o ch\u1ec9 t\u1eadp trung v\u00e0o c\u00e1c quan \u0111i\u1ec3m? B\u00e0i b\u00e1o c\u00f3 tr\u00edch d\u1eabn c\u00e1c ngu\u1ed3n \u0111\u00e1ng tin c\u1eady kh\u00f4ng? (<a href=\"https:\/\/cancerfactfinder.org\/vi\/cac-nguon-thong-tin\/\">Xem danh s\u00e1ch c\u00e1c ngu\u1ed3n \u0111\u00e1ng tin c\u1eady<\/a>)<\/p>\n<p><em>M\u1ee9c \u0111\u1ed9 c\u1eadp nh\u1eadt c\u1ee7a b\u00e0i b\u00e1o?<\/em><br \/>\nC\u00e1c b\u00e0i b\u00e1o c\u0169 h\u01a1n c\u00f3 th\u1ec3 c\u00f3 th\u00f4ng tin \u0111\u00e3 l\u1ed7i th\u1eddi. N\u1ebfu qu\u00fd v\u1ecb kh\u00f4ng ch\u1eafc ch\u1eafn, h\u00e3y t\u00ecm c\u00e1c b\u00e0i b\u00e1o g\u1ea7n \u0111\u00e2y h\u01a1n.<\/p>\n<p><em>\u0110\u00f3 c\u00f3 ph\u1ea3i l\u00e0 chi\u00eau tr\u00f2 l\u1eeba \u0111\u1ea3o kh\u00f4ng?<\/em><br \/>\nTh\u00f4ng tin c\u00f3 d\u1eabn qu\u00fd v\u1ecb \u0111\u1ebfn trang web c\u1ee7a b\u00ean th\u1ee9 ba kh\u00f4ng? H\u1ecd c\u00f3 y\u00eau c\u1ea7u qu\u00fd v\u1ecb mua th\u1ee9 g\u00ec \u0111\u00f3 ho\u1eb7c cung c\u1ea5p th\u00f4ng tin c\u00e1 nh\u00e2n kh\u00f4ng? \u0110\u00f3 l\u00e0 m\u1ed9t b\u00e0i \u0111\u0103ng \u0111\u01b0\u1ee3c t\u00e0i tr\u1ee3 hay m\u1ed9t qu\u1ea3ng c\u00e1o?<\/p>\n<p><strong>Ki\u1ec3m tra l\u1ea1i:<\/strong> X\u00e1c minh c\u00e1c tuy\u00ean b\u1ed1 trong b\u00e0i b\u00e1o b\u1eb1ng c\u00e1ch ki\u1ec3m ch\u1ee9ng v\u1edbi m\u1ed9t ngu\u1ed3n th\u00f4ng tin \u0111\u1ed9c l\u1eadp \u0111\u00e1ng tin c\u1eady th\u1ee9 hai. (<a href=\"https:\/\/cancerfactfinder.org\/vi\/cac-nguon-thong-tin\/\">Xem danh s\u00e1ch c\u00e1c ngu\u1ed3n \u0111\u00e1ng tin c\u1eady<\/a>)<\/p>\n<p><strong>Phong c\u00e1ch vi\u1ebft:<\/strong> Kh\u00f4ng \u0111\u01b0\u1ee3c c\u00f3 l\u1ed7i ng\u1eef ph\u00e1p ho\u1eb7c ch\u00ednh t\u1ea3. B\u00e0i vi\u1ebft ph\u1ea3i c\u00f3 v\u0103n phong r\u00f5 r\u00e0ng v\u00e0 \u0111\u01b0\u1ee3c bi\u00ean t\u1eadp chuy\u00ean nghi\u1ec7p.<\/p>\n<h3 id=\"the-care-checklist\">Danh s\u00e1ch ki\u1ec3m tra CARE<\/h3>\n<p>Danh s\u00e1ch ki\u1ec3m tra CARE l\u00e0 m\u1ed9t c\u00e1ch kh\u00e1c \u0111\u1ec3 x\u00e1c \u0111\u1ecbnh c\u00e1c ngu\u1ed3n th\u00f4ng tin \u0111\u00e1ng tin c\u1eady v\u00e0 kh\u00f4ng \u0111\u00e1ng tin c\u1eady:<\/p>\n<p><strong>H\u00e3y TH\u1eacN TR\u1eccNG khi xem x\u00e9t c\u00e1c th\u00f4ng tin:<\/strong><\/p>\n<\/div><div class=\"fusion-content-boxes content-boxes columns row fusion-columns-1 fusion-columns-total-4 fusion-content-boxes-2 content-boxes-timeline-vertical content-left content-boxes-timeline-layout content-boxes-icon-with-title factfinder-vert-contentbox fusion-delayed-animation\" data-animation-delay=\"350\" data-animationOffset=\"top-into-view\" style=\"margin-top:;margin-bottom:;\"><style type=\"text\/css\">.fusion-content-boxes-2 .heading .content-box-heading {color:#045593;}\n\t\t\t\t\t.fusion-content-boxes-2 .fusion-content-box-hover .link-area-link-icon-hover .heading .content-box-heading,\n\t\t\t\t\t.fusion-content-boxes-2 .fusion-content-box-hover .link-area-link-icon-hover .heading .heading-link .content-box-heading,\n\t\t\t\t\t.fusion-content-boxes-2 .fusion-content-box-hover .link-area-box-hover .heading .content-box-heading,\n\t\t\t\t\t.fusion-content-boxes-2 .fusion-content-box-hover .link-area-box-hover .heading .heading-link .content-box-heading,\n\t\t\t\t\t.fusion-content-boxes-2 .fusion-content-box-hover .link-area-link-icon-hover.link-area-box .fusion-read-more,\n\t\t\t\t\t.fusion-content-boxes-2 .fusion-content-box-hover .link-area-link-icon-hover.link-area-box .fusion-read-more::after,\n\t\t\t\t\t.fusion-content-boxes-2 .fusion-content-box-hover .link-area-link-icon-hover.link-area-box .fusion-read-more::before,\n\t\t\t\t\t.fusion-content-boxes-2 .fusion-content-box-hover .fusion-read-more:hover:after,\n\t\t\t\t\t.fusion-content-boxes-2 .fusion-content-box-hover .fusion-read-more:hover:before,\n\t\t\t\t\t.fusion-content-boxes-2 .fusion-content-box-hover .fusion-read-more:hover,\n\t\t\t\t\t.fusion-content-boxes-2 .fusion-content-box-hover .link-area-box-hover.link-area-box .fusion-read-more,\n\t\t\t\t\t.fusion-content-boxes-2 .fusion-content-box-hover .link-area-box-hover.link-area-box .fusion-read-more::after,\n\t\t\t\t\t.fusion-content-boxes-2 .fusion-content-box-hover .link-area-box-hover.link-area-box .fusion-read-more::before,\n\t\t\t\t\t.fusion-content-boxes-2 .fusion-content-box-hover .link-area-link-icon-hover .icon .circle-no,\n\t\t\t\t\t.fusion-content-boxes-2 .heading .heading-link:hover .content-box-heading {\n\t\t\t\t\t\tcolor: #045593;\n\t\t\t\t\t}\n\t\t\t\t\t.fusion-content-boxes-2 .fusion-content-box-hover .link-area-box-hover .icon .circle-no {\n\t\t\t\t\t\tcolor: #045593 !important;\n\t\t\t\t\t}.fusion-content-boxes-2 .fusion-content-box-hover .link-area-box.link-area-box-hover .fusion-content-box-button {background: #ff632a;color: #ffffff;}.fusion-content-boxes-2 .fusion-content-box-hover .link-area-box.link-area-box-hover .fusion-content-box-button .fusion-button-text {color: #ffffff;}\n\t\t\t\t\t.fusion-content-boxes-2 .fusion-content-box-hover .link-area-link-icon-hover .heading .icon > span {\n\t\t\t\t\t\tbackground-color: #045593 !important;\n\t\t\t\t\t}\n\t\t\t\t\t.fusion-content-boxes-2 .fusion-content-box-hover .link-area-box-hover .heading .icon > span {\n\t\t\t\t\t\tborder-color: #045593 !important;\n\t\t\t\t\t}<\/style><div class=\"fusion-column content-box-column content-box-column content-box-column-1 col-lg-12 col-md-12 col-sm-12 fusion-content-box-hover content-box-column-last-in-row\"><div class=\"col content-box-wrapper content-wrapper link-area-link-icon content-icon-wrapper-yes icon-hover-animation-none fusion-animated\" style=\"background-color:rgba(255,255,255,0);\" data-animationType=\"fadeIn\" data-animationDuration=\"0.25\" data-animationOffset=\"top-into-view\"><div class=\"heading icon-left\"><h3 class=\"content-box-heading\" style=\"font-size:24px;line-height:29px;\">Tuy\u00ean b\u1ed1 (Claim)<\/h3><\/div><div class=\"fusion-clearfix\"><\/div><div class=\"content-container\" style=\"color:#4a4e57;\">\n<p>Tuy\u00ean b\u1ed1 c\u00f3 v\u1ebb th\u00e1i qu\u00e1 hay kh\u00f4ng? Tuy\u00ean b\u1ed1 c\u00f3 ch\u1ee9a th\u00f4ng tin qu\u00e1 ph\u1ee9c t\u1ea1p, th\u1ea3o lu\u1eadn ch\u1ee7 y\u1ebfu v\u1ec1 c\u00e1c ph\u01b0\u01a1ng ph\u00e1p ch\u1eefa tr\u1ecb t\u1ef1 nhi\u00ean v\u00e0 m\u1ed1c th\u1eddi gian kh\u00f4ng \u0111\u00e1ng tin (kh\u00f3 m\u00e0 tin \u0111\u01b0\u1ee3c v\u00ec qu\u00e1 nhanh ch\u00f3ng) hay kh\u00f4ng?<\/p>\n<\/div><\/div><\/div><div class=\"fusion-column content-box-column content-box-column content-box-column-2 col-lg-12 col-md-12 col-sm-12 fusion-content-box-hover content-box-column-last-in-row\"><div class=\"col content-box-wrapper content-wrapper link-area-link-icon content-icon-wrapper-yes icon-hover-animation-none fusion-animated\" style=\"background-color:rgba(255,255,255,0);\" data-animationType=\"fadeIn\" data-animationDuration=\"0.25\" data-animationOffset=\"top-into-view\"><div class=\"heading icon-left\"><h3 class=\"content-box-heading\" style=\"font-size:24px;line-height:29px;\">C\u00f3 th\u1ec3 ch\u1ea5p nh\u1eadn (Acceptable)<\/h3><\/div><div class=\"fusion-clearfix\"><\/div><div class=\"content-container\" style=\"color:#4a4e57;\">\n<p>X\u00e1c minh tuy\u00ean b\u1ed1 v\u1edbi c\u00e1c ngu\u1ed3n th\u00f4ng tin uy t\u00edn kh\u00e1c. Xem qua \u0111\u1ec3 bi\u1ebft b\u00e0i vi\u1ebft c\u00f3 c\u00e1c l\u1ed7i ng\u1eef ph\u00e1p v\u00e0 ch\u00ednh t\u1ea3 kh\u00f4ng. C\u00e1c b\u00e0i b\u00e1o chuy\u00ean nghi\u1ec7p c\u00f3 v\u0103n phong r\u00f5 r\u00e0ng v\u00e0 \u0111\u01b0\u1ee3c bi\u00ean t\u1eadp chuy\u00ean nghi\u1ec7p. Trang web ho\u1eb7c b\u00e0i b\u00e1o c\u00f3 c\u1ea5u tr\u00fac kh\u00f4ng? T\u00e1c gi\u1ea3 c\u00f3 nh\u1eefng b\u00e0i vi\u1ebft uy t\u00edn kh\u00e1c kh\u00f4ng?<\/p>\n<\/div><\/div><\/div><div class=\"fusion-column content-box-column content-box-column content-box-column-3 col-lg-12 col-md-12 col-sm-12 fusion-content-box-hover content-box-column-last-in-row\"><div class=\"col content-box-wrapper content-wrapper link-area-link-icon content-icon-wrapper-yes icon-hover-animation-none fusion-animated\" style=\"background-color:rgba(255,255,255,0);\" data-animationType=\"fadeIn\" data-animationDuration=\"0.25\" data-animationOffset=\"top-into-view\"><div class=\"heading icon-left\"><h3 class=\"content-box-heading\" style=\"font-size:24px;line-height:29px;\">Y\u00eau c\u1ea7u (Request)<\/h3><\/div><div class=\"fusion-clearfix\"><\/div><div class=\"content-container\" style=\"color:#4a4e57;\">\n<p>Trang web\/ngu\u1ed3n c\u00f3 y\u00eau c\u1ea7u ng\u01b0\u1eddi \u0111\u1ecdc mua c\u00e1c s\u1ea3n ph\u1ea9m nh\u1ea5t \u0111\u1ecbnh (ch\u1eb3ng h\u1ea1n nh\u01b0 th\u1ef1c ph\u1ea9m b\u1ed5 sung, c\u00e1c lo\u1ea1i thu\u1ed1c ho\u1eb7c ph\u01b0\u01a1ng ph\u00e1p ch\u1eefa b\u1ec7nh t\u1eeb thi\u00ean nhi\u00ean), quy\u00ean g\u00f3p ho\u1eb7c thanh to\u00e1n cho trang web kh\u00f4ng? Kh\u00f4ng truy c\u1eadp c\u00e1c trang web c\u1ee7a b\u00ean th\u1ee9 ba do ngu\u1ed3n y\u00eau c\u1ea7u v\u00e0 kh\u00f4ng bao gi\u1edd cung c\u1ea5p th\u00f4ng tin c\u00e1 nh\u00e2n.<\/p>\n<\/div><\/div><\/div><div class=\"fusion-column content-box-column content-box-column content-box-column-4 col-lg-12 col-md-12 col-sm-12 fusion-content-box-hover content-box-column-last content-box-column-last-in-row\"><div class=\"col content-box-wrapper content-wrapper link-area-link-icon content-icon-wrapper-yes icon-hover-animation-none fusion-animated\" style=\"background-color:rgba(255,255,255,0);\" data-animationType=\"fadeIn\" data-animationDuration=\"0.25\" data-animationOffset=\"top-into-view\"><div class=\"heading icon-left\"><h3 class=\"content-box-heading\" style=\"font-size:24px;line-height:29px;\">B\u1eb1ng ch\u1ee9ng (Evidence)<\/h3><\/div><div class=\"fusion-clearfix\"><\/div><div class=\"content-container\" style=\"color:#4a4e57;\">\n<p>T\u00e1c gi\u1ea3 c\u00f3 x\u00e1c minh tuy\u00ean b\u1ed1 c\u1ee7a h\u1ecd b\u1eb1ng c\u00e1ch s\u1eed d\u1ee5ng c\u00e1c ngu\u1ed3n c\u00f3 uy t\u00edn kh\u00f4ng? H\u1ecd c\u00f3 tr\u00edch d\u1eabn v\u00e0 \u0111\u1ec1 c\u1eadp ngu\u1ed3n c\u1ee7a t\u1ea5t c\u1ea3 c\u00e1c th\u00f4ng tin kh\u00f4ng? (C\u00e1c ngu\u1ed3n \u0111\u00e1ng tin c\u1eady c\u00f3 th\u1ec3 k\u1ebft th\u00fac b\u1eb1ng .edu ho\u1eb7c .gov v\u00e0 bao g\u1ed3m c\u00e1c trang web c\u1ee7a b\u1ec7nh vi\u1ec7n v\u00e0 c\u00e1c trang web kh\u00e1c c\u00f3 \u0111u\u00f4i .org.)<\/p>\n<\/div><\/div><\/div><style type=\"text\/css\">\n\t\t\t\t\t\t.fusion-content-boxes-2 .fusion-content-box-hover .heading-link:hover .icon i.circle-yes,\n\t\t\t\t\t\t.fusion-content-boxes-2 .fusion-content-box-hover .link-area-box:hover .heading-link .icon i.circle-yes,\n\t\t\t\t\t\t.fusion-content-boxes-2 .fusion-content-box-hover .link-area-link-icon-hover .heading .icon i.circle-yes,\n\t\t\t\t\t\t.fusion-content-boxes-2 .fusion-content-box-hover .link-area-box-hover .heading .icon i.circle-yes {\n\t\t\t\t\t\t\tbackground-color: #045593 !important;\n\t\t\t\t\t\t\tborder-color: #045593 !important;\n\t\t\t\t\t\t}<\/style><div class=\"fusion-clearfix\"><\/div><\/div><\/div><style type=\"text\/css\">.fusion-body .fusion-builder-column-0{width:100% !important;margin-top : 0px;margin-bottom : 20px;}.fusion-builder-column-0 > .fusion-column-wrapper {padding-top : 0px !important;padding-right : 0px !important;margin-right : 1.92%;padding-bottom : 0px !important;padding-left : 0px !important;margin-left : 1.92%;}@media only screen and (max-width:1024px) {.fusion-body .fusion-builder-column-0{width:100% !important;order : 0;}.fusion-builder-column-0 > .fusion-column-wrapper {margin-right : 1.92%;margin-left : 1.92%;}}@media only screen and (max-width:640px) {.fusion-body .fusion-builder-column-0{width:100% !important;order : 0;}.fusion-builder-column-0 > .fusion-column-wrapper {margin-right : 1.92%;margin-left : 1.92%;}}<\/style><\/div><\/div><style type=\"text\/css\">.fusion-body .fusion-flex-container.fusion-builder-row-1{ padding-top : 0px;margin-top : 0px;padding-right : 0px;padding-bottom : 0px;margin-bottom : 0px;padding-left : 0px;}<\/style><\/div>\n","protected":false},"excerpt":{"rendered":"","protected":false},"author":1,"featured_media":0,"parent":0,"menu_order":4,"comment_status":"closed","ping_status":"closed","template":"","meta":{"inline_featured_image":false,"footnotes":""},"aioseo_notices":[],"_links":{"self":[{"href":"https:\/\/cancerfactfinder.org\/vi\/wp-json\/wp\/v2\/pages\/4473"}],"collection":[{"href":"https:\/\/cancerfactfinder.org\/vi\/wp-json\/wp\/v2\/pages"}],"about":[{"href":"https:\/\/cancerfactfinder.org\/vi\/wp-json\/wp\/v2\/types\/page"}],"author":[{"embeddable":true,"href":"https:\/\/cancerfactfinder.org\/vi\/wp-json\/wp\/v2\/users\/1"}],"replies":[{"embeddable":true,"href":"https:\/\/cancerfactfinder.org\/vi\/wp-json\/wp\/v2\/comments?post=4473"}],"version-history":[{"count":1,"href":"https:\/\/cancerfactfinder.org\/vi\/wp-json\/wp\/v2\/pages\/4473\/revisions"}],"predecessor-version":[{"id":4483,"href":"https:\/\/cancerfactfinder.org\/vi\/wp-json\/wp\/v2\/pages\/4473\/revisions\/4483"}],"wp:attachment":[{"href":"https:\/\/cancerfactfinder.org\/vi\/wp-json\/wp\/v2\/media?parent=4473"}],"curies":[{"name":"wp","href":"https:\/\/api.w.org\/{rel}","templated":true}]}}