{"id":4490,"date":"2022-02-03T17:13:21","date_gmt":"2022-02-03T17:13:21","guid":{"rendered":"https:\/\/cancerfactfinder.org\/cac-nguon-thong-tin\/"},"modified":"2023-04-14T15:48:40","modified_gmt":"2023-04-14T15:48:40","slug":"cac-nguon-thong-tin","status":"publish","type":"page","link":"https:\/\/cancerfactfinder.org\/vi\/cac-nguon-thong-tin\/","title":{"rendered":"C\u00e1c ngu\u1ed3n th\u00f4ng tin"},"content":{"rendered":"<div class=\"fusion-fullwidth fullwidth-box fusion-builder-row-1 fusion-flex-container nonhundred-percent-fullwidth non-hundred-percent-height-scrolling\" style=\"background-color: rgba(255,255,255,0);background-position: center center;background-repeat: no-repeat;border-width: 0px 0px 0px 0px;border-color:#e2e2e2;border-style:solid;\" ><div class=\"fusion-builder-row fusion-row fusion-flex-align-items-flex-start\" style=\"max-width:1456px;margin-left: calc(-4% \/ 2 );margin-right: calc(-4% \/ 2 );\"><div class=\"fusion-layout-column fusion_builder_column fusion-builder-column-0 fusion_builder_column_1_1 1_1 fusion-flex-column\"><div class=\"fusion-column-wrapper fusion-flex-justify-content-flex-start fusion-content-layout-column\" style=\"background-position:left top;background-repeat:no-repeat;-webkit-background-size:cover;-moz-background-size:cover;-o-background-size:cover;background-size:cover;padding: 0px 16px 0px 0px;\"><div class=\"fusion-text fusion-text-1\"><h2 id=\"links-to-reliable-sources-of-o\">\u0110\u01b0\u1eddng li\u00ean k\u1ebft \u0111\u1ebfn c\u00e1c ngu\u1ed3n th\u00f4ng tin tr\u1ef1c tuy\u1ebfn \u0111\u00e1ng tin c\u1eady v\u1ec1 ung th\u01b0<\/h2>\n<p>M\u1eb7c d\u00f9 c\u00e1c th\u00f4ng tin sai l\u1ec7ch tr\u00e0n lan tr\u00ean Internet, v\u1eabn c\u00f3 m\u1ed9t s\u1ed1 ngu\u1ed3n th\u00f4ng tin \u0111\u00e1ng tin c\u1eady v\u1ec1 b\u1ec7nh ung th\u01b0 m\u00e0 qu\u00fd v\u1ecb c\u00f3 th\u1ec3 tin t\u01b0\u1edfng. Sau \u0111\u00e2y l\u00e0 c\u00e1c ngu\u1ed3n tin y\u00eau th\u00edch c\u1ee7a ch\u00fang t\u00f4i:<\/p>\n<p><a href=\"http:\/\/www.cancer.org\" target=\"_blank\" rel=\"noopener\">American Cancer Society (Hi\u1ec7p H\u1ed9i Ung Th\u01b0 Hoa K\u1ef3)<\/a><\/p>\n<p><a href=\"http:\/\/www.cdc.gov\" target=\"_blank\" rel=\"noopener\">Centers for Disease Control and Prevention (Trung T\u00e2m Ki\u1ec3m So\u00e1t v\u00e0 Ph\u00f2ng Ng\u1eeba D\u1ecbch B\u1ec7nh)<\/a><\/p>\n<p><a href=\"http:\/\/www.aacr.org\" target=\"_blank\" rel=\"noopener\">American Associated for Cancer Research (Hi\u1ec7p H\u1ed9i Nghi\u00ean C\u1ee9u Ung Th\u01b0 Hoa K\u1ef3)<\/a><\/p>\n<p><a href=\"http:\/\/www.aicr.org\" target=\"_blank\" rel=\"noopener\">American Institute for Cancer Research (Vi\u1ec7n Nghi\u00ean C\u1ee9u Ung Th\u01b0 Hoa K\u1ef3)<\/a><\/p>\n<p><a href=\"https:\/\/www.cancerresearchuk.org\" target=\"_blank\" rel=\"noopener\">Cancer Research UK (C\u01a1 Quan Nghi\u00ean C\u1ee9u Ung Th\u01b0 V\u01b0\u01a1ng Qu\u1ed1c Anh)<\/a><\/p>\n<p><a href=\"http:\/\/www.danafarber.org\" target=\"_blank\" rel=\"noopener\">Dana-Farber Cancer Institute (Vi\u1ec7n Nghi\u00ean C\u1ee9u Ung Th\u01b0 Dana-Farber)<\/a><\/p>\n<p><a href=\"https:\/\/www.iarc.who.int\" target=\"_blank\" rel=\"noopener\">International Agency for Research on Cancer (C\u01a1 Quan Nghi\u00ean C\u1ee9u Ung Th\u01b0 Qu\u1ed1c T\u1ebf)<\/a><\/p>\n<p><a href=\"https:\/\/www.cancer.gov\" target=\"_blank\" rel=\"noopener\">National Cancer Institute (Vi\u1ec7n Ung Th\u01b0 Qu\u1ed1c Gia)<\/a><\/p>\n<p><a href=\"https:\/\/www.niehs.nih.gov\" target=\"_blank\" rel=\"noopener\">National Institute for Environmental Health Sciences (Vi\u1ec7n Khoa H\u1ecdc S\u1ee9c Kh\u1ecfe M\u00f4i Tr\u01b0\u1eddng Qu\u1ed1c Gia)<\/a><\/p>\n<p><a href=\"https:\/\/www.silentspring.org\" target=\"_blank\" rel=\"noopener\">Silent Spring Institute (Vi\u1ec7n M\u00f9a Xu\u00e2n V\u1eafng L\u1eb7ng)<\/a><\/p>\n<p><a href=\"https:\/\/www.uicc.org\" target=\"_blank\" rel=\"noopener\">Union for International Cancer Control (Li\u00ean Minh Ki\u1ec3m So\u00e1t Ung Th\u01b0 Qu\u1ed1c T\u1ebf)<\/a><\/p>\n<p><a href=\"https:\/\/www.wcrf.org\" target=\"_blank\" rel=\"noopener\">World Cancer Research Fund (Qu\u1ef9 Nghi\u00ean C\u1ee9u Ung Th\u01b0 Th\u1ebf Gi\u1edbi)<\/a><\/p>\n<h2 id=\"exposures-occupations-and-othe\">S\u1ef1 ph\u01a1i nhi\u1ec5m, ngh\u1ec1 nghi\u1ec7p v\u00e0 c\u00e1c y\u1ebfu t\u1ed1 kh\u00e1c c\u00f3 li\u00ean quan \u0111\u1ebfn ung th\u01b0<\/h2>\n<p>International Agency for Research on Cancer (C\u01a1 Quan Nghi\u00ean C\u1ee9u Ung Th\u01b0 Qu\u1ed1c T\u1ebf, IARC) l\u00e0 t\u1ed5 ch\u1ee9c x\u00e1c \u0111\u1ecbnh xem s\u1ef1 ph\u01a1i nhi\u1ec5m, c\u00e1c h\u1ee3p ch\u1ea5t, ch\u1ea5t dinh d\u01b0\u1ee1ng, ngh\u1ec1 nghi\u1ec7p v\u00e0 c\u00e1c tr\u01b0\u1eddng h\u1ee3p ph\u01a1i nhi\u1ec5m kh\u00e1c c\u00f3 kh\u1ea3 n\u0103ng d\u1eabn \u0111\u1ebfn ung th\u01b0 hay kh\u00f4ng. H\u1ecd ph\u00e2n chia c\u00e1c tr\u01b0\u1eddng h\u1ee3p ph\u01a1i nhi\u1ec5m c\u00f3 kh\u1ea3 n\u0103ng g\u00e2y ung th\u01b0 th\u00e0nh c\u00e1c nh\u00f3m d\u1ef1a tr\u00ean m\u1ee9c \u0111\u1ed9 \u0111\u00e1ng tin c\u1eady c\u1ee7a c\u00e1c b\u1eb1ng ch\u1ee9ng khoa h\u1ecdc.<\/p>\n<p>H\u1ec7 th\u1ed1ng x\u1ebfp h\u1ea1ng c\u1ee7a IARC kh\u00e1c v\u1edbi nh\u1eefng g\u00ec \u0111\u01b0\u1ee3c tr\u00ecnh b\u00e0y trong Cancer FactFinder (C\u00f4ng C\u1ee5 T\u00ecm Ki\u1ebfm S\u1ef1 Th\u1eadt V\u1ec1 Ung Th\u01b0) v\u00ec h\u1ec7 th\u1ed1ng n\u00e0y xem x\u00e9t c\u00e1c \u0111\u00e1nh gi\u00e1 khoa h\u1ecdc v\u1ec1 c\u00e1c tr\u01b0\u1eddng h\u1ee3p ph\u01a1i nhi\u1ec5m v\u00e0 ngh\u1ec1 nghi\u1ec7p c\u1ee5 th\u1ec3, trong khi FactFinder ch\u00fa tr\u1ecdng v\u00e0o s\u1ed1 l\u01b0\u1ee3ng ch\u1ee7 \u0111\u1ec1 \u00edt h\u01a1n m\u00e0 c\u00f4ng ch\u00fang c\u00f3 th\u1ec3 quan t\u00e2m, bao g\u1ed3m c\u00e1c ch\u1ee7 \u0111\u1ec1 th\u01b0\u1eddng c\u00f3 nhi\u1ec1u th\u00f4ng tin sai l\u1ec7ch.<\/p>\n<p>Th\u00f4ng tin do IARC cung c\u1ea5p c\u00f3 th\u1ec3 kh\u00f3 hi\u1ec3u \u0111\u1ed1i v\u1edbi c\u00f4ng ch\u00fang, nh\u01b0ng n\u00f3 tr\u00ecnh b\u00e0y c\u00e1c b\u1eb1ng ch\u1ee9ng t\u1ed1t nh\u1ea5t hi\u1ec7n c\u00f3 v\u1ec1 vi\u1ec7c li\u1ec7u m\u1ed9t y\u1ebfu t\u1ed1 nguy c\u01a1 ho\u1eb7c vi\u1ec7c ti\u1ebfp x\u00fac v\u1edbi m\u1ed9t ch\u1ea5t n\u00e0o \u0111\u00f3 c\u00f3 li\u00ean quan \u0111\u1ebfn ung th\u01b0 hay kh\u00f4ng. H\u1ea7u h\u1ebft c\u00e1c ch\u1ee7 \u0111\u1ec1 m\u00e0 IARC nghi\u00ean c\u1ee9u kh\u00f4ng c\u00f3 trong FactFinder.<\/p>\n<p>N\u1ebfu qu\u00fd v\u1ecb ti\u1ebfp x\u00fac v\u1edbi b\u1ea5t c\u1ee9 ch\u1ea5t n\u00e0o c\u00f3 kh\u1ea3 n\u0103ng g\u00e2y ung th\u01b0 trong danh s\u00e1ch c\u1ee7a IARC, \u0111i\u1ec1u \u0111\u00f3 kh\u00f4ng c\u00f3 ngh\u0129a l\u00e0 qu\u00fd v\u1ecb s\u1ebd b\u1ecb ung th\u01b0. \u0110i\u1ec1u \u0111\u00f3 ch\u1ec9 c\u00f3 ngh\u0129a l\u00e0 c\u00f3 b\u1eb1ng ch\u1ee9ng cho th\u1ea5y r\u1eb1ng qu\u00fd v\u1ecb c\u00f3 th\u1ec3 c\u00f3 nguy c\u01a1 m\u1eafc b\u1ec7nh ung th\u01b0 cao h\u01a1n, r\u1eb1ng ch\u00fang t\u00f4i kh\u00f4ng ch\u1eafc li\u1ec7u vi\u1ec7c ti\u1ebfp x\u00fac \u0111\u00f3 c\u00f3 g\u00e2y ra ung th\u01b0 hay kh\u00f4ng, v\u00e0 r\u1eb1ng nh\u1eefng ng\u01b0\u1eddi ti\u1ebfp x\u00fac v\u1edbi ch\u1ea5t \u0111\u00f3 c\u00f3 kh\u1ea3 n\u0103ng b\u1ecb ung th\u01b0 cao h\u01a1n so v\u1edbi nh\u1eefng ng\u01b0\u1eddi kh\u00f4ng ti\u1ebfp x\u00fac. IARC kh\u00f4ng c\u00f3 m\u1ed9t danh m\u1ee5c c\u00e1c ch\u1ea5t \u201cch\u1eafc ch\u1eafn kh\u00f4ng g\u00e2y ung th\u01b0\u201d, nh\u01b0ng c\u01a1 quan n\u00e0y c\u00f3 \u0111\u01b0a ra l\u01b0u \u00fd khi m\u1ed9t h\u00f3a ch\u1ea5t \u0111\u00e3 \u0111\u01b0\u1ee3c nghi\u00ean c\u1ee9u k\u1ef9 l\u01b0\u1ee1ng m\u00e0 kh\u00f4ng t\u00ecm th\u1ea5y b\u1eb1ng ch\u1ee9ng v\u1ec1 kh\u1ea3 n\u0103ng g\u00e2y ung th\u01b0.<\/p>\n<p>Vi\u1ec7c ti\u1ebfp x\u00fac v\u1edbi m\u1ed9t ch\u1ea5t th\u01b0\u1eddng \u0111\u01b0\u1ee3c cho l\u00e0 nguy\u00ean nh\u00e2n g\u00e2y ra m\u1ed9t ho\u1eb7c nhi\u1ec1u lo\u1ea1i ung th\u01b0 c\u1ee5 th\u1ec3. V\u00ed d\u1ee5: r\u00f5 r\u00e0ng l\u00e0 h\u00fat thu\u1ed1c l\u00e1 c\u00f3 th\u1ec3 g\u00e2y ung th\u01b0 ph\u1ed5i, v\u00ec v\u1eady h\u00fat thu\u1ed1c l\u00e1 \u0111\u01b0\u1ee3c li\u1ec7t k\u00ea trong \u201cNh\u00f3m 1\u201d l\u00e0 \u201cch\u1ea5t g\u00e2y ung th\u01b0 cho ng\u01b0\u1eddi\u201d.<\/p>\n<p>C\u00f3 m\u1ed9t s\u1ed1 \u0111i\u1ec1u trong danh s\u00e1ch m\u00e0 t\u1ea5t c\u1ea3 ch\u00fang ta \u0111\u1ec1u b\u1ecb ph\u01a1i nhi\u1ec5m. V\u00ed d\u1ee5: ti\u1ebfp x\u00fac v\u1edbi \u00e1nh n\u1eafng m\u1eb7t tr\u1eddi \u0111\u01b0\u1ee3c bi\u1ebft l\u00e0 nguy\u00ean nh\u00e2n g\u00e2y ung th\u01b0 da v\u00e0 \u0111\u01b0\u1ee3c IARC li\u1ec7t k\u00ea v\u00e0o Nh\u00f3m 1. Tuy nhi\u00ean, ti\u1ebfp x\u00fac v\u1edbi \u00e1nh n\u1eafng m\u1eb7t tr\u1eddi c\u00f3 th\u1ec3 c\u00f3 m\u1ed9t s\u1ed1 l\u1ee3i \u00edch (nh\u01b0 nh\u1eadn \u0111\u1ee7 vitamin D) v\u00e0 vi\u1ec7c ra ngo\u00e0i tr\u1eddi t\u1eadp th\u1ec3 d\u1ee5c c\u0169ng c\u00f3 l\u1ee3i cho s\u1ee9c kh\u1ecfe. Do \u0111\u00f3, c\u00e1ch ph\u00e2n nh\u00f3m c\u1ee7a IARC kh\u00f4ng ph\u1ea3i l\u00e0 h\u01b0\u1edbng d\u1eabn: Ch\u00fang kh\u00f4ng cho ch\u00fang ta bi\u1ebft li\u1ec7u v\u00e0 khi n\u00e0o th\u00ec vi\u1ec7c ti\u1ebfp x\u00fac h\u1ea1n ch\u1ebf v\u1edbi nh\u1eefng th\u1ee9 trong danh s\u00e1ch c\u00f3 th\u1ec3 ch\u1ea5p nh\u1eadn \u0111\u01b0\u1ee3c. Ch\u00fang c\u0169ng kh\u00f4ng h\u01b0\u1edbng d\u1eabn cho ch\u00fang ta bi\u1ebft c\u00e1ch l\u1ef1a ch\u1ecdn \u0111\u1ec3 c\u00e2n nh\u1eafc gi\u1eefa c\u00e1c nguy c\u01a1 v\u00e0 l\u1ee3i \u00edch t\u1eeb vi\u1ec7c ti\u1ebfp x\u00fac.<\/p>\n<\/div><div class=\"fusion-content-boxes content-boxes columns row fusion-columns-1 fusion-columns-total-1 fusion-content-boxes-1 content-boxes-icon-with-title content-left factfinder-callout-box factfinder-table\" data-animationOffset=\"top-into-view\" style=\"margin-top:;margin-bottom:;\"><style type=\"text\/css\">.fusion-content-boxes-1 .heading .content-box-heading {color:#ffffff;}\n\t\t\t\t\t.fusion-content-boxes-1 .fusion-content-box-hover .link-area-link-icon-hover .heading .content-box-heading,\n\t\t\t\t\t.fusion-content-boxes-1 .fusion-content-box-hover .link-area-link-icon-hover .heading .heading-link .content-box-heading,\n\t\t\t\t\t.fusion-content-boxes-1 .fusion-content-box-hover .link-area-box-hover .heading .content-box-heading,\n\t\t\t\t\t.fusion-content-boxes-1 .fusion-content-box-hover .link-area-box-hover .heading .heading-link .content-box-heading,\n\t\t\t\t\t.fusion-content-boxes-1 .fusion-content-box-hover .link-area-link-icon-hover.link-area-box .fusion-read-more,\n\t\t\t\t\t.fusion-content-boxes-1 .fusion-content-box-hover .link-area-link-icon-hover.link-area-box .fusion-read-more::after,\n\t\t\t\t\t.fusion-content-boxes-1 .fusion-content-box-hover .link-area-link-icon-hover.link-area-box .fusion-read-more::before,\n\t\t\t\t\t.fusion-content-boxes-1 .fusion-content-box-hover .fusion-read-more:hover:after,\n\t\t\t\t\t.fusion-content-boxes-1 .fusion-content-box-hover .fusion-read-more:hover:before,\n\t\t\t\t\t.fusion-content-boxes-1 .fusion-content-box-hover .fusion-read-more:hover,\n\t\t\t\t\t.fusion-content-boxes-1 .fusion-content-box-hover .link-area-box-hover.link-area-box .fusion-read-more,\n\t\t\t\t\t.fusion-content-boxes-1 .fusion-content-box-hover .link-area-box-hover.link-area-box .fusion-read-more::after,\n\t\t\t\t\t.fusion-content-boxes-1 .fusion-content-box-hover .link-area-box-hover.link-area-box .fusion-read-more::before,\n\t\t\t\t\t.fusion-content-boxes-1 .fusion-content-box-hover .link-area-link-icon-hover .icon .circle-no,\n\t\t\t\t\t.fusion-content-boxes-1 .heading .heading-link:hover .content-box-heading {\n\t\t\t\t\t\tcolor: #ffffff;\n\t\t\t\t\t}\n\t\t\t\t\t.fusion-content-boxes-1 .fusion-content-box-hover .link-area-box-hover .icon .circle-no {\n\t\t\t\t\t\tcolor: #ffffff !important;\n\t\t\t\t\t}.fusion-content-boxes-1 .fusion-content-box-hover .link-area-box.link-area-box-hover .fusion-content-box-button {background: #ff632a;color: #ffffff;}.fusion-content-boxes-1 .fusion-content-box-hover .link-area-box.link-area-box-hover .fusion-content-box-button .fusion-button-text {color: #ffffff;}\n\t\t\t\t\t.fusion-content-boxes-1 .fusion-content-box-hover .link-area-link-icon-hover .heading .icon > span {\n\t\t\t\t\t\tbackground-color: #ffffff !important;\n\t\t\t\t\t}\n\t\t\t\t\t.fusion-content-boxes-1 .fusion-content-box-hover .link-area-box-hover .heading .icon > span {\n\t\t\t\t\t\tborder-color: #ffffff !important;\n\t\t\t\t\t}<\/style><div class=\"fusion-column content-box-column content-box-column content-box-column-1 col-lg-12 col-md-12 col-sm-12 fusion-content-box-hover content-box-column-last content-box-column-last-in-row\"><div class=\"col content-box-wrapper content-wrapper link-area-link-icon content-icon-wrapper-yes icon-hover-animation-fade\" style=\"background-color:rgba(255,255,255,0);\" data-animationOffset=\"top-into-view\"><div class=\"heading icon-left\"><h2 class=\"content-box-heading\" style=\"font-size:24px;line-height:29px;\">H\u1ec7 th\u1ed1ng x\u1ebfp h\u1ea1ng ch\u1ea5t g\u00e2y ung th\u01b0 c\u1ee7a International Agency for Research on Cancer (C\u01a1 Quan Nghi\u00ean C\u1ee9u Ung Th\u01b0 Qu\u1ed1c T\u1ebf) <\/h2><\/div><div class=\"fusion-clearfix\"><\/div><div class=\"content-container\" style=\"color:#4a4e57;\">\n<table style=\"border-collapse: collapse; width: 100%;\" border=\"1\">\n<thead>\n<tr>\n<th style=\"width: 10%;\">Nh\u00f3m IARC<\/th>\n<th style=\"width: 10%;\">\u0110\u1ecbnh ngh\u0129a IARC<\/th>\n<th style=\"width: 20%;\">S\u1ed1 l\u01b0\u1ee3ng m\u1ee5c m\u1ed7i nh\u00f3m<\/th>\n<th style=\"width: 30%;\">\u0110i\u1ec1u \u0111\u00f3 c\u00f3 ngh\u0129a l\u00e0 g\u00ec<\/th>\n<th style=\"width: 30%;\">V\u00ed d\u1ee5<\/th>\n<\/tr>\n<\/thead>\n<tbody>\n<tr>\n<td style=\"width: 10%;\">1<\/td>\n<td style=\"width: 10%;\">G\u00e2y ung th\u01b0 cho ng\u01b0\u1eddi<\/td>\n<td style=\"width: 20%;\">121<\/td>\n<td style=\"width: 30%;\">H\u1ea1n ch\u1ebf ti\u1ebfp x\u00fac v\u1edbi nh\u1eefng th\u1ee9 n\u00e0y \u0111\u1ec3 l\u00e0m gi\u1ea3m nguy c\u01a1 m\u1eafc ung th\u01b0.<\/td>\n<td style=\"width: 30%;\">S\u1eed d\u1ee5ng \u0111\u1ed3 u\u1ed1ng c\u00f3 c\u1ed3n, kh\u00ed th\u1ea3i d\u1ea7u diesel, ti\u1ebfp x\u00fac v\u1edbi \u00e1nh n\u1eafng m\u1eb7t tr\u1eddi, \u00f4 nhi\u1ec5m kh\u00f4ng kh\u00ed, benzen, nhi\u1ec5m vi-r\u00fat HPV, h\u00fat thu\u1ed1c l\u00e1 v\u00e0 s\u1eed d\u1ee5ng thu\u1ed1c l\u00e1 kh\u00f4ng kh\u00f3i<\/td>\n<\/tr>\n<tr>\n<td style=\"width: 10%;\">2A<\/td>\n<td style=\"width: 10%;\">C\u00f3 kh\u1ea3 n\u0103ng g\u00e2y ung th\u01b0 cho ng\u01b0\u1eddi<\/td>\n<td style=\"width: 20%;\">90<\/td>\n<td style=\"width: 30%;\">Ti\u1ebfp x\u00fac v\u1edbi th\u1ee9 n\u00e0y c\u00f3 th\u1ec3 g\u00e2y ung th\u01b0.<\/td>\n<td style=\"width: 30%;\">\u0102n th\u1ecbt \u0111\u1ecf, l\u00e0m vi\u1ec7c ca \u0111\u00eam, glyphosate (G\u1ed9p L\u1ea1i)<\/td>\n<\/tr>\n<tr>\n<td style=\"width: 10%;\">2B<\/td>\n<td style=\"width: 10%;\">C\u00f3 kh\u1ea3 n\u0103ng g\u00e2y ung th\u01b0 cho ng\u01b0\u1eddi<\/td>\n<td style=\"width: 20%;\">322<\/td>\n<td style=\"width: 30%;\">C\u00f3 m\u1ed9t s\u1ed1 b\u1eb1ng ch\u1ee9ng cho th\u1ea5y nh\u1eefng \u0111i\u1ec1u n\u00e0y g\u00e2y ung th\u01b0, nh\u01b0ng d\u1eef li\u1ec7u v\u1eabn ch\u01b0a mang t\u00ednh quy\u1ebft \u0111\u1ecbnh.<\/td>\n<td style=\"width: 30%;\">X\u0103ng, nhi\u00ean li\u1ec7u d\u1ea7u diesel h\u00e0ng h\u1ea3i, ngh\u1ec1 l\u00ednh c\u1ee9u h\u1ecfa, ngh\u1ec1 gi\u1eb7t kh\u00f4<\/td>\n<\/tr>\n<tr>\n<td style=\"width: 10%;\">3<\/td>\n<td style=\"width: 10%;\">Kh\u00f4ng th\u1ec3 ph\u00e2n lo\u1ea1i v\u1ec1 kh\u1ea3 n\u0103ng g\u00e2y ung th\u01b0 cho ng\u01b0\u1eddi<\/td>\n<td style=\"width: 20%;\">498<\/td>\n<td style=\"width: 30%;\">Hi\u1ec7n v\u1eabn ch\u01b0a c\u00f3 \u0111\u1ee7 b\u1eb1ng ch\u1ee9ng \u0111\u1ec3 kh\u1eb3ng \u0111\u1ecbnh r\u1eb1ng nh\u1eefng \u0111i\u1ec1u n\u00e0y c\u00f3 g\u00e2y ung th\u01b0 hay kh\u00f4ng. C\u00f3 th\u1ec3 c\u00f3 b\u1eb1ng ch\u1ee9ng cho th\u1ea5y vi\u1ec7c ti\u1ebfp x\u00fac v\u1edbi nh\u1eefng \u0111i\u1ec1u n\u00e0y kh\u00f4ng g\u00e2y ung th\u01b0, ho\u1eb7c th\u1eadm ch\u00ed l\u00e0m gi\u1ea3m nguy c\u01a1 m\u1eafc m\u1ed9t s\u1ed1 b\u1ec7nh ung th\u01b0 (nh\u01b0 u\u1ed1ng c\u00e0 ph\u00ea). C\u1ea7n c\u00f3 th\u00eam c\u00e1c nghi\u00ean c\u1ee9u \u0111\u1ec3 \u0111\u01b0a ra k\u1ebft lu\u1eadn cu\u1ed1i c\u00f9ng\u2014-v\u00e0 ch\u01b0a c\u00f3 \u0111\u1ee7 b\u1eb1ng ch\u1ee9ng \u0111\u1ec3 qu\u00fd v\u1ecb c\u1ea7n ph\u1ea3i thay \u0111\u1ed5i l\u1ed1i s\u1ed1ng c\u1ee7a m\u00ecnh.<\/td>\n<td style=\"width: 30%;\">S\u1ea3n ph\u1ea9m nhu\u1ed9m t\u00f3c t\u1ea1i nh\u00e0, u\u1ed1ng c\u00e0 ph\u00ea, caffeine, n\u01b0\u1edbc u\u1ed1ng c\u00f3 clo, tr\u00e0, mu\u1ed1i \u0103n, \u00e1nh s\u00e1ng \u0111\u00e8n hu\u1ef3nh quang<\/td>\n<\/tr>\n<\/tbody>\n<\/table>\n<p><strong><a href=\"https:\/\/monographs.iarc.who.int\/agents-classified-by-the-iarc\/\" target=\"_blank\" rel=\"noopener\">Xem danh s\u00e1ch \u0111\u1ea7y \u0111\u1ee7 c\u00e1c ch\u1ea5t g\u00e2y ung th\u01b0 c\u1ee7a IARC <\/a><\/strong><\/p>\n<\/div><\/div><\/div><style type=\"text\/css\">\n\t\t\t\t\t\t.fusion-content-boxes-1 .fusion-content-box-hover .heading-link:hover .icon i.circle-yes,\n\t\t\t\t\t\t.fusion-content-boxes-1 .fusion-content-box-hover .link-area-box:hover .heading-link .icon i.circle-yes,\n\t\t\t\t\t\t.fusion-content-boxes-1 .fusion-content-box-hover .link-area-link-icon-hover .heading .icon i.circle-yes,\n\t\t\t\t\t\t.fusion-content-boxes-1 .fusion-content-box-hover .link-area-box-hover .heading .icon i.circle-yes {\n\t\t\t\t\t\t\tbackground-color: #ffffff !important;\n\t\t\t\t\t\t\tborder-color: #ffffff !important;\n\t\t\t\t\t\t}<\/style><div class=\"fusion-clearfix\"><\/div><\/div><\/div><style type=\"text\/css\">.fusion-body .fusion-builder-column-0{width:100% !important;margin-top : 0px;margin-bottom : 0px;}.fusion-builder-column-0 > .fusion-column-wrapper {padding-top : 0px !important;padding-right : 16px !important;margin-right : 1.92%;padding-bottom : 0px !important;padding-left : 0px !important;margin-left : 1.92%;}@media only screen and (max-width:1024px) {.fusion-body .fusion-builder-column-0{width:100% !important;order : 0;}.fusion-builder-column-0 > .fusion-column-wrapper {margin-right : 1.92%;margin-left : 1.92%;}}@media only screen and (max-width:640px) {.fusion-body .fusion-builder-column-0{width:100% !important;order : 0;}.fusion-builder-column-0 > .fusion-column-wrapper {margin-right : 1.92%;margin-left : 1.92%;}}<\/style><\/div><\/div><style type=\"text\/css\">.fusion-body .fusion-flex-container.fusion-builder-row-1{ padding-top : 0px;margin-top : 0px;padding-right : 0px;padding-bottom : 0px;margin-bottom : 0px;padding-left : 0px;}<\/style><\/div>\n","protected":false},"excerpt":{"rendered":"","protected":false},"author":1,"featured_media":0,"parent":0,"menu_order":5,"comment_status":"closed","ping_status":"closed","template":"","meta":{"inline_featured_image":false,"footnotes":""},"aioseo_notices":[],"_links":{"self":[{"href":"https:\/\/cancerfactfinder.org\/vi\/wp-json\/wp\/v2\/pages\/4490"}],"collection":[{"href":"https:\/\/cancerfactfinder.org\/vi\/wp-json\/wp\/v2\/pages"}],"about":[{"href":"https:\/\/cancerfactfinder.org\/vi\/wp-json\/wp\/v2\/types\/page"}],"author":[{"embeddable":true,"href":"https:\/\/cancerfactfinder.org\/vi\/wp-json\/wp\/v2\/users\/1"}],"replies":[{"embeddable":true,"href":"https:\/\/cancerfactfinder.org\/vi\/wp-json\/wp\/v2\/comments?post=4490"}],"version-history":[{"count":1,"href":"https:\/\/cancerfactfinder.org\/vi\/wp-json\/wp\/v2\/pages\/4490\/revisions"}],"predecessor-version":[{"id":4497,"href":"https:\/\/cancerfactfinder.org\/vi\/wp-json\/wp\/v2\/pages\/4490\/revisions\/4497"}],"wp:attachment":[{"href":"https:\/\/cancerfactfinder.org\/vi\/wp-json\/wp\/v2\/media?parent=4490"}],"curies":[{"name":"wp","href":"https:\/\/api.w.org\/{rel}","templated":true}]}}